{"id":10,"date":"2018-08-16T09:31:33","date_gmt":"2018-08-16T07:31:33","guid":{"rendered":"http:\/\/mazet-st-voy.com\/?page_id=10"},"modified":"2018-08-17T12:59:31","modified_gmt":"2018-08-17T10:59:31","slug":"vie-municipale","status":"publish","type":"page","link":"https:\/\/mazet-st-voy.com\/?page_id=10","title":{"rendered":"Vie municipale"},"content":{"rendered":"<p><span style=\"background-color: #ff6600;\"><img data-recalc-dims=\"1\" loading=\"lazy\" decoding=\"async\" class=\"alignnone size-medium wp-image-276 aligncenter\" src=\"https:\/\/i0.wp.com\/mazet-st-voy.com\/wp-content\/uploads\/2018\/08\/les_elus-mazt-st-voy-300x199.jpg?resize=300%2C199\" alt=\"\" width=\"300\" height=\"199\"><\/span><\/p>\n","protected":false},"excerpt":{"rendered":"","protected":false},"author":1,"featured_media":0,"parent":0,"menu_order":0,"comment_status":"closed","ping_status":"closed","template":"","meta":{"ngg_post_thumbnail":0,"footnotes":""},"class_list":["post-10","page","type-page","status-publish","hentry","entry"],"aioseo_notices":[],"jetpack_shortlink":"https:\/\/wp.me\/PadW9w-a","jetpack_sharing_enabled":true,"jetpack-related-posts":[{"id":707,"url":"https:\/\/mazet-st-voy.com\/?page_id=707","url_meta":{"origin":10,"position":0},"title":"Vie pratique \/ N\u00b0 utiles","author":"admin9404","date":"22 ao\u00fbt 2018","format":false,"excerpt":"VIE PRATIQUE \/ N\u00b0 UTILES Office du Tourisme : 04 71\u00a065 07 32 lemazet@ot-hautlignon.com \u00a0 \u00a0www.ot-hautlignon.com Biblioth\u00e8que municipale : \u00a0 \u00a0 \u00a0 \u00a0\u00a0 04 71 65 09 10 mercredi : \u00a014 h - 18 h. jeudi : \u00a010 h - 12 h. vendredi : 15 h - 18 h. samedi\u2026","rel":"","context":"Article similaire","block_context":{"text":"Article similaire","link":""},"img":{"alt_text":"","src":"","width":0,"height":0},"classes":[]},{"id":20,"url":"https:\/\/mazet-st-voy.com\/?page_id=20","url_meta":{"origin":10,"position":1},"title":"Culture et vie associative","author":"admin9404","date":"16 ao\u00fbt 2018","format":false,"excerpt":"","rel":"","context":"Article similaire","block_context":{"text":"Article similaire","link":""},"img":{"alt_text":"","src":"","width":0,"height":0},"classes":[]},{"id":1234,"url":"https:\/\/mazet-st-voy.com\/?page_id=1234","url_meta":{"origin":10,"position":2},"title":"Les \u00c9lus et leurs Permanences","author":"admin9404","date":"28 ao\u00fbt 2018","format":false,"excerpt":"\u00a0 MAIRIE\u00a0 1, place de la Mairie - 43520 le Mazet-St-Voy T\u00e9l. : 04 71 65 01 09 Email : mairie@mazet-st-voy.com ACC\u00c8S HORAIRES D'OUVERTURE :\u00a0 mardi et jeudi : 8h-12h \/ 14h-18h mercredi et vendredi : 8h-12h samedi : 8h-12h\u00a0 \u00a0 LES \u00c9LUS ET LEURS PERMANENCES Liste du conseil municipal:\u2026","rel":"","context":"Article similaire","block_context":{"text":"Article similaire","link":""},"img":{"alt_text":"","src":"https:\/\/i0.wp.com\/mazet-st-voy.com\/wp-content\/uploads\/2020\/09\/photo-officielle-mairie-JPEG-scaled.jpg?resize=350%2C200&ssl=1","width":350,"height":200,"srcset":"https:\/\/i0.wp.com\/mazet-st-voy.com\/wp-content\/uploads\/2020\/09\/photo-officielle-mairie-JPEG-scaled.jpg?resize=350%2C200&ssl=1 1x, https:\/\/i0.wp.com\/mazet-st-voy.com\/wp-content\/uploads\/2020\/09\/photo-officielle-mairie-JPEG-scaled.jpg?resize=525%2C300&ssl=1 1.5x, https:\/\/i0.wp.com\/mazet-st-voy.com\/wp-content\/uploads\/2020\/09\/photo-officielle-mairie-JPEG-scaled.jpg?resize=700%2C400&ssl=1 2x, https:\/\/i0.wp.com\/mazet-st-voy.com\/wp-content\/uploads\/2020\/09\/photo-officielle-mairie-JPEG-scaled.jpg?resize=1050%2C600&ssl=1 3x, https:\/\/i0.wp.com\/mazet-st-voy.com\/wp-content\/uploads\/2020\/09\/photo-officielle-mairie-JPEG-scaled.jpg?resize=1400%2C800&ssl=1 4x"},"classes":[]},{"id":613,"url":"https:\/\/mazet-st-voy.com\/?page_id=613","url_meta":{"origin":10,"position":3},"title":"Associations","author":"admin9404","date":"21 ao\u00fbt 2018","format":false,"excerpt":"LE COMIT\u00c9 D'ANIMATION La Varenne - 43520 Le Mazet-St-Voy Responsable : Alain RUEL La vie associative du Mazet-St-Voy est riche et ultra dynamique. Durant toute l'ann\u00e9e, les associations locales organisent des animations vari\u00e9es : concerts, expositions, repas festifs, spectacles, manifestations sportives... ANIMATIONS R\u00c9GULI\u00c8RES :\u00a0 La Foire du Terroir :\u00a0le premier\u2026","rel":"","context":"Article similaire","block_context":{"text":"Article similaire","link":""},"img":{"alt_text":"","src":"https:\/\/i0.wp.com\/mazet-st-voy.com\/wp-content\/uploads\/2018\/08\/vie-associative-mazet-st-voy.png?resize=350%2C200&ssl=1","width":350,"height":200,"srcset":"https:\/\/i0.wp.com\/mazet-st-voy.com\/wp-content\/uploads\/2018\/08\/vie-associative-mazet-st-voy.png?resize=350%2C200&ssl=1 1x, https:\/\/i0.wp.com\/mazet-st-voy.com\/wp-content\/uploads\/2018\/08\/vie-associative-mazet-st-voy.png?resize=525%2C300&ssl=1 1.5x, https:\/\/i0.wp.com\/mazet-st-voy.com\/wp-content\/uploads\/2018\/08\/vie-associative-mazet-st-voy.png?resize=700%2C400&ssl=1 2x, https:\/\/i0.wp.com\/mazet-st-voy.com\/wp-content\/uploads\/2018\/08\/vie-associative-mazet-st-voy.png?resize=1050%2C600&ssl=1 3x, https:\/\/i0.wp.com\/mazet-st-voy.com\/wp-content\/uploads\/2018\/08\/vie-associative-mazet-st-voy.png?resize=1400%2C800&ssl=1 4x"},"classes":[]},{"id":802,"url":"https:\/\/mazet-st-voy.com\/?page_id=802","url_meta":{"origin":10,"position":4},"title":"Cantine et Garderie","author":"admin9404","date":"22 ao\u00fbt 2018","format":false,"excerpt":"LA CANTINE DU VILLAGE La cantine du Mazet est install\u00e9e dans la r\u00e9sidence du Lizieux depuis une vingtaine d\u2019ann\u00e9es. elle a un fonctionnement interg\u00e9n\u00e9rationnel c'est-\u00e0-dire que mangent dans la m\u00eame pi\u00e8ce, les enfants de l\u2019\u00e9cole, les personnes \u00e2g\u00e9es de la r\u00e9sidence et certains r\u00e9sidents de l\u2019ESAT, dans une ambiance joyeuse\u2026","rel":"","context":"Article similaire","block_context":{"text":"Article similaire","link":""},"img":{"alt_text":"","src":"","width":0,"height":0},"classes":[]},{"id":1034,"url":"https:\/\/mazet-st-voy.com\/?page_id=1034","url_meta":{"origin":10,"position":5},"title":"L&rsquo;ESAT","author":"admin9404","date":"24 ao\u00fbt 2018","format":false,"excerpt":"L'ESAT L\u2019\u00e9tablissement \u00ab\u00a0les Amis Du Plateau\u00a0\u00bb a commenc\u00e9 son activit\u00e9 le 1er janvier 1997 avec pour mission principale l\u2019accompagnement pour l\u2019insertion professionnelle et sociale avec l\u2019acquisition d\u2019un maximum d\u2019autonomie, d\u2019adultes ayant des d\u00e9ficits l\u00e9gers ou moyens. Au d\u00e9but pr\u00e9vu pour 6 personnes, L'ADP g\u00e8re aujourd\u2019hui un ESAT de 24 places\u2026","rel":"","context":"Article similaire","block_context":{"text":"Article similaire","link":""},"img":{"alt_text":"","src":"https:\/\/i0.wp.com\/mazet-st-voy.com\/wp-content\/uploads\/2018\/09\/Les-Amis-du-Plateau-.png?resize=350%2C200&ssl=1","width":350,"height":200,"srcset":"https:\/\/i0.wp.com\/mazet-st-voy.com\/wp-content\/uploads\/2018\/09\/Les-Amis-du-Plateau-.png?resize=350%2C200&ssl=1 1x, https:\/\/i0.wp.com\/mazet-st-voy.com\/wp-content\/uploads\/2018\/09\/Les-Amis-du-Plateau-.png?resize=525%2C300&ssl=1 1.5x, https:\/\/i0.wp.com\/mazet-st-voy.com\/wp-content\/uploads\/2018\/09\/Les-Amis-du-Plateau-.png?resize=700%2C400&ssl=1 2x, https:\/\/i0.wp.com\/mazet-st-voy.com\/wp-content\/uploads\/2018\/09\/Les-Amis-du-Plateau-.png?resize=1050%2C600&ssl=1 3x, https:\/\/i0.wp.com\/mazet-st-voy.com\/wp-content\/uploads\/2018\/09\/Les-Amis-du-Plateau-.png?resize=1400%2C800&ssl=1 4x"},"classes":[]}],"_links":{"self":[{"href":"https:\/\/mazet-st-voy.com\/index.php?rest_route=\/wp\/v2\/pages\/10","targetHints":{"allow":["GET"]}}],"collection":[{"href":"https:\/\/mazet-st-voy.com\/index.php?rest_route=\/wp\/v2\/pages"}],"about":[{"href":"https:\/\/mazet-st-voy.com\/index.php?rest_route=\/wp\/v2\/types\/page"}],"author":[{"embeddable":true,"href":"https:\/\/mazet-st-voy.com\/index.php?rest_route=\/wp\/v2\/users\/1"}],"replies":[{"embeddable":true,"href":"https:\/\/mazet-st-voy.com\/index.php?rest_route=%2Fwp%2Fv2%2Fcomments&post=10"}],"version-history":[{"count":4,"href":"https:\/\/mazet-st-voy.com\/index.php?rest_route=\/wp\/v2\/pages\/10\/revisions"}],"predecessor-version":[{"id":277,"href":"https:\/\/mazet-st-voy.com\/index.php?rest_route=\/wp\/v2\/pages\/10\/revisions\/277"}],"wp:attachment":[{"href":"https:\/\/mazet-st-voy.com\/index.php?rest_route=%2Fwp%2Fv2%2Fmedia&parent=10"}],"curies":[{"name":"wp","href":"https:\/\/api.w.org\/{rel}","templated":true}]}}