{"id":1034,"date":"2018-08-24T10:41:34","date_gmt":"2018-08-24T08:41:34","guid":{"rendered":"https:\/\/mazet-st-voy.com\/?page_id=1034"},"modified":"2026-04-22T17:50:23","modified_gmt":"2026-04-22T15:50:23","slug":"lesat","status":"publish","type":"page","link":"https:\/\/mazet-st-voy.com\/?page_id=1034","title":{"rendered":"L&rsquo;ESAT"},"content":{"rendered":"<h1><span style=\"text-decoration: underline; color: #db0766;\">L&rsquo;ESAT<\/span><\/h1>\n<p style=\"text-align: justify;\">L\u2019\u00e9tablissement <span style=\"color: #db0766;\"><strong>\u00ab&nbsp;les Amis Du Plateau&nbsp;\u00bb<\/strong><\/span> a commenc\u00e9 son activit\u00e9 le 1er janvier 1997 avec pour mission principale <strong>l\u2019accompagnement pour l\u2019insertion professionnelle et sociale avec l\u2019acquisition d\u2019un maximum d\u2019autonomie, d\u2019adultes ayant des d\u00e9ficits l\u00e9gers ou moyens.<\/strong><br \/>\nAu d\u00e9but pr\u00e9vu pour 6 personnes, L&rsquo;ADP g\u00e8re aujourd\u2019hui un <span style=\"color: #db0766;\"><strong>ESAT de 24 places<\/strong><\/span> pour des personnes avec un projet d\u2019insertion.<br \/>\nL\u2019\u00e9tablissement fournit un travail adapt\u00e9 aux comp\u00e9tences, potentialit\u00e9s et int\u00e9r\u00eats de chacun. Les activit\u00e9s de production sont de deux types qui ont en commun la n\u00e9cessaire formation aux exigences modernes de production&nbsp;:<\/p>\n<ul style=\"text-align: justify;\">\n<li>Les activit\u00e9s d\u2019un ESAT traditionnel avec un travail de sous-traitance<\/li>\n<li>Les Patrons d&rsquo;accueil<\/li>\n<\/ul>\n<p style=\"text-align: justify;\">L\u2019\u00e9tablissement est comp\u00e9t\u00e9 par un <strong>SAVS<\/strong> (service d&rsquo;accompagnement \u00e0 la vie sociale) pour des personnes porteuses de handicap que le service accompagne vers le milieu ordinaire du travail et vers une autonomie sociale.<br \/>\n<strong>L\u2019association dispose d&rsquo;un lieu d\u2019h\u00e9bergement collectif<\/strong> dit \u00ab appartement \u00e9cole \u00bb situ\u00e9 dans le complexe social \u00ab\u00a0La R\u00e9sidence du Lizieux\u00a0\u00bb qui offre l\u2019avantage de rassembler en un m\u00eame lieu des appartements en R\u00e9sidence pour personnes \u00e2g\u00e9es, et des studios individuels d\u2019application.<\/p>\n<ul>\n<li>Resp :<span style=\"color: #db0766;\"> <strong>Alain ALBA<\/strong><\/span><\/li>\n<li>40 Rte de la Costette &#8211; Z.A. La Mion &#8211; 43520 LE MAZET-SAINT-VOY<\/li>\n<li><strong>Tel : <span style=\"color: #db0766;\">04 71 65 07 68<\/span><\/strong><\/li>\n<li><span style=\"color: #f21182;\"><span style=\"color: #db0766;\"><strong><span style=\"color: #000000;\">Email :<\/span>&nbsp;<\/strong><\/span><a href=\"mailto:contact@lesamisduplateau.com\" target=\"_blank\" rel=\"noopener\"><span style=\"color: #db0766;\">c<\/span><span style=\"color: #db0766;\">ontact@lesamisduplateau.com<\/span><\/a><\/span><\/li>\n<\/ul>\n<p style=\"text-align: center;\"><a href=\"http:\/\/www.lesamisduplateau.com\"><span style=\"color: #f2074a;\">VOIR LE SITE INTERNET<\/span><\/a><\/p>\n<p><img data-recalc-dims=\"1\" loading=\"lazy\" decoding=\"async\" class=\"alignnone size-full wp-image-1744\" src=\"https:\/\/i0.wp.com\/mazet-st-voy.com\/wp-content\/uploads\/2018\/09\/Les-Amis-du-Plateau-.png?resize=1200%2C564&#038;ssl=1\" alt=\"\" width=\"1200\" height=\"564\" srcset=\"https:\/\/i0.wp.com\/mazet-st-voy.com\/wp-content\/uploads\/2018\/09\/Les-Amis-du-Plateau-.png?w=1668&amp;ssl=1 1668w, https:\/\/i0.wp.com\/mazet-st-voy.com\/wp-content\/uploads\/2018\/09\/Les-Amis-du-Plateau-.png?resize=300%2C141&amp;ssl=1 300w, https:\/\/i0.wp.com\/mazet-st-voy.com\/wp-content\/uploads\/2018\/09\/Les-Amis-du-Plateau-.png?resize=768%2C361&amp;ssl=1 768w, https:\/\/i0.wp.com\/mazet-st-voy.com\/wp-content\/uploads\/2018\/09\/Les-Amis-du-Plateau-.png?resize=1024%2C481&amp;ssl=1 1024w\" sizes=\"auto, (max-width: 1200px) 100vw, 1200px\" \/><\/p>\n<p>&nbsp;<\/p>\n","protected":false},"excerpt":{"rendered":"<p>L&rsquo;ESAT L\u2019\u00e9tablissement \u00ab&nbsp;les Amis Du Plateau&nbsp;\u00bb a commenc\u00e9 son activit\u00e9 le 1er janvier 1997 avec pour mission principale l\u2019accompagnement pour l\u2019insertion professionnelle et sociale avec l\u2019acquisition d\u2019un maximum d\u2019autonomie, d\u2019adultes ayant des d\u00e9ficits l\u00e9gers ou moyens. Au d\u00e9but pr\u00e9vu pour 6 personnes, L&rsquo;ADP g\u00e8re aujourd\u2019hui un ESAT de 24 places pour des personnes avec un [&hellip;]<\/p>\n","protected":false},"author":1,"featured_media":0,"parent":0,"menu_order":0,"comment_status":"closed","ping_status":"closed","template":"","meta":{"ngg_post_thumbnail":0,"footnotes":""},"class_list":["post-1034","page","type-page","status-publish","hentry","entry"],"aioseo_notices":[],"jetpack_shortlink":"https:\/\/wp.me\/PadW9w-gG","jetpack_sharing_enabled":true,"jetpack-related-posts":[{"id":802,"url":"https:\/\/mazet-st-voy.com\/?page_id=802","url_meta":{"origin":1034,"position":0},"title":"Cantine et Garderie","author":"admin9404","date":"22 ao\u00fbt 2018","format":false,"excerpt":"LA CANTINE DU VILLAGE La cantine du Mazet est install\u00e9e dans la r\u00e9sidence du Lizieux depuis une vingtaine d\u2019ann\u00e9es. elle a un fonctionnement interg\u00e9n\u00e9rationnel c'est-\u00e0-dire que mangent dans la m\u00eame pi\u00e8ce, les enfants de l\u2019\u00e9cole, les personnes \u00e2g\u00e9es de la r\u00e9sidence et certains r\u00e9sidents de l\u2019ESAT, dans une ambiance joyeuse\u2026","rel":"","context":"Article similaire","block_context":{"text":"Article similaire","link":""},"img":{"alt_text":"","src":"","width":0,"height":0},"classes":[]},{"id":750,"url":"https:\/\/mazet-st-voy.com\/?page_id=750","url_meta":{"origin":1034,"position":1},"title":"R\u00e9sidence du Lizieux","author":"admin9404","date":"22 ao\u00fbt 2018","format":false,"excerpt":"LA R\u00c9SIDENCE DU LIZIEUX : La r\u00e9sidence du Lizieux construite en 1999 comporte 10 logements pour personnes \u00e2g\u00e9es, de type T2 et 4 pour les jeunes travailleurs de l\u2019ESAT (3 type T1 bis et 1 de type T6). Le taux d\u2019occupation des logements sociaux approche les 100%. La partie locative\u2026","rel":"","context":"Article similaire","block_context":{"text":"Article similaire","link":""},"img":{"alt_text":"","src":"https:\/\/i0.wp.com\/mazet-st-voy.com\/wp-content\/uploads\/2018\/09\/R%C3%A9sience-du-Lizieux.png?resize=350%2C200&ssl=1","width":350,"height":200,"srcset":"https:\/\/i0.wp.com\/mazet-st-voy.com\/wp-content\/uploads\/2018\/09\/R%C3%A9sience-du-Lizieux.png?resize=350%2C200&ssl=1 1x, https:\/\/i0.wp.com\/mazet-st-voy.com\/wp-content\/uploads\/2018\/09\/R%C3%A9sience-du-Lizieux.png?resize=525%2C300&ssl=1 1.5x, https:\/\/i0.wp.com\/mazet-st-voy.com\/wp-content\/uploads\/2018\/09\/R%C3%A9sience-du-Lizieux.png?resize=700%2C400&ssl=1 2x, https:\/\/i0.wp.com\/mazet-st-voy.com\/wp-content\/uploads\/2018\/09\/R%C3%A9sience-du-Lizieux.png?resize=1050%2C600&ssl=1 3x, https:\/\/i0.wp.com\/mazet-st-voy.com\/wp-content\/uploads\/2018\/09\/R%C3%A9sience-du-Lizieux.png?resize=1400%2C800&ssl=1 4x"},"classes":[]},{"id":603,"url":"https:\/\/mazet-st-voy.com\/?page_id=603","url_meta":{"origin":1034,"position":2},"title":"Biblioth\u00e8que","author":"admin9404","date":"21 ao\u00fbt 2018","format":false,"excerpt":"LA BIBLIOTH\u00c8QUE :\u00a0 La biblioth\u00e8que du Mazet, situ\u00e9e au dessus de la mairie, est ouverte :\u00a0 mercredi : 14 h - 18 h. jeudi : 10 h - 12 h. vendredi : 15 h - 18 h. samedi : 10 h - 12h. T\u00e9l.\u00a0: 04 71 65 09 10 FOND\u2026","rel":"","context":"Article similaire","block_context":{"text":"Article similaire","link":""},"img":{"alt_text":"","src":"https:\/\/i0.wp.com\/mazet-st-voy.com\/wp-content\/uploads\/2018\/12\/Petites-Histoires-Novembre-2018.jpg?resize=350%2C200&ssl=1","width":350,"height":200,"srcset":"https:\/\/i0.wp.com\/mazet-st-voy.com\/wp-content\/uploads\/2018\/12\/Petites-Histoires-Novembre-2018.jpg?resize=350%2C200&ssl=1 1x, https:\/\/i0.wp.com\/mazet-st-voy.com\/wp-content\/uploads\/2018\/12\/Petites-Histoires-Novembre-2018.jpg?resize=525%2C300&ssl=1 1.5x, https:\/\/i0.wp.com\/mazet-st-voy.com\/wp-content\/uploads\/2018\/12\/Petites-Histoires-Novembre-2018.jpg?resize=700%2C400&ssl=1 2x, https:\/\/i0.wp.com\/mazet-st-voy.com\/wp-content\/uploads\/2018\/12\/Petites-Histoires-Novembre-2018.jpg?resize=1050%2C600&ssl=1 3x, https:\/\/i0.wp.com\/mazet-st-voy.com\/wp-content\/uploads\/2018\/12\/Petites-Histoires-Novembre-2018.jpg?resize=1400%2C800&ssl=1 4x"},"classes":[]},{"id":624,"url":"https:\/\/mazet-st-voy.com\/?page_id=624","url_meta":{"origin":1034,"position":3},"title":"Centre de Loisirs Intercommunal","author":"admin9404","date":"21 ao\u00fbt 2018","format":false,"excerpt":"\u00a0 CENTRE DE LOISIRS INTERCOMMUNAL Le centre de loisirs intercommunal du Haut-Lignon, antenne du Mazet-Saint-Voy, accueille les enfants de 3 ans \u00e0 12 ans. Nous les accueillons pendant les vacances scolaires \u00e0 la journ\u00e9e avec repas, journ\u00e9e sans repas (matin\/apr\u00e8s-midi) ou \u00e0 la demi-journ\u00e9e. Attention\u00a0: les jours de sortie, l\u2019accueil\u2026","rel":"","context":"Article similaire","block_context":{"text":"Article similaire","link":""},"img":{"alt_text":"","src":"","width":0,"height":0},"classes":[]},{"id":620,"url":"https:\/\/mazet-st-voy.com\/?page_id=620","url_meta":{"origin":1034,"position":4},"title":"\u00c9cole Albert Camus","author":"admin9404","date":"21 ao\u00fbt 2018","format":false,"excerpt":"\u00c9COLE ALBERT CAMUS L\u2019\u00e9cole publique du Mazet, vaste et bien \u00e9quip\u00e9e (vid\u00e9o projecteurs, BCD, salle de motricit\u00e9, salle d\u2019art plastique, salle de sieste\u2026), accueille environ 80 enfants dans 4 classes. L\u2019\u00e9quipe de 4 enseignantes est renforc\u00e9e par 2 ATSEM (agents territoriaux des \u00e9coles maternelles) et une EVS (emploi vie scolaire)\u2026","rel":"","context":"Article similaire","block_context":{"text":"Article similaire","link":""},"img":{"alt_text":"","src":"","width":0,"height":0},"classes":[]},{"id":622,"url":"https:\/\/mazet-st-voy.com\/?page_id=622","url_meta":{"origin":1034,"position":5},"title":"Cr\u00e8che les Pitchounets","author":"admin9404","date":"21 ao\u00fbt 2018","format":false,"excerpt":"\u00a0 CR\u00c8CHE LES PITCHOUNETS Le multi- accueil \u00ab\u00a0Les Pitchounets\u00a0\u00bb est une association \u00e0 gestion parentale. Sous le terme multi accueil, nous regroupons les notions de cr\u00e8che, halte garderie, accueil p\u00e9riscolaire, en accueil r\u00e9gulier ou occasionnel. Une \u00e9quipe pluridisciplinaire accueille chaque jour enfants de 0 \u00e0 la veille de leurs 6\u2026","rel":"","context":"Article similaire","block_context":{"text":"Article similaire","link":""},"img":{"alt_text":"","src":"","width":0,"height":0},"classes":[]}],"_links":{"self":[{"href":"https:\/\/mazet-st-voy.com\/index.php?rest_route=\/wp\/v2\/pages\/1034","targetHints":{"allow":["GET"]}}],"collection":[{"href":"https:\/\/mazet-st-voy.com\/index.php?rest_route=\/wp\/v2\/pages"}],"about":[{"href":"https:\/\/mazet-st-voy.com\/index.php?rest_route=\/wp\/v2\/types\/page"}],"author":[{"embeddable":true,"href":"https:\/\/mazet-st-voy.com\/index.php?rest_route=\/wp\/v2\/users\/1"}],"replies":[{"embeddable":true,"href":"https:\/\/mazet-st-voy.com\/index.php?rest_route=%2Fwp%2Fv2%2Fcomments&post=1034"}],"version-history":[{"count":13,"href":"https:\/\/mazet-st-voy.com\/index.php?rest_route=\/wp\/v2\/pages\/1034\/revisions"}],"predecessor-version":[{"id":3774,"href":"https:\/\/mazet-st-voy.com\/index.php?rest_route=\/wp\/v2\/pages\/1034\/revisions\/3774"}],"wp:attachment":[{"href":"https:\/\/mazet-st-voy.com\/index.php?rest_route=%2Fwp%2Fv2%2Fmedia&parent=1034"}],"curies":[{"name":"wp","href":"https:\/\/api.w.org\/{rel}","templated":true}]}}