{"id":1069,"date":"2018-08-24T13:13:55","date_gmt":"2018-08-24T11:13:55","guid":{"rendered":"https:\/\/mazet-st-voy.com\/?page_id=1069"},"modified":"2018-09-01T11:10:19","modified_gmt":"2018-09-01T09:10:19","slug":"le-jardin-botanique-et-musee-des-outils-agricoles-anciens","status":"publish","type":"page","link":"https:\/\/mazet-st-voy.com\/?page_id=1069","title":{"rendered":"Le Jardin Botanique et Mus\u00e9e des outils agricoles anciens"},"content":{"rendered":"<h1><span style=\"text-decoration: underline; color: #db0766;\">LE JARDIN BOTANIQUE et MUS\u00c9E DES OUTILS AGRICOLES ANCIENS&nbsp;<\/span><\/h1>\n<p><strong>Acc\u00e8s par : Place des droits de l\u2019Homme \u00e0 c\u00f4t\u00e9 de la Halle Fermi\u00e8re. <span style=\"color: #db0766;\">Pour tous et gratuit.<\/span><\/strong><\/p>\n<p style=\"text-align: justify;\">C\u2019est en 1987 qu\u2019a \u00e9t\u00e9 cr\u00e9\u00e9 le Jardin botanique, sur un terrain communal inutilis\u00e9 de 1,7 hectare. Ce terrain situ\u00e9 au centre du village en bordure d\u2019un petit ruisseau \u00e0 une configuration tr\u00e8s vari\u00e9e du terrain, comportant une c\u00f4te s\u00e8che, un boqueteau d\u2019aulnes, une vaste prairie et des zones mar\u00e9cageuses, se pr\u00eatant parfaitement \u00e0 l\u2019installation d\u2019un jardin botanique. Le Jardin a donc \u00e9t\u00e9 am\u00e9nag\u00e9 progressivement depuis sa cr\u00e9ation et cela gr\u00e2ce aux efforts de la municipalit\u00e9 du Mazet qui en assure l\u2019entretien, et gr\u00e2ce aux b\u00e9n\u00e9voles de l\u2019association Environnement et Patrimoine du Mazet, \u00e0 qui est confi\u00e9e la gestion.<\/p>\n<p style=\"text-align: justify;\">Dans les parcelles ou bien l\u00e0 o\u00f9 les plantes ont pu \u00eatre individualis\u00e9es, des \u00e9tiquettes sont plac\u00e9es permettant d&rsquo;identifier les esp\u00e8ces. <strong>Un guide du visiteur (et ses additifs et corrections) est disponible \u00e0 la Halle fermi\u00e8re \u00e0 l&rsquo;entr\u00e9e du jardin.<\/strong><\/p>\nngg_shortcode_0_placeholder\n<p>&nbsp;<\/p>\n","protected":false},"excerpt":{"rendered":"<p>LE JARDIN BOTANIQUE et MUS\u00c9E DES OUTILS AGRICOLES ANCIENS&nbsp; Acc\u00e8s par : Place des droits de l\u2019Homme \u00e0 c\u00f4t\u00e9 de la Halle Fermi\u00e8re. Pour tous et gratuit. C\u2019est en 1987 qu\u2019a \u00e9t\u00e9 cr\u00e9\u00e9 le Jardin botanique, sur un terrain communal inutilis\u00e9 de 1,7 hectare. Ce terrain situ\u00e9 au centre du village en bordure d\u2019un petit [&hellip;]<\/p>\n","protected":false},"author":1,"featured_media":0,"parent":0,"menu_order":0,"comment_status":"closed","ping_status":"closed","template":"","meta":{"ngg_post_thumbnail":0,"footnotes":""},"class_list":["post-1069","page","type-page","status-publish","hentry","entry"],"aioseo_notices":[],"jetpack_shortlink":"https:\/\/wp.me\/PadW9w-hf","jetpack_sharing_enabled":true,"jetpack-related-posts":[{"id":8,"url":"https:\/\/mazet-st-voy.com\/?page_id=8","url_meta":{"origin":1069,"position":0},"title":"le Village et son territoire","author":"admin9404","date":"16 ao\u00fbt 2018","format":false,"excerpt":"LE MAZET SAINT-VOY Altitude moyenne\u00a0: 1 000 m - Population\u00a0: 1\u00a0150 habitants \u00a0 \u00a0 \u00a0 \u00a0 \u00a0 \u00a0 \u00a0NOUS \u00a0SITUER Habit\u00e9 d\u00e8s la pr\u00e9histoire comme en t\u00e9moignent divers vestiges (dolmens, menhirs, pierre \u00e0 cuvette, silex de la route de Surnette), son territoire domin\u00e9 par la ligne volcanique bleue du Lizieux\u2026","rel":"","context":"Article similaire","block_context":{"text":"Article similaire","link":""},"img":{"alt_text":"","src":"","width":0,"height":0},"classes":[]},{"id":12,"url":"https:\/\/mazet-st-voy.com\/?page_id=12","url_meta":{"origin":1069,"position":1},"title":"Agriculture","author":"admin9404","date":"16 ao\u00fbt 2018","format":false,"excerpt":"L'AGRICULTURE D'une production essentiellement laiti\u00e8re, l'activit\u00e9 agricole, encore bien vivante dans notre commune de 4502 hectares, a \u00e9volu\u00e9 pour adapter son offre \u00e0 la demande des consommateurs.\u00a0 Les exploitations se sont tourn\u00e9es vers la production de viande, les fruits rouges, le miel et la transformation fromag\u00e8re.\u00a0 Quelques unes pratiquent la\u2026","rel":"","context":"Article similaire","block_context":{"text":"Article similaire","link":""},"img":{"alt_text":"Rucher de St Voy","src":"https:\/\/i0.wp.com\/mazet-st-voy.com\/wp-content\/uploads\/2023\/05\/IMG-20230313-WA0005-copie.jpg?resize=350%2C200&ssl=1","width":350,"height":200,"srcset":"https:\/\/i0.wp.com\/mazet-st-voy.com\/wp-content\/uploads\/2023\/05\/IMG-20230313-WA0005-copie.jpg?resize=350%2C200&ssl=1 1x, https:\/\/i0.wp.com\/mazet-st-voy.com\/wp-content\/uploads\/2023\/05\/IMG-20230313-WA0005-copie.jpg?resize=525%2C300&ssl=1 1.5x, https:\/\/i0.wp.com\/mazet-st-voy.com\/wp-content\/uploads\/2023\/05\/IMG-20230313-WA0005-copie.jpg?resize=700%2C400&ssl=1 2x"},"classes":[]},{"id":2715,"url":"https:\/\/mazet-st-voy.com\/?page_id=2715","url_meta":{"origin":1069,"position":2},"title":"Le Fil d&rsquo;actualit\u00e9 de Calibert en Sc\u00e8ne","author":"admin9404","date":"2 f\u00e9vrier 2021","format":false,"excerpt":"Ce vendredi, Najat Vallaud-Belkacem , ancienne ministre et candidate de la gauche aux prochaines \u00e9lections r\u00e9gionales \u00e9tait en visite sur notre r\u00e9gion et au Calibert. C\u2019est par la salle polyvalente du Calibert que la candidate socialiste terminait, agr\u00e9ablement surprise de la qualit\u00e9 technique de la r\u00e9alisation, des performances que constituent\u2026","rel":"","context":"Article similaire","block_context":{"text":"Article similaire","link":""},"img":{"alt_text":"","src":"https:\/\/i0.wp.com\/mazet-st-voy.com\/wp-content\/uploads\/2021\/03\/2021-Mars-formation-son-Calibert4-scaled.jpg?resize=350%2C200&ssl=1","width":350,"height":200,"srcset":"https:\/\/i0.wp.com\/mazet-st-voy.com\/wp-content\/uploads\/2021\/03\/2021-Mars-formation-son-Calibert4-scaled.jpg?resize=350%2C200&ssl=1 1x, https:\/\/i0.wp.com\/mazet-st-voy.com\/wp-content\/uploads\/2021\/03\/2021-Mars-formation-son-Calibert4-scaled.jpg?resize=525%2C300&ssl=1 1.5x, https:\/\/i0.wp.com\/mazet-st-voy.com\/wp-content\/uploads\/2021\/03\/2021-Mars-formation-son-Calibert4-scaled.jpg?resize=700%2C400&ssl=1 2x, https:\/\/i0.wp.com\/mazet-st-voy.com\/wp-content\/uploads\/2021\/03\/2021-Mars-formation-son-Calibert4-scaled.jpg?resize=1050%2C600&ssl=1 3x, https:\/\/i0.wp.com\/mazet-st-voy.com\/wp-content\/uploads\/2021\/03\/2021-Mars-formation-son-Calibert4-scaled.jpg?resize=1400%2C800&ssl=1 4x"},"classes":[]},{"id":547,"url":"https:\/\/mazet-st-voy.com\/?page_id=547","url_meta":{"origin":1069,"position":3},"title":"Calibert en sc\u00e8ne","author":"admin9404","date":"21 ao\u00fbt 2018","format":false,"excerpt":"\u00a0Le mot du Pr\u00e9sident. Se mettre \u00e0 plusieurs, pour oeuvrer \u00e0 faire vivre un lieu de culture, c'est un horizon plein de saveurs, cependant l'amplitude de la t\u00e2che s'invite rapidement. Construire une programmation culturelle, amorcer la\u00a0rencontre\u00a0inviter \u00e0 la d\u00e9couverte, cela rel\u00e8ve d'un labeur\u00a0opini\u00e2tre, une gageure. Donc relevons les manches....... Lisez\u2026","rel":"","context":"Article similaire","block_context":{"text":"Article similaire","link":""},"img":{"alt_text":"","src":"https:\/\/i0.wp.com\/mazet-st-voy.com\/wp-content\/uploads\/2021\/02\/bureau-calibert-2021.png?resize=350%2C200&ssl=1","width":350,"height":200,"srcset":"https:\/\/i0.wp.com\/mazet-st-voy.com\/wp-content\/uploads\/2021\/02\/bureau-calibert-2021.png?resize=350%2C200&ssl=1 1x, https:\/\/i0.wp.com\/mazet-st-voy.com\/wp-content\/uploads\/2021\/02\/bureau-calibert-2021.png?resize=525%2C300&ssl=1 1.5x, https:\/\/i0.wp.com\/mazet-st-voy.com\/wp-content\/uploads\/2021\/02\/bureau-calibert-2021.png?resize=700%2C400&ssl=1 2x"},"classes":[]},{"id":1034,"url":"https:\/\/mazet-st-voy.com\/?page_id=1034","url_meta":{"origin":1069,"position":4},"title":"L&rsquo;ESAT","author":"admin9404","date":"24 ao\u00fbt 2018","format":false,"excerpt":"L'ESAT L\u2019\u00e9tablissement \u00ab\u00a0les Amis Du Plateau\u00a0\u00bb a commenc\u00e9 son activit\u00e9 le 1er janvier 1997 avec pour mission principale l\u2019accompagnement pour l\u2019insertion professionnelle et sociale avec l\u2019acquisition d\u2019un maximum d\u2019autonomie, d\u2019adultes ayant des d\u00e9ficits l\u00e9gers ou moyens. Au d\u00e9but pr\u00e9vu pour 6 personnes, L'ADP g\u00e8re aujourd\u2019hui un ESAT de 24 places\u2026","rel":"","context":"Article similaire","block_context":{"text":"Article similaire","link":""},"img":{"alt_text":"","src":"https:\/\/i0.wp.com\/mazet-st-voy.com\/wp-content\/uploads\/2018\/09\/Les-Amis-du-Plateau-.png?resize=350%2C200&ssl=1","width":350,"height":200,"srcset":"https:\/\/i0.wp.com\/mazet-st-voy.com\/wp-content\/uploads\/2018\/09\/Les-Amis-du-Plateau-.png?resize=350%2C200&ssl=1 1x, https:\/\/i0.wp.com\/mazet-st-voy.com\/wp-content\/uploads\/2018\/09\/Les-Amis-du-Plateau-.png?resize=525%2C300&ssl=1 1.5x, https:\/\/i0.wp.com\/mazet-st-voy.com\/wp-content\/uploads\/2018\/09\/Les-Amis-du-Plateau-.png?resize=700%2C400&ssl=1 2x, https:\/\/i0.wp.com\/mazet-st-voy.com\/wp-content\/uploads\/2018\/09\/Les-Amis-du-Plateau-.png?resize=1050%2C600&ssl=1 3x, https:\/\/i0.wp.com\/mazet-st-voy.com\/wp-content\/uploads\/2018\/09\/Les-Amis-du-Plateau-.png?resize=1400%2C800&ssl=1 4x"},"classes":[]},{"id":92,"url":"https:\/\/mazet-st-voy.com\/","url_meta":{"origin":1069,"position":5},"title":"Un territoire, un terroir&#8230;le bon-vivre ensemble","author":"admin9404","date":"16 ao\u00fbt 2018","format":false,"excerpt":"\" Le paysage qui s\u2019ouvre \u00e0 vous sur cette page Internet c\u2019est celui d\u2019une commune de moyenne montagne peupl\u00e9e aujourd\u2019hui de 1150 habitants. Elle est r\u00e9solument ouverte aux autres, tourn\u00e9e vers la modernit\u00e9 d\u00e8s lors que celle-ci se montre respectueuse de ses valeurs et de son environnement pr\u00e9serv\u00e9. L\u2019ensemble de\u2026","rel":"","context":"Article similaire","block_context":{"text":"Article similaire","link":""},"img":{"alt_text":"","src":"https:\/\/i0.wp.com\/mazet-st-voy.com\/wp-content\/uploads\/2018\/08\/visuel-accueil.jpg?resize=350%2C200&ssl=1","width":350,"height":200,"srcset":"https:\/\/i0.wp.com\/mazet-st-voy.com\/wp-content\/uploads\/2018\/08\/visuel-accueil.jpg?resize=350%2C200&ssl=1 1x, https:\/\/i0.wp.com\/mazet-st-voy.com\/wp-content\/uploads\/2018\/08\/visuel-accueil.jpg?resize=525%2C300&ssl=1 1.5x, https:\/\/i0.wp.com\/mazet-st-voy.com\/wp-content\/uploads\/2018\/08\/visuel-accueil.jpg?resize=700%2C400&ssl=1 2x, https:\/\/i0.wp.com\/mazet-st-voy.com\/wp-content\/uploads\/2018\/08\/visuel-accueil.jpg?resize=1050%2C600&ssl=1 3x, https:\/\/i0.wp.com\/mazet-st-voy.com\/wp-content\/uploads\/2018\/08\/visuel-accueil.jpg?resize=1400%2C800&ssl=1 4x"},"classes":[]}],"_links":{"self":[{"href":"https:\/\/mazet-st-voy.com\/index.php?rest_route=\/wp\/v2\/pages\/1069","targetHints":{"allow":["GET"]}}],"collection":[{"href":"https:\/\/mazet-st-voy.com\/index.php?rest_route=\/wp\/v2\/pages"}],"about":[{"href":"https:\/\/mazet-st-voy.com\/index.php?rest_route=\/wp\/v2\/types\/page"}],"author":[{"embeddable":true,"href":"https:\/\/mazet-st-voy.com\/index.php?rest_route=\/wp\/v2\/users\/1"}],"replies":[{"embeddable":true,"href":"https:\/\/mazet-st-voy.com\/index.php?rest_route=%2Fwp%2Fv2%2Fcomments&post=1069"}],"version-history":[{"count":9,"href":"https:\/\/mazet-st-voy.com\/index.php?rest_route=\/wp\/v2\/pages\/1069\/revisions"}],"predecessor-version":[{"id":1535,"href":"https:\/\/mazet-st-voy.com\/index.php?rest_route=\/wp\/v2\/pages\/1069\/revisions\/1535"}],"wp:attachment":[{"href":"https:\/\/mazet-st-voy.com\/index.php?rest_route=%2Fwp%2Fv2%2Fmedia&parent=1069"}],"curies":[{"name":"wp","href":"https:\/\/api.w.org\/{rel}","templated":true}]}}