{"id":1101,"date":"2018-08-24T13:45:04","date_gmt":"2018-08-24T11:45:04","guid":{"rendered":"https:\/\/mazet-st-voy.com\/?page_id=1101"},"modified":"2026-05-01T21:58:42","modified_gmt":"2026-05-01T19:58:42","slug":"histoire-et-patrimoine","status":"publish","type":"page","link":"https:\/\/mazet-st-voy.com\/?page_id=1101","title":{"rendered":"Histoire et Patrimoine"},"content":{"rendered":"<h1>&nbsp;<\/h1>\n<h1><span style=\"text-decoration: underline; color: #db0766;\">MUS\u00c9E \u00c9COLE DE 1900<\/span><\/h1>\n<ul>\n<li>Route du Chambon &#8211; 43520 Le Mazet-Saint-Voy<\/li>\n<li>Tel. : <span style=\"color: #db0766;\"><strong>04 71 65 01 09<\/strong><\/span><\/li>\n<li><span style=\"color: #db0766;\"><a style=\"color: #db0766;\" href=\"http:\/\/www.environnementpatrimoinemazet.fr\/m-167-ecole-1900.html\">Site internet<\/a>&nbsp;<\/span><\/li>\n<\/ul>\n<p><strong><span style=\"text-decoration: underline;\">AU PROGRAMME :&nbsp;<\/span><\/strong><\/p>\n<ul>\n<li style=\"text-align: justify;\">Visite de la reconstitution d\u2019une classe 3<sup>\u00e8me<\/sup> r\u00e9publique avec le mat\u00e9riel des \u00e9coles des hameaux.<\/li>\n<li style=\"text-align: justify;\">Ateliers de calligraphie et de dict\u00e9e.<\/li>\n<li style=\"text-align: justify;\">Visites individuelles guid\u00e9es&nbsp; sur r\u00e9servation.<\/li>\n<li style=\"text-align: justify;\">Programme de juillet et ao\u00fbt disponible \u00e0 l\u2019office de tourisme.<\/li>\n<\/ul>\nngg_shortcode_0_placeholder\n<p style=\"text-align: center;\">&nbsp;<\/p>\n<h1><span style=\"text-decoration: underline;\"><span style=\"color: #e00761; text-decoration: underline;\"><span style=\"color: #db0766; text-decoration: underline;\">TERRE D&rsquo;ACCUEIL ET DE R\u00c9SISTANCE, PATRIMOINE RELIGIEUX<\/span>&nbsp;<\/span><\/span><\/h1>\n<p><strong>Visites sur des th\u00e8mes du type :&nbsp;<\/strong><\/p>\n<ul>\n<li style=\"text-align: justify;\">Albert Camus \u00e0 Panelier<\/li>\n<li style=\"text-align: justify;\">Un hameau Monbuzat<\/li>\n<li style=\"text-align: justify;\">La Favea<\/li>\n<li style=\"text-align: justify;\">Histoire de la R\u00e9forme sur le plateau<\/li>\n<li style=\"text-align: justify;\">Temple protestant et \u00c9glise de Saint-Voy<\/li>\n<\/ul>\n<p><strong>CONTACT : &nbsp;Alain DEBARD&nbsp;<\/strong><\/p>\n<ul>\n<li style=\"text-align: justify;\"><span style=\"color: #e00761;\"><span style=\"color: #000000;\">Tel.<\/span><\/span> :&nbsp;<strong><span style=\"color: #db0766;\"> 04 71 65 88 57&nbsp;<\/span><\/strong><\/li>\n<li style=\"text-align: justify;\"><span style=\"color: #db0766;\"><a style=\"color: #db0766;\" href=\"mailto:debarda@wanadoo.fr\">debarda@wanadoo.fr<\/a><\/span><\/li>\n<\/ul>\nngg_shortcode_1_placeholder\n","protected":false},"excerpt":{"rendered":"<p>&nbsp; MUS\u00c9E \u00c9COLE DE 1900 Route du Chambon &#8211; 43520 Le Mazet-Saint-Voy Tel. : 04 71 65 01 09 Site internet&nbsp; AU PROGRAMME :&nbsp; Visite de la reconstitution d\u2019une classe 3\u00e8me r\u00e9publique avec le mat\u00e9riel des \u00e9coles des hameaux. Ateliers de calligraphie et de dict\u00e9e. Visites individuelles guid\u00e9es&nbsp; sur r\u00e9servation. Programme de juillet et ao\u00fbt [&hellip;]<\/p>\n","protected":false},"author":1,"featured_media":0,"parent":0,"menu_order":0,"comment_status":"closed","ping_status":"closed","template":"","meta":{"ngg_post_thumbnail":0,"footnotes":""},"class_list":["post-1101","page","type-page","status-publish","hentry","entry"],"aioseo_notices":[],"jetpack_shortlink":"https:\/\/wp.me\/PadW9w-hL","jetpack_sharing_enabled":true,"jetpack-related-posts":[{"id":624,"url":"https:\/\/mazet-st-voy.com\/?page_id=624","url_meta":{"origin":1101,"position":0},"title":"Centre de Loisirs Intercommunal","author":"admin9404","date":"21 ao\u00fbt 2018","format":false,"excerpt":"\u00a0 CENTRE DE LOISIRS INTERCOMMUNAL Le centre de loisirs intercommunal du Haut-Lignon, antenne du Mazet-Saint-Voy, accueille les enfants de 3 ans \u00e0 12 ans. Nous les accueillons pendant les vacances scolaires \u00e0 la journ\u00e9e avec repas, journ\u00e9e sans repas (matin\/apr\u00e8s-midi) ou \u00e0 la demi-journ\u00e9e. Attention\u00a0: les jours de sortie, l\u2019accueil\u2026","rel":"","context":"Article similaire","block_context":{"text":"Article similaire","link":""},"img":{"alt_text":"","src":"","width":0,"height":0},"classes":[]},{"id":1069,"url":"https:\/\/mazet-st-voy.com\/?page_id=1069","url_meta":{"origin":1101,"position":1},"title":"Le Jardin Botanique et Mus\u00e9e des outils agricoles anciens","author":"admin9404","date":"24 ao\u00fbt 2018","format":false,"excerpt":"LE JARDIN BOTANIQUE et MUS\u00c9E DES OUTILS AGRICOLES ANCIENS\u00a0 Acc\u00e8s par : Place des droits de l\u2019Homme \u00e0 c\u00f4t\u00e9 de la Halle Fermi\u00e8re. Pour tous et gratuit. C\u2019est en 1987 qu\u2019a \u00e9t\u00e9 cr\u00e9\u00e9 le Jardin botanique, sur un terrain communal inutilis\u00e9 de 1,7 hectare. Ce terrain situ\u00e9 au centre du\u2026","rel":"","context":"Article similaire","block_context":{"text":"Article similaire","link":""},"img":{"alt_text":"","src":"","width":0,"height":0},"classes":[]},{"id":860,"url":"https:\/\/mazet-st-voy.com\/?page_id=860","url_meta":{"origin":1101,"position":2},"title":"Communaut\u00e9 de Communes","author":"admin9404","date":"23 ao\u00fbt 2018","format":false,"excerpt":"COMMUNAUT\u00c9 DE COMMUNES DU HAUT-LIGNON Les communes de la communaut\u00e9 de communes du Haut Lignon sont\u00a0: Le Chambon- sur-Lignon, Le Mazet-Saint-Voy, Tence, Chenereilles, Saint- Jeures, Le Mas de Tence. Une communaut\u00e9 de communes est d\u00e9finie comme un \u00e9tablissement public de coop\u00e9ration intercommunale regroupant plusieurs communes d\u2019un seul tenant et sans\u2026","rel":"","context":"Article similaire","block_context":{"text":"Article similaire","link":""},"img":{"alt_text":"","src":"","width":0,"height":0},"classes":[]},{"id":2715,"url":"https:\/\/mazet-st-voy.com\/?page_id=2715","url_meta":{"origin":1101,"position":3},"title":"Le Fil d&rsquo;actualit\u00e9 de Calibert en Sc\u00e8ne","author":"admin9404","date":"2 f\u00e9vrier 2021","format":false,"excerpt":"Ce vendredi, Najat Vallaud-Belkacem , ancienne ministre et candidate de la gauche aux prochaines \u00e9lections r\u00e9gionales \u00e9tait en visite sur notre r\u00e9gion et au Calibert. C\u2019est par la salle polyvalente du Calibert que la candidate socialiste terminait, agr\u00e9ablement surprise de la qualit\u00e9 technique de la r\u00e9alisation, des performances que constituent\u2026","rel":"","context":"Article similaire","block_context":{"text":"Article similaire","link":""},"img":{"alt_text":"","src":"https:\/\/i0.wp.com\/mazet-st-voy.com\/wp-content\/uploads\/2021\/03\/2021-Mars-formation-son-Calibert4-scaled.jpg?resize=350%2C200&ssl=1","width":350,"height":200,"srcset":"https:\/\/i0.wp.com\/mazet-st-voy.com\/wp-content\/uploads\/2021\/03\/2021-Mars-formation-son-Calibert4-scaled.jpg?resize=350%2C200&ssl=1 1x, https:\/\/i0.wp.com\/mazet-st-voy.com\/wp-content\/uploads\/2021\/03\/2021-Mars-formation-son-Calibert4-scaled.jpg?resize=525%2C300&ssl=1 1.5x, https:\/\/i0.wp.com\/mazet-st-voy.com\/wp-content\/uploads\/2021\/03\/2021-Mars-formation-son-Calibert4-scaled.jpg?resize=700%2C400&ssl=1 2x, https:\/\/i0.wp.com\/mazet-st-voy.com\/wp-content\/uploads\/2021\/03\/2021-Mars-formation-son-Calibert4-scaled.jpg?resize=1050%2C600&ssl=1 3x, https:\/\/i0.wp.com\/mazet-st-voy.com\/wp-content\/uploads\/2021\/03\/2021-Mars-formation-son-Calibert4-scaled.jpg?resize=1400%2C800&ssl=1 4x"},"classes":[]},{"id":620,"url":"https:\/\/mazet-st-voy.com\/?page_id=620","url_meta":{"origin":1101,"position":4},"title":"\u00c9cole Albert Camus","author":"admin9404","date":"21 ao\u00fbt 2018","format":false,"excerpt":"\u00c9COLE ALBERT CAMUS L\u2019\u00e9cole publique du Mazet, vaste et bien \u00e9quip\u00e9e (vid\u00e9o projecteurs, BCD, salle de motricit\u00e9, salle d\u2019art plastique, salle de sieste\u2026), accueille environ 80 enfants dans 4 classes. L\u2019\u00e9quipe de 4 enseignantes est renforc\u00e9e par 2 ATSEM (agents territoriaux des \u00e9coles maternelles) et une EVS (emploi vie scolaire)\u2026","rel":"","context":"Article similaire","block_context":{"text":"Article similaire","link":""},"img":{"alt_text":"","src":"","width":0,"height":0},"classes":[]},{"id":92,"url":"https:\/\/mazet-st-voy.com\/","url_meta":{"origin":1101,"position":5},"title":"Un territoire, un terroir&#8230;le bon-vivre ensemble","author":"admin9404","date":"16 ao\u00fbt 2018","format":false,"excerpt":"\"La commune du Mazet Saint Voy compte 1183 habitants, Elle est situ\u00e9e \u00e0 1000m d\u2019altitude sur le plateau Vivarais-Lignon \u00e0 la porte du parc des Monts d\u2019Ard\u00e8che. C\u2019est une commune dynamique et accueillante, touristique et vivante. Le Mazet Saint Voy offre tous les services de proximit\u00e9 : Cr\u00e8che, \u00e9cole, associations,\u2026","rel":"","context":"Article similaire","block_context":{"text":"Article similaire","link":""},"img":{"alt_text":"","src":"https:\/\/i0.wp.com\/mazet-st-voy.com\/wp-content\/uploads\/2018\/08\/visuel-accueil.jpg?resize=350%2C200&ssl=1","width":350,"height":200,"srcset":"https:\/\/i0.wp.com\/mazet-st-voy.com\/wp-content\/uploads\/2018\/08\/visuel-accueil.jpg?resize=350%2C200&ssl=1 1x, https:\/\/i0.wp.com\/mazet-st-voy.com\/wp-content\/uploads\/2018\/08\/visuel-accueil.jpg?resize=525%2C300&ssl=1 1.5x, https:\/\/i0.wp.com\/mazet-st-voy.com\/wp-content\/uploads\/2018\/08\/visuel-accueil.jpg?resize=700%2C400&ssl=1 2x, https:\/\/i0.wp.com\/mazet-st-voy.com\/wp-content\/uploads\/2018\/08\/visuel-accueil.jpg?resize=1050%2C600&ssl=1 3x, https:\/\/i0.wp.com\/mazet-st-voy.com\/wp-content\/uploads\/2018\/08\/visuel-accueil.jpg?resize=1400%2C800&ssl=1 4x"},"classes":[]}],"_links":{"self":[{"href":"https:\/\/mazet-st-voy.com\/index.php?rest_route=\/wp\/v2\/pages\/1101","targetHints":{"allow":["GET"]}}],"collection":[{"href":"https:\/\/mazet-st-voy.com\/index.php?rest_route=\/wp\/v2\/pages"}],"about":[{"href":"https:\/\/mazet-st-voy.com\/index.php?rest_route=\/wp\/v2\/types\/page"}],"author":[{"embeddable":true,"href":"https:\/\/mazet-st-voy.com\/index.php?rest_route=\/wp\/v2\/users\/1"}],"replies":[{"embeddable":true,"href":"https:\/\/mazet-st-voy.com\/index.php?rest_route=%2Fwp%2Fv2%2Fcomments&post=1101"}],"version-history":[{"count":12,"href":"https:\/\/mazet-st-voy.com\/index.php?rest_route=\/wp\/v2\/pages\/1101\/revisions"}],"predecessor-version":[{"id":3924,"href":"https:\/\/mazet-st-voy.com\/index.php?rest_route=\/wp\/v2\/pages\/1101\/revisions\/3924"}],"wp:attachment":[{"href":"https:\/\/mazet-st-voy.com\/index.php?rest_route=%2Fwp%2Fv2%2Fmedia&parent=1101"}],"curies":[{"name":"wp","href":"https:\/\/api.w.org\/{rel}","templated":true}]}}