{"id":14,"date":"2018-08-16T09:31:54","date_gmt":"2018-08-16T07:31:54","guid":{"rendered":"http:\/\/mazet-st-voy.com\/?page_id=14"},"modified":"2018-08-17T13:31:28","modified_gmt":"2018-08-17T11:31:28","slug":"tourisme","status":"publish","type":"page","link":"https:\/\/mazet-st-voy.com\/?page_id=14","title":{"rendered":"Tourisme"},"content":{"rendered":"<p style=\"text-align: center;\"><\/p>\n","protected":false},"excerpt":{"rendered":"","protected":false},"author":1,"featured_media":0,"parent":0,"menu_order":0,"comment_status":"closed","ping_status":"closed","template":"","meta":{"ngg_post_thumbnail":0,"footnotes":""},"class_list":["post-14","page","type-page","status-publish","hentry","entry"],"aioseo_notices":[],"jetpack_shortlink":"https:\/\/wp.me\/PadW9w-e","jetpack_sharing_enabled":true,"jetpack-related-posts":[{"id":1129,"url":"https:\/\/mazet-st-voy.com\/?page_id=1129","url_meta":{"origin":14,"position":0},"title":"Activit\u00e9s","author":"admin9404","date":"27 ao\u00fbt 2018","format":false,"excerpt":"OFFICE DE TOURISME DU HAUT-LIGNON\u00a0 En toutes saisons la r\u00e9gion offre une multitude d'activit\u00e9s culturelles (expositions, ateliers, concerts, festivals...) et sportives (randonn\u00e9es, VTT, cheval, sports m\u00e9caniques, escalade, p\u00eache, tennis, parcours aventures, neige, golf, paintball,...) Place des Droits de l'Homme - 43 520 Le Mazet-St-Voy T\u00e9l : 04 71 65 07\u2026","rel":"","context":"Article similaire","block_context":{"text":"Article similaire","link":""},"img":{"alt_text":"","src":"","width":0,"height":0},"classes":[]},{"id":1234,"url":"https:\/\/mazet-st-voy.com\/?page_id=1234","url_meta":{"origin":14,"position":1},"title":"Les \u00c9lus et leurs Permanences","author":"admin9404","date":"28 ao\u00fbt 2018","format":false,"excerpt":"\u00a0 MAIRIE\u00a0 1, place de la Mairie - 43520 le Mazet-St-Voy T\u00e9l. : 04 71 65 01 09 Email : mairie@mazet-st-voy.com ACC\u00c8S HORAIRES D'OUVERTURE :\u00a0 mardi et jeudi : 8h-12h \/ 14h-18h mercredi et vendredi : 8h-12h samedi : 8h-12h\u00a0 \u00a0 LES \u00c9LUS ET LEURS PERMANENCES Liste du conseil municipal:\u2026","rel":"","context":"Article similaire","block_context":{"text":"Article similaire","link":""},"img":{"alt_text":"","src":"https:\/\/i0.wp.com\/mazet-st-voy.com\/wp-content\/uploads\/2020\/09\/photo-officielle-mairie-JPEG-scaled.jpg?resize=350%2C200&ssl=1","width":350,"height":200,"srcset":"https:\/\/i0.wp.com\/mazet-st-voy.com\/wp-content\/uploads\/2020\/09\/photo-officielle-mairie-JPEG-scaled.jpg?resize=350%2C200&ssl=1 1x, https:\/\/i0.wp.com\/mazet-st-voy.com\/wp-content\/uploads\/2020\/09\/photo-officielle-mairie-JPEG-scaled.jpg?resize=525%2C300&ssl=1 1.5x, https:\/\/i0.wp.com\/mazet-st-voy.com\/wp-content\/uploads\/2020\/09\/photo-officielle-mairie-JPEG-scaled.jpg?resize=700%2C400&ssl=1 2x, https:\/\/i0.wp.com\/mazet-st-voy.com\/wp-content\/uploads\/2020\/09\/photo-officielle-mairie-JPEG-scaled.jpg?resize=1050%2C600&ssl=1 3x, https:\/\/i0.wp.com\/mazet-st-voy.com\/wp-content\/uploads\/2020\/09\/photo-officielle-mairie-JPEG-scaled.jpg?resize=1400%2C800&ssl=1 4x"},"classes":[]},{"id":1061,"url":"https:\/\/mazet-st-voy.com\/?page_id=1061","url_meta":{"origin":14,"position":2},"title":"La Halle Fermi\u00e8re","author":"admin9404","date":"24 ao\u00fbt 2018","format":false,"excerpt":"LA HALLE FERMI\u00c8RE et OFFICE DU TOURISME Boutique de produits du terroir de Haute-Loire et artisanat local Tout le savoir-faire du territoire est repr\u00e9sent\u00e9 avec\u00a0: charcuteries, fromages, confitures, miels, liqueurs, vins, foie gras, escargots, autruches, ch\u00e2taignes, \u2026 ainsi que la poterie, la lave \u00e9maill\u00e9e, le cuir, le bois, la photographie,\u2026","rel":"","context":"Article similaire","block_context":{"text":"Article similaire","link":""},"img":{"alt_text":"","src":"","width":0,"height":0},"classes":[]},{"id":1420,"url":"https:\/\/mazet-st-voy.com\/?page_id=1420","url_meta":{"origin":14,"position":3},"title":"Sport","author":"admin9404","date":"31 ao\u00fbt 2018","format":false,"excerpt":"BOULE LYONNAISE\u00a0 Amicale des Boulistes\u00a0- \u00a0Pr\u00e9sident :\u00a0Thierry COURT - La Scie de Vacheresse - 43520 Le Mazet-St-Voy 5 Jeux de plein air au Bruas La boule amicale - Buvette - Tel : 04 71 65 01 13 Boulodrome intercommunal (Ouvert de Novembre \u00e0 Avril) :\u00a04 jeux couverts, Zone artisanale -\u2026","rel":"","context":"Article similaire","block_context":{"text":"Article similaire","link":""},"img":{"alt_text":"","src":"https:\/\/i0.wp.com\/mazet-st-voy.com\/wp-content\/uploads\/2018\/09\/Boulodrome.png?resize=350%2C200&ssl=1","width":350,"height":200,"srcset":"https:\/\/i0.wp.com\/mazet-st-voy.com\/wp-content\/uploads\/2018\/09\/Boulodrome.png?resize=350%2C200&ssl=1 1x, https:\/\/i0.wp.com\/mazet-st-voy.com\/wp-content\/uploads\/2018\/09\/Boulodrome.png?resize=525%2C300&ssl=1 1.5x, https:\/\/i0.wp.com\/mazet-st-voy.com\/wp-content\/uploads\/2018\/09\/Boulodrome.png?resize=700%2C400&ssl=1 2x, https:\/\/i0.wp.com\/mazet-st-voy.com\/wp-content\/uploads\/2018\/09\/Boulodrome.png?resize=1050%2C600&ssl=1 3x, https:\/\/i0.wp.com\/mazet-st-voy.com\/wp-content\/uploads\/2018\/09\/Boulodrome.png?resize=1400%2C800&ssl=1 4x"},"classes":[]},{"id":1101,"url":"https:\/\/mazet-st-voy.com\/?page_id=1101","url_meta":{"origin":14,"position":4},"title":"Histoire et Patrimoine","author":"admin9404","date":"24 ao\u00fbt 2018","format":false,"excerpt":"\u00a0 MUS\u00c9E \u00c9COLE DE 1900 Le Bourg Route du Chambon - 43520 Le Mazet-Saint-Voy Tel. : 04 71 65 01 09 Site internet\u00a0 AU PROGRAMME :\u00a0 Visite de la reconstitution d\u2019une classe 3\u00e8me r\u00e9publique avec le mat\u00e9riel des \u00e9coles des hameaux. Ateliers de calligraphie et de dict\u00e9e. Visites individuelles guid\u00e9es\u2026","rel":"","context":"Article similaire","block_context":{"text":"Article similaire","link":""},"img":{"alt_text":"","src":"","width":0,"height":0},"classes":[]},{"id":1461,"url":"https:\/\/mazet-st-voy.com\/?page_id=1461","url_meta":{"origin":14,"position":5},"title":"H\u00e9bergement","author":"admin9404","date":"31 ao\u00fbt 2018","format":false,"excerpt":"H\u00d4TEL L'AUBERGE DU SOLEIL \u00a0Chez Coco et Jeannot 5 chambres Fermeture :\u00a0les lundis du 1er novembre au 1er mai 1 Route de Fay Tel : 04 71 65 00 51 Email\u00a0: jannococo1@free.fr CAMPING CAMPING DE SURNETTE*** Ouvert du 4 Avril au 28 Octobre 60 emplacements Tentes \/ Caravanes - Aire\u2026","rel":"","context":"Article similaire","block_context":{"text":"Article similaire","link":""},"img":{"alt_text":"","src":"","width":0,"height":0},"classes":[]}],"_links":{"self":[{"href":"https:\/\/mazet-st-voy.com\/index.php?rest_route=\/wp\/v2\/pages\/14","targetHints":{"allow":["GET"]}}],"collection":[{"href":"https:\/\/mazet-st-voy.com\/index.php?rest_route=\/wp\/v2\/pages"}],"about":[{"href":"https:\/\/mazet-st-voy.com\/index.php?rest_route=\/wp\/v2\/types\/page"}],"author":[{"embeddable":true,"href":"https:\/\/mazet-st-voy.com\/index.php?rest_route=\/wp\/v2\/users\/1"}],"replies":[{"embeddable":true,"href":"https:\/\/mazet-st-voy.com\/index.php?rest_route=%2Fwp%2Fv2%2Fcomments&post=14"}],"version-history":[{"count":3,"href":"https:\/\/mazet-st-voy.com\/index.php?rest_route=\/wp\/v2\/pages\/14\/revisions"}],"predecessor-version":[{"id":288,"href":"https:\/\/mazet-st-voy.com\/index.php?rest_route=\/wp\/v2\/pages\/14\/revisions\/288"}],"wp:attachment":[{"href":"https:\/\/mazet-st-voy.com\/index.php?rest_route=%2Fwp%2Fv2%2Fmedia&parent=14"}],"curies":[{"name":"wp","href":"https:\/\/api.w.org\/{rel}","templated":true}]}}