{"id":18,"date":"2018-08-16T09:32:36","date_gmt":"2018-08-16T07:32:36","guid":{"rendered":"http:\/\/mazet-st-voy.com\/?page_id=18"},"modified":"2018-08-22T12:00:39","modified_gmt":"2018-08-22T10:00:39","slug":"sante-solidarite","status":"publish","type":"page","link":"https:\/\/mazet-st-voy.com\/?page_id=18","title":{"rendered":"Sant\u00e9, Solidarit\u00e9"},"content":{"rendered":"","protected":false},"excerpt":{"rendered":"","protected":false},"author":1,"featured_media":0,"parent":0,"menu_order":0,"comment_status":"closed","ping_status":"closed","template":"","meta":{"ngg_post_thumbnail":0,"footnotes":""},"class_list":["post-18","page","type-page","status-publish","hentry","entry"],"aioseo_notices":[],"jetpack_shortlink":"https:\/\/wp.me\/PadW9w-i","jetpack_sharing_enabled":true,"jetpack-related-posts":[{"id":756,"url":"https:\/\/mazet-st-voy.com\/?page_id=756","url_meta":{"origin":18,"position":0},"title":"Professionnels de la sant\u00e9","author":"admin9404","date":"22 ao\u00fbt 2018","format":false,"excerpt":"PROFESSIONNELS DE LA SANT\u00c9 AU VILLAGE :\u00a0 Dr Nicolas CAUDWELL 04 71 65 05 50 M\u00e9decin\u00a0 11, route de Tence Dr Pierre PEYRARD 04 71 65 04 81 Dentiste 29, route de Tence Dr Pascal MERMET-BOUVIER 04 71 65 66 66 Pharmacie du Plateau 13, route de Tence M. Patrick\u2026","rel":"","context":"Article similaire","block_context":{"text":"Article similaire","link":""},"img":{"alt_text":"","src":"","width":0,"height":0},"classes":[]},{"id":92,"url":"https:\/\/mazet-st-voy.com\/","url_meta":{"origin":18,"position":1},"title":"Un territoire, un terroir&#8230;le bon-vivre ensemble","author":"admin9404","date":"16 ao\u00fbt 2018","format":false,"excerpt":"\"La commune du Mazet Saint Voy compte 1183 habitants, Elle est situ\u00e9e \u00e0 1000m d\u2019altitude sur le plateau Vivarais-Lignon \u00e0 la porte du parc des Monts d\u2019Ard\u00e8che. C\u2019est une commune dynamique et accueillante, touristique et vivante. Le Mazet Saint Voy offre tous les services de proximit\u00e9 : Cr\u00e8che, \u00e9cole, associations,\u2026","rel":"","context":"Article similaire","block_context":{"text":"Article similaire","link":""},"img":{"alt_text":"","src":"https:\/\/i0.wp.com\/mazet-st-voy.com\/wp-content\/uploads\/2018\/08\/visuel-accueil.jpg?resize=350%2C200&ssl=1","width":350,"height":200,"srcset":"https:\/\/i0.wp.com\/mazet-st-voy.com\/wp-content\/uploads\/2018\/08\/visuel-accueil.jpg?resize=350%2C200&ssl=1 1x, https:\/\/i0.wp.com\/mazet-st-voy.com\/wp-content\/uploads\/2018\/08\/visuel-accueil.jpg?resize=525%2C300&ssl=1 1.5x, https:\/\/i0.wp.com\/mazet-st-voy.com\/wp-content\/uploads\/2018\/08\/visuel-accueil.jpg?resize=700%2C400&ssl=1 2x, https:\/\/i0.wp.com\/mazet-st-voy.com\/wp-content\/uploads\/2018\/08\/visuel-accueil.jpg?resize=1050%2C600&ssl=1 3x, https:\/\/i0.wp.com\/mazet-st-voy.com\/wp-content\/uploads\/2018\/08\/visuel-accueil.jpg?resize=1400%2C800&ssl=1 4x"},"classes":[]},{"id":624,"url":"https:\/\/mazet-st-voy.com\/?page_id=624","url_meta":{"origin":18,"position":2},"title":"Centre de Loisirs Intercommunal","author":"admin9404","date":"21 ao\u00fbt 2018","format":false,"excerpt":"\u00a0 CENTRE DE LOISIRS INTERCOMMUNAL Le centre de loisirs intercommunal du Haut-Lignon, antenne du Mazet-Saint-Voy, accueille les enfants de 3 ans \u00e0 12 ans. Nous les accueillons pendant les vacances scolaires \u00e0 la journ\u00e9e avec repas, journ\u00e9e sans repas (matin\/apr\u00e8s-midi) ou \u00e0 la demi-journ\u00e9e. Attention\u00a0: les jours de sortie, l\u2019accueil\u2026","rel":"","context":"Article similaire","block_context":{"text":"Article similaire","link":""},"img":{"alt_text":"","src":"","width":0,"height":0},"classes":[]},{"id":707,"url":"https:\/\/mazet-st-voy.com\/?page_id=707","url_meta":{"origin":18,"position":3},"title":"Vie pratique \/ N\u00b0 utiles","author":"admin9404","date":"22 ao\u00fbt 2018","format":false,"excerpt":"VIE PRATIQUE \/ N\u00b0 UTILES Office du Tourisme : 04 71\u00a065 07 32 lemazet@ot-hautlignon.com \u00a0 \u00a0www.ot-hautlignon.com Biblioth\u00e8que municipale : \u00a0 \u00a0 \u00a0 \u00a0\u00a0 04 71 65 09 10 mercredi : \u00a014 h - 18 h. jeudi : \u00a010 h - 12 h. vendredi : 15 h - 18 h. samedi\u2026","rel":"","context":"Article similaire","block_context":{"text":"Article similaire","link":""},"img":{"alt_text":"","src":"","width":0,"height":0},"classes":[]},{"id":613,"url":"https:\/\/mazet-st-voy.com\/?page_id=613","url_meta":{"origin":18,"position":4},"title":"Associations","author":"admin9404","date":"21 ao\u00fbt 2018","format":false,"excerpt":"LE COMIT\u00c9 D'ANIMATION Responsable :\u00a0 La vie associative du Mazet-St-Voy est riche et ultra dynamique. Durant toute l'ann\u00e9e, les associations locales organisent des animations vari\u00e9es : concerts, expositions, repas festifs, spectacles, manifestations sportives... ANIMATIONS R\u00c9GULI\u00c8RES :\u00a0 La Foire du Terroir :\u00a0le premier week-end d'ao\u00fbt, organis\u00e9e par le Comit\u00e9 d'animation. La\u2026","rel":"","context":"Article similaire","block_context":{"text":"Article similaire","link":""},"img":{"alt_text":"","src":"https:\/\/i0.wp.com\/mazet-st-voy.com\/wp-content\/uploads\/2018\/08\/vie-associative-mazet-st-voy.png?resize=350%2C200&ssl=1","width":350,"height":200,"srcset":"https:\/\/i0.wp.com\/mazet-st-voy.com\/wp-content\/uploads\/2018\/08\/vie-associative-mazet-st-voy.png?resize=350%2C200&ssl=1 1x, https:\/\/i0.wp.com\/mazet-st-voy.com\/wp-content\/uploads\/2018\/08\/vie-associative-mazet-st-voy.png?resize=525%2C300&ssl=1 1.5x, https:\/\/i0.wp.com\/mazet-st-voy.com\/wp-content\/uploads\/2018\/08\/vie-associative-mazet-st-voy.png?resize=700%2C400&ssl=1 2x, https:\/\/i0.wp.com\/mazet-st-voy.com\/wp-content\/uploads\/2018\/08\/vie-associative-mazet-st-voy.png?resize=1050%2C600&ssl=1 3x, https:\/\/i0.wp.com\/mazet-st-voy.com\/wp-content\/uploads\/2018\/08\/vie-associative-mazet-st-voy.png?resize=1400%2C800&ssl=1 4x"},"classes":[]},{"id":1420,"url":"https:\/\/mazet-st-voy.com\/?page_id=1420","url_meta":{"origin":18,"position":5},"title":"Sport","author":"admin9404","date":"31 ao\u00fbt 2018","format":false,"excerpt":"BOULE LYONNAISE\u00a0 Amicale des Boulistes\u00a0- \u00a0Pr\u00e9sident :\u00a0Thierry COURT - La Scie de Vacheresse - 43520 Le Mazet-St-Voy 5 Jeux de plein air au Bruas La boule amicale - Buvette - Tel : 04 71 65 01 13 Boulodrome intercommunal (Ouvert de Novembre \u00e0 Avril) :\u00a04 jeux couverts, Zone artisanale -\u2026","rel":"","context":"Article similaire","block_context":{"text":"Article similaire","link":""},"img":{"alt_text":"","src":"https:\/\/i0.wp.com\/mazet-st-voy.com\/wp-content\/uploads\/2018\/09\/Boulodrome.png?resize=350%2C200&ssl=1","width":350,"height":200,"srcset":"https:\/\/i0.wp.com\/mazet-st-voy.com\/wp-content\/uploads\/2018\/09\/Boulodrome.png?resize=350%2C200&ssl=1 1x, https:\/\/i0.wp.com\/mazet-st-voy.com\/wp-content\/uploads\/2018\/09\/Boulodrome.png?resize=525%2C300&ssl=1 1.5x, https:\/\/i0.wp.com\/mazet-st-voy.com\/wp-content\/uploads\/2018\/09\/Boulodrome.png?resize=700%2C400&ssl=1 2x, https:\/\/i0.wp.com\/mazet-st-voy.com\/wp-content\/uploads\/2018\/09\/Boulodrome.png?resize=1050%2C600&ssl=1 3x, https:\/\/i0.wp.com\/mazet-st-voy.com\/wp-content\/uploads\/2018\/09\/Boulodrome.png?resize=1400%2C800&ssl=1 4x"},"classes":[]}],"_links":{"self":[{"href":"https:\/\/mazet-st-voy.com\/index.php?rest_route=\/wp\/v2\/pages\/18","targetHints":{"allow":["GET"]}}],"collection":[{"href":"https:\/\/mazet-st-voy.com\/index.php?rest_route=\/wp\/v2\/pages"}],"about":[{"href":"https:\/\/mazet-st-voy.com\/index.php?rest_route=\/wp\/v2\/types\/page"}],"author":[{"embeddable":true,"href":"https:\/\/mazet-st-voy.com\/index.php?rest_route=\/wp\/v2\/users\/1"}],"replies":[{"embeddable":true,"href":"https:\/\/mazet-st-voy.com\/index.php?rest_route=%2Fwp%2Fv2%2Fcomments&post=18"}],"version-history":[{"count":5,"href":"https:\/\/mazet-st-voy.com\/index.php?rest_route=\/wp\/v2\/pages\/18\/revisions"}],"predecessor-version":[{"id":754,"href":"https:\/\/mazet-st-voy.com\/index.php?rest_route=\/wp\/v2\/pages\/18\/revisions\/754"}],"wp:attachment":[{"href":"https:\/\/mazet-st-voy.com\/index.php?rest_route=%2Fwp%2Fv2%2Fmedia&parent=18"}],"curies":[{"name":"wp","href":"https:\/\/api.w.org\/{rel}","templated":true}]}}