{"id":20,"date":"2018-08-16T09:32:51","date_gmt":"2018-08-16T07:32:51","guid":{"rendered":"http:\/\/mazet-st-voy.com\/?page_id=20"},"modified":"2018-08-21T11:27:55","modified_gmt":"2018-08-21T09:27:55","slug":"culture-et-vie-associative","status":"publish","type":"page","link":"https:\/\/mazet-st-voy.com\/?page_id=20","title":{"rendered":"Culture et vie associative"},"content":{"rendered":"<p style=\"text-align: center;\"><\/p>\n","protected":false},"excerpt":{"rendered":"","protected":false},"author":1,"featured_media":0,"parent":0,"menu_order":0,"comment_status":"closed","ping_status":"closed","template":"","meta":{"ngg_post_thumbnail":0,"footnotes":""},"class_list":["post-20","page","type-page","status-publish","hentry","entry"],"aioseo_notices":[],"jetpack_shortlink":"https:\/\/wp.me\/PadW9w-k","jetpack_sharing_enabled":true,"jetpack-related-posts":[{"id":1234,"url":"https:\/\/mazet-st-voy.com\/?page_id=1234","url_meta":{"origin":20,"position":0},"title":"Les \u00c9lus et leurs Permanences","author":"admin9404","date":"28 ao\u00fbt 2018","format":false,"excerpt":"\u00a0 MAIRIE\u00a0 1, place de la Mairie - 43520 le Mazet-St-Voy T\u00e9l. : 04 71 65 01 09 Email : mairie@mazet-st-voy.com ACC\u00c8S HORAIRES D'OUVERTURE :\u00a0 mardi et jeudi : 8h-12h \/ 14h-18h mercredi et vendredi : 8h-12h samedi : 8h-12h\u00a0 \u00a0 LES \u00c9LUS ET LEURS PERMANENCES Liste du conseil municipal:\u2026","rel":"","context":"Article similaire","block_context":{"text":"Article similaire","link":""},"img":{"alt_text":"","src":"https:\/\/i0.wp.com\/mazet-st-voy.com\/wp-content\/uploads\/2020\/09\/photo-officielle-mairie-JPEG-scaled.jpg?resize=350%2C200&ssl=1","width":350,"height":200,"srcset":"https:\/\/i0.wp.com\/mazet-st-voy.com\/wp-content\/uploads\/2020\/09\/photo-officielle-mairie-JPEG-scaled.jpg?resize=350%2C200&ssl=1 1x, https:\/\/i0.wp.com\/mazet-st-voy.com\/wp-content\/uploads\/2020\/09\/photo-officielle-mairie-JPEG-scaled.jpg?resize=525%2C300&ssl=1 1.5x, https:\/\/i0.wp.com\/mazet-st-voy.com\/wp-content\/uploads\/2020\/09\/photo-officielle-mairie-JPEG-scaled.jpg?resize=700%2C400&ssl=1 2x, https:\/\/i0.wp.com\/mazet-st-voy.com\/wp-content\/uploads\/2020\/09\/photo-officielle-mairie-JPEG-scaled.jpg?resize=1050%2C600&ssl=1 3x, https:\/\/i0.wp.com\/mazet-st-voy.com\/wp-content\/uploads\/2020\/09\/photo-officielle-mairie-JPEG-scaled.jpg?resize=1400%2C800&ssl=1 4x"},"classes":[]},{"id":2715,"url":"https:\/\/mazet-st-voy.com\/?page_id=2715","url_meta":{"origin":20,"position":1},"title":"Le Fil d&rsquo;actualit\u00e9 de Calibert en Sc\u00e8ne","author":"admin9404","date":"2 f\u00e9vrier 2021","format":false,"excerpt":"Ce vendredi, Najat Vallaud-Belkacem , ancienne ministre et candidate de la gauche aux prochaines \u00e9lections r\u00e9gionales \u00e9tait en visite sur notre r\u00e9gion et au Calibert. C\u2019est par la salle polyvalente du Calibert que la candidate socialiste terminait, agr\u00e9ablement surprise de la qualit\u00e9 technique de la r\u00e9alisation, des performances que constituent\u2026","rel":"","context":"Article similaire","block_context":{"text":"Article similaire","link":""},"img":{"alt_text":"","src":"https:\/\/i0.wp.com\/mazet-st-voy.com\/wp-content\/uploads\/2021\/03\/2021-Mars-formation-son-Calibert4-scaled.jpg?resize=350%2C200&ssl=1","width":350,"height":200,"srcset":"https:\/\/i0.wp.com\/mazet-st-voy.com\/wp-content\/uploads\/2021\/03\/2021-Mars-formation-son-Calibert4-scaled.jpg?resize=350%2C200&ssl=1 1x, https:\/\/i0.wp.com\/mazet-st-voy.com\/wp-content\/uploads\/2021\/03\/2021-Mars-formation-son-Calibert4-scaled.jpg?resize=525%2C300&ssl=1 1.5x, https:\/\/i0.wp.com\/mazet-st-voy.com\/wp-content\/uploads\/2021\/03\/2021-Mars-formation-son-Calibert4-scaled.jpg?resize=700%2C400&ssl=1 2x, https:\/\/i0.wp.com\/mazet-st-voy.com\/wp-content\/uploads\/2021\/03\/2021-Mars-formation-son-Calibert4-scaled.jpg?resize=1050%2C600&ssl=1 3x, https:\/\/i0.wp.com\/mazet-st-voy.com\/wp-content\/uploads\/2021\/03\/2021-Mars-formation-son-Calibert4-scaled.jpg?resize=1400%2C800&ssl=1 4x"},"classes":[]},{"id":613,"url":"https:\/\/mazet-st-voy.com\/?page_id=613","url_meta":{"origin":20,"position":2},"title":"Associations","author":"admin9404","date":"21 ao\u00fbt 2018","format":false,"excerpt":"LE COMIT\u00c9 D'ANIMATION La Varenne - 43520 Le Mazet-St-Voy Responsable : Alain RUEL La vie associative du Mazet-St-Voy est riche et ultra dynamique. Durant toute l'ann\u00e9e, les associations locales organisent des animations vari\u00e9es : concerts, expositions, repas festifs, spectacles, manifestations sportives... ANIMATIONS R\u00c9GULI\u00c8RES :\u00a0 La Foire du Terroir :\u00a0le premier\u2026","rel":"","context":"Article similaire","block_context":{"text":"Article similaire","link":""},"img":{"alt_text":"","src":"https:\/\/i0.wp.com\/mazet-st-voy.com\/wp-content\/uploads\/2018\/08\/vie-associative-mazet-st-voy.png?resize=350%2C200&ssl=1","width":350,"height":200,"srcset":"https:\/\/i0.wp.com\/mazet-st-voy.com\/wp-content\/uploads\/2018\/08\/vie-associative-mazet-st-voy.png?resize=350%2C200&ssl=1 1x, https:\/\/i0.wp.com\/mazet-st-voy.com\/wp-content\/uploads\/2018\/08\/vie-associative-mazet-st-voy.png?resize=525%2C300&ssl=1 1.5x, https:\/\/i0.wp.com\/mazet-st-voy.com\/wp-content\/uploads\/2018\/08\/vie-associative-mazet-st-voy.png?resize=700%2C400&ssl=1 2x, https:\/\/i0.wp.com\/mazet-st-voy.com\/wp-content\/uploads\/2018\/08\/vie-associative-mazet-st-voy.png?resize=1050%2C600&ssl=1 3x, https:\/\/i0.wp.com\/mazet-st-voy.com\/wp-content\/uploads\/2018\/08\/vie-associative-mazet-st-voy.png?resize=1400%2C800&ssl=1 4x"},"classes":[]},{"id":707,"url":"https:\/\/mazet-st-voy.com\/?page_id=707","url_meta":{"origin":20,"position":3},"title":"Vie pratique \/ N\u00b0 utiles","author":"admin9404","date":"22 ao\u00fbt 2018","format":false,"excerpt":"VIE PRATIQUE \/ N\u00b0 UTILES Office du Tourisme : 04 71\u00a065 07 32 lemazet@ot-hautlignon.com \u00a0 \u00a0www.ot-hautlignon.com Biblioth\u00e8que municipale : \u00a0 \u00a0 \u00a0 \u00a0\u00a0 04 71 65 09 10 mercredi : \u00a014 h - 18 h. jeudi : \u00a010 h - 12 h. vendredi : 15 h - 18 h. samedi\u2026","rel":"","context":"Article similaire","block_context":{"text":"Article similaire","link":""},"img":{"alt_text":"","src":"","width":0,"height":0},"classes":[]},{"id":620,"url":"https:\/\/mazet-st-voy.com\/?page_id=620","url_meta":{"origin":20,"position":4},"title":"\u00c9cole Albert Camus","author":"admin9404","date":"21 ao\u00fbt 2018","format":false,"excerpt":"\u00c9COLE ALBERT CAMUS L\u2019\u00e9cole publique du Mazet, vaste et bien \u00e9quip\u00e9e (vid\u00e9o projecteurs, BCD, salle de motricit\u00e9, salle d\u2019art plastique, salle de sieste\u2026), accueille environ 80 enfants dans 4 classes. L\u2019\u00e9quipe de 4 enseignantes est renforc\u00e9e par 2 ATSEM (agents territoriaux des \u00e9coles maternelles) et une EVS (emploi vie scolaire)\u2026","rel":"","context":"Article similaire","block_context":{"text":"Article similaire","link":""},"img":{"alt_text":"","src":"","width":0,"height":0},"classes":[]},{"id":860,"url":"https:\/\/mazet-st-voy.com\/?page_id=860","url_meta":{"origin":20,"position":5},"title":"Communaut\u00e9 de Communes","author":"admin9404","date":"23 ao\u00fbt 2018","format":false,"excerpt":"COMMUNAUT\u00c9 DE COMMUNES DU HAUT-LIGNON Les communes de la communaut\u00e9 de communes du Haut Lignon sont\u00a0: Le Chambon- sur-Lignon, Le Mazet-Saint-Voy, Tence, Chenereilles, Saint- Jeures, Le Mas de Tence. Une communaut\u00e9 de communes est d\u00e9finie comme un \u00e9tablissement public de coop\u00e9ration intercommunale regroupant plusieurs communes d\u2019un seul tenant et sans\u2026","rel":"","context":"Article similaire","block_context":{"text":"Article similaire","link":""},"img":{"alt_text":"","src":"","width":0,"height":0},"classes":[]}],"_links":{"self":[{"href":"https:\/\/mazet-st-voy.com\/index.php?rest_route=\/wp\/v2\/pages\/20","targetHints":{"allow":["GET"]}}],"collection":[{"href":"https:\/\/mazet-st-voy.com\/index.php?rest_route=\/wp\/v2\/pages"}],"about":[{"href":"https:\/\/mazet-st-voy.com\/index.php?rest_route=\/wp\/v2\/types\/page"}],"author":[{"embeddable":true,"href":"https:\/\/mazet-st-voy.com\/index.php?rest_route=\/wp\/v2\/users\/1"}],"replies":[{"embeddable":true,"href":"https:\/\/mazet-st-voy.com\/index.php?rest_route=%2Fwp%2Fv2%2Fcomments&post=20"}],"version-history":[{"count":5,"href":"https:\/\/mazet-st-voy.com\/index.php?rest_route=\/wp\/v2\/pages\/20\/revisions"}],"predecessor-version":[{"id":598,"href":"https:\/\/mazet-st-voy.com\/index.php?rest_route=\/wp\/v2\/pages\/20\/revisions\/598"}],"wp:attachment":[{"href":"https:\/\/mazet-st-voy.com\/index.php?rest_route=%2Fwp%2Fv2%2Fmedia&parent=20"}],"curies":[{"name":"wp","href":"https:\/\/api.w.org\/{rel}","templated":true}]}}