{"id":2715,"date":"2021-02-02T17:00:44","date_gmt":"2021-02-02T16:00:44","guid":{"rendered":"https:\/\/mazet-st-voy.com\/?page_id=2715"},"modified":"2021-04-28T08:48:00","modified_gmt":"2021-04-28T06:48:00","slug":"le-fil-dactualite-de-calibert-en-scene","status":"publish","type":"page","link":"https:\/\/mazet-st-voy.com\/?page_id=2715","title":{"rendered":"Le Fil d&rsquo;actualit\u00e9 de Calibert en Sc\u00e8ne"},"content":{"rendered":"\n<table style=\"height: 320px; width: 100%; border-collapse: collapse;\">\n<tbody>\n<tr>\n<td style=\"width: 100%;\" colspan=\"2\">\n<table style=\"border-collapse: collapse; width: 100%;\">\n<tbody>\n<tr>\n<td style=\"width: 100%;\">\n<table style=\"border-collapse: collapse; width: 100%;\">\n<tbody>\n<tr>\n<td style=\"width: 100%;\">\n<table style=\"border-collapse: collapse; width: 100%;\">\n<tbody>\n<tr>\n<td style=\"width: 100%; text-align: center;\">\n<p><strong><span style=\"color: #ff0000;\">Ce vendredi, Najat Vallaud-Belkacem , ancienne ministre et candidate de la gauche aux prochaines \u00e9lections r\u00e9gionales \u00e9tait en visite sur notre r\u00e9gion et au Calibert.<\/span><\/strong><\/p>\n<\/td>\n<\/tr>\n<tr>\n<td style=\"width: 100%;\">\n<table style=\"border-collapse: collapse; width: 100%;\">\n<tbody>\n<tr>\n<td style=\"width: 50%;\"><img data-recalc-dims=\"1\" loading=\"lazy\" decoding=\"async\" class=\"alignnone  wp-image-2957\" src=\"https:\/\/i0.wp.com\/mazet-st-voy.com\/wp-content\/uploads\/2021\/04\/Najat-Vallaud-Belkacem4.jpg?resize=243%2C174&#038;ssl=1\" alt=\"\" width=\"243\" height=\"174\" srcset=\"https:\/\/i0.wp.com\/mazet-st-voy.com\/wp-content\/uploads\/2021\/04\/Najat-Vallaud-Belkacem4.jpg?w=2503&amp;ssl=1 2503w, https:\/\/i0.wp.com\/mazet-st-voy.com\/wp-content\/uploads\/2021\/04\/Najat-Vallaud-Belkacem4.jpg?resize=300%2C215&amp;ssl=1 300w, https:\/\/i0.wp.com\/mazet-st-voy.com\/wp-content\/uploads\/2021\/04\/Najat-Vallaud-Belkacem4.jpg?resize=1024%2C732&amp;ssl=1 1024w, https:\/\/i0.wp.com\/mazet-st-voy.com\/wp-content\/uploads\/2021\/04\/Najat-Vallaud-Belkacem4.jpg?resize=768%2C549&amp;ssl=1 768w, https:\/\/i0.wp.com\/mazet-st-voy.com\/wp-content\/uploads\/2021\/04\/Najat-Vallaud-Belkacem4.jpg?resize=1536%2C1098&amp;ssl=1 1536w, https:\/\/i0.wp.com\/mazet-st-voy.com\/wp-content\/uploads\/2021\/04\/Najat-Vallaud-Belkacem4.jpg?resize=2048%2C1465&amp;ssl=1 2048w, https:\/\/i0.wp.com\/mazet-st-voy.com\/wp-content\/uploads\/2021\/04\/Najat-Vallaud-Belkacem4.jpg?w=2400&amp;ssl=1 2400w\" sizes=\"auto, (max-width: 243px) 100vw, 243px\" \/><\/td>\n<td style=\"width: 50%;\"><img data-recalc-dims=\"1\" loading=\"lazy\" decoding=\"async\" class=\"wp-image-2952 alignleft\" src=\"https:\/\/i0.wp.com\/mazet-st-voy.com\/wp-content\/uploads\/slider35\/NajatVallaud-Belkacem-scaled.jpeg?resize=257%2C171&#038;ssl=1\" alt=\"\" width=\"257\" height=\"171\" srcset=\"https:\/\/i0.wp.com\/mazet-st-voy.com\/wp-content\/uploads\/slider35\/NajatVallaud-Belkacem-scaled.jpeg?w=2560&amp;ssl=1 2560w, https:\/\/i0.wp.com\/mazet-st-voy.com\/wp-content\/uploads\/slider35\/NajatVallaud-Belkacem-scaled.jpeg?resize=300%2C199&amp;ssl=1 300w, https:\/\/i0.wp.com\/mazet-st-voy.com\/wp-content\/uploads\/slider35\/NajatVallaud-Belkacem-scaled.jpeg?resize=1024%2C678&amp;ssl=1 1024w, https:\/\/i0.wp.com\/mazet-st-voy.com\/wp-content\/uploads\/slider35\/NajatVallaud-Belkacem-scaled.jpeg?resize=768%2C508&amp;ssl=1 768w, https:\/\/i0.wp.com\/mazet-st-voy.com\/wp-content\/uploads\/slider35\/NajatVallaud-Belkacem-scaled.jpeg?resize=1536%2C1017&amp;ssl=1 1536w, https:\/\/i0.wp.com\/mazet-st-voy.com\/wp-content\/uploads\/slider35\/NajatVallaud-Belkacem-scaled.jpeg?resize=2048%2C1356&amp;ssl=1 2048w, https:\/\/i0.wp.com\/mazet-st-voy.com\/wp-content\/uploads\/slider35\/NajatVallaud-Belkacem-scaled.jpeg?w=2400&amp;ssl=1 2400w\" sizes=\"auto, (max-width: 257px) 100vw, 257px\" \/><\/td>\n<\/tr>\n<\/tbody>\n<\/table>\n<\/td>\n<\/tr>\n<\/tbody>\n<\/table>\n<\/td>\n<\/tr>\n<\/tbody>\n<\/table>\n<p>C\u2019est par la salle polyvalente du Calibert que la candidate socialiste terminait, agr\u00e9ablement surprise de la qualit\u00e9 technique de la r\u00e9alisation, des performances que constituent la venue de la Com\u00e9die de Saint-Etienne et prochainement de celle du Th\u00e9\u00e2tre National Populaire de Villeurbanne pour un travail autour d\u2019un texte de Giono. Aussi s\u2019\u00e9tonnait-elle de l\u2019absence de soutien financier de la R\u00e9gion AURA (soutien qui avait pourtant \u00e9t\u00e9 act\u00e9 et promis) pour une r\u00e9alisation si importante pour la vie associative et culturelle de la commune, et bien au-del\u00e0 pour le projet culturel du territoire. Un projet qui fait sens \u00e0 un moment o\u00f9 nous avons de plus en plus besoin de retisser du lien social (tellement mis \u00e0 mal aujourd\u2019hui) et favoriser le vivre ensemble<\/p>\n<\/td>\n<\/tr>\n<\/tbody>\n<\/table>\n<h2 style=\"text-align: center;\"><span style=\"color: #ff0000;\"><strong>Formation aux subtilit\u00e9s techniques du son et de la lumi\u00e8re.<\/strong><\/span><\/h2>\n<p>ces temps d&rsquo;attente&#8230;Une formation sur l&rsquo;utilisation de la platine son et celle de &nbsp;lumi\u00e8re a \u00e9t\u00e9 organis\u00e9e par Laurent RIFFARD. Quatre stagiaires sages et \u00e0 l&rsquo;\u00e9coute de \u00ab\u00a0ma\u00eetre Laurent\u00a0\u00bb &nbsp;ce samedi 27 Mars 2021 ont tent\u00e9 de bien comprendre toutes les subtilit\u00e9s pointues de la technique.<\/p>\n<p><img data-recalc-dims=\"1\" loading=\"lazy\" decoding=\"async\" class=\" wp-image-2914\" src=\"https:\/\/i0.wp.com\/mazet-st-voy.com\/wp-content\/uploads\/2021\/03\/2021-Mars-formation-son-Calibert3-scaled.jpg?resize=663%2C439&#038;ssl=1\" alt=\"\" width=\"663\" height=\"439\" srcset=\"https:\/\/i0.wp.com\/mazet-st-voy.com\/wp-content\/uploads\/2021\/03\/2021-Mars-formation-son-Calibert3-scaled.jpg?w=2560&amp;ssl=1 2560w, https:\/\/i0.wp.com\/mazet-st-voy.com\/wp-content\/uploads\/2021\/03\/2021-Mars-formation-son-Calibert3-scaled.jpg?resize=300%2C199&amp;ssl=1 300w, https:\/\/i0.wp.com\/mazet-st-voy.com\/wp-content\/uploads\/2021\/03\/2021-Mars-formation-son-Calibert3-scaled.jpg?resize=1024%2C678&amp;ssl=1 1024w, https:\/\/i0.wp.com\/mazet-st-voy.com\/wp-content\/uploads\/2021\/03\/2021-Mars-formation-son-Calibert3-scaled.jpg?resize=768%2C508&amp;ssl=1 768w, https:\/\/i0.wp.com\/mazet-st-voy.com\/wp-content\/uploads\/2021\/03\/2021-Mars-formation-son-Calibert3-scaled.jpg?resize=1536%2C1017&amp;ssl=1 1536w, https:\/\/i0.wp.com\/mazet-st-voy.com\/wp-content\/uploads\/2021\/03\/2021-Mars-formation-son-Calibert3-scaled.jpg?resize=2048%2C1356&amp;ssl=1 2048w, https:\/\/i0.wp.com\/mazet-st-voy.com\/wp-content\/uploads\/2021\/03\/2021-Mars-formation-son-Calibert3-scaled.jpg?w=2400&amp;ssl=1 2400w\" sizes=\"auto, (max-width: 663px) 100vw, 663px\" \/><\/p>\n<p><span style=\"color: #ff00ff;\"><em>Ma\u00eetre Laurent au tableau du Calibert<\/em><\/span><\/p>\n<p><img data-recalc-dims=\"1\" loading=\"lazy\" decoding=\"async\" class=\" wp-image-2915\" src=\"https:\/\/i0.wp.com\/mazet-st-voy.com\/wp-content\/uploads\/2021\/03\/2021-Mars-formation-son-Calibert4-scaled.jpg?resize=673%2C446&#038;ssl=1\" alt=\"\" width=\"673\" height=\"446\" srcset=\"https:\/\/i0.wp.com\/mazet-st-voy.com\/wp-content\/uploads\/2021\/03\/2021-Mars-formation-son-Calibert4-scaled.jpg?w=2560&amp;ssl=1 2560w, https:\/\/i0.wp.com\/mazet-st-voy.com\/wp-content\/uploads\/2021\/03\/2021-Mars-formation-son-Calibert4-scaled.jpg?resize=300%2C199&amp;ssl=1 300w, https:\/\/i0.wp.com\/mazet-st-voy.com\/wp-content\/uploads\/2021\/03\/2021-Mars-formation-son-Calibert4-scaled.jpg?resize=1024%2C678&amp;ssl=1 1024w, https:\/\/i0.wp.com\/mazet-st-voy.com\/wp-content\/uploads\/2021\/03\/2021-Mars-formation-son-Calibert4-scaled.jpg?resize=768%2C508&amp;ssl=1 768w, https:\/\/i0.wp.com\/mazet-st-voy.com\/wp-content\/uploads\/2021\/03\/2021-Mars-formation-son-Calibert4-scaled.jpg?resize=1536%2C1017&amp;ssl=1 1536w, https:\/\/i0.wp.com\/mazet-st-voy.com\/wp-content\/uploads\/2021\/03\/2021-Mars-formation-son-Calibert4-scaled.jpg?resize=2048%2C1356&amp;ssl=1 2048w, https:\/\/i0.wp.com\/mazet-st-voy.com\/wp-content\/uploads\/2021\/03\/2021-Mars-formation-son-Calibert4-scaled.jpg?w=2400&amp;ssl=1 2400w\" sizes=\"auto, (max-width: 673px) 100vw, 673px\" \/><\/p>\n<p><span style=\"color: #ff00ff;\"><em>Plateau de formation son au Calibert<\/em><\/span><\/p>\n<\/td>\n<\/tr>\n<tr style=\"height: 23px;\">\n<td style=\"height: 11px;\" colspan=\"2\">\n<p><img data-recalc-dims=\"1\" loading=\"lazy\" decoding=\"async\" class=\"wp-image-491 alignleft\" src=\"https:\/\/i0.wp.com\/mazet-st-voy.com\/wp-content\/uploads\/2018\/08\/logo-calibert-en-sc%C3%A8ne.jpg?resize=75%2C75&#038;ssl=1\" alt=\"\" width=\"75\" height=\"75\" srcset=\"https:\/\/i0.wp.com\/mazet-st-voy.com\/wp-content\/uploads\/2018\/08\/logo-calibert-en-sc%C3%A8ne.jpg?w=224&amp;ssl=1 224w, https:\/\/i0.wp.com\/mazet-st-voy.com\/wp-content\/uploads\/2018\/08\/logo-calibert-en-sc%C3%A8ne.jpg?resize=150%2C150&amp;ssl=1 150w\" sizes=\"auto, (max-width: 75px) 100vw, 75px\" \/>Cette ann\u00e9e 2020 a \u00e9t\u00e9 difficile en raison de l\u2019\u00e9pid\u00e9mie de COVID , en particulier sur le plan de la Culture et notre salle du Calibert a du \u00eatre ferm\u00e9e pour respecter les mesures sanitaires. Malgr\u00e9 tout d\u00e8s qu&rsquo;il \u00e9tait possible des programmations ont eu lieu.<\/p>\n<\/td>\n<\/tr>\n<tr style=\"height: 23px;\">\n<td style=\"width: 50%; height: 10px;\">\n<p>Avant le premier confinement nous avions eu la chance d\u2019accueillir toute l\u2019\u00e9quipe de la Com\u00e9die Itin\u00e9rante de Saint Etienne, pour une r\u00e9sidence d\u2019artiste autour de la pi\u00e8ce \u00ab&nbsp;La B\u00eatise&nbsp;\u00bb. Cet \u00e9v\u00e8nement a pu initier des interventions, des animations, des conf\u00e9rences, des rencontres avec tous les publics et sur tout le Haut Lignon et pour finir deux repr\u00e9sentations au Calibert dont nous retiendrons longtemps le succ\u00e8s.<\/p>\n<\/td>\n<td style=\"width: 50%; height: 10px;\"><img data-recalc-dims=\"1\" loading=\"lazy\" decoding=\"async\" class=\"wp-image-2795 alignleft\" src=\"https:\/\/i0.wp.com\/mazet-st-voy.com\/wp-content\/uploads\/2021\/02\/Affiche.jpg?resize=236%2C332&#038;ssl=1\" alt=\"\" width=\"236\" height=\"332\" srcset=\"https:\/\/i0.wp.com\/mazet-st-voy.com\/wp-content\/uploads\/2021\/02\/Affiche.jpg?w=682&amp;ssl=1 682w, https:\/\/i0.wp.com\/mazet-st-voy.com\/wp-content\/uploads\/2021\/02\/Affiche.jpg?resize=213%2C300&amp;ssl=1 213w\" sizes=\"auto, (max-width: 236px) 100vw, 236px\" \/><\/td>\n<\/tr>\n<tr style=\"height: 23px;\">\n<td style=\"width: 100%; height: 23px;\" colspan=\"2\">\n<div class=\"page\" title=\"Page 1\">\n<div class=\"layoutArea\">\n<div class=\"column\">\n<p>Ensuite le Calibert a accueilli la conf\u00e9rence de Yolaine de Courson \u00e0 propos du d\u00e9veloppement des territoires, une conf\u00e9rence de la PULP et le concert de percussions des Jacq\u2019angels issus de l\u2019EHPAD des Genets.<\/p>\n<\/div>\n<\/div>\n<\/div>\n<\/td>\n<\/tr>\n<tr style=\"height: 253px;\">\n<td style=\"width: 50%; height: 253px;\">\n<div class=\"page\" title=\"Page 1\">\n<div class=\"layoutArea\">\n<div class=\"column\">\n<p>Puis ce fut le 1er confinement et son silence &#8230;. Jusqu\u2019\u00e0 la conf\u00e9rence&nbsp;projection de film de la Soci\u00e9t\u00e9 d\u2019Histoire de la Montagne, le 24 aout, \u00e0 propos de Bernanos, suivie par une soixantaine de spectateurs, ce qui est un bon chiffre pour un sujet si pointu.<\/p>\n<\/div>\n<\/div>\n<\/div>\n<\/td>\n<td style=\"width: 50%; height: 253px;\">\n<figure id=\"attachment_2811\" aria-describedby=\"caption-attachment-2811\" style=\"width: 130px\" class=\"wp-caption alignnone\"><img data-recalc-dims=\"1\" loading=\"lazy\" decoding=\"async\" class=\" wp-image-2811\" src=\"https:\/\/i0.wp.com\/mazet-st-voy.com\/wp-content\/uploads\/2021\/02\/bernanos-scaled-e1613839072697.jpg?resize=130%2C196&#038;ssl=1\" alt=\"\" width=\"130\" height=\"196\"><figcaption id=\"caption-attachment-2811\" class=\"wp-caption-text\"><em>Conf\u00e9rence SHM sur Bernanos<\/em><\/figcaption><\/figure>\n<\/td>\n<\/tr>\n<tr style=\"height: 23px;\">\n<td style=\"width: 50%; height: 23px;\">\n<p><img data-recalc-dims=\"1\" loading=\"lazy\" decoding=\"async\" class=\"wp-image-2819 alignright\" src=\"https:\/\/i0.wp.com\/mazet-st-voy.com\/wp-content\/uploads\/2021\/02\/Festival-Amath%C3%AAatre-Calibert-2020_08-e1613840254421.jpg?resize=217%2C257&#038;ssl=1\" alt=\"\" width=\"217\" height=\"257\"><\/p>\n<\/td>\n<td style=\"width: 50%; height: 23px;\">\n<div class=\"page\" title=\"Page 1\">\n<div class=\"layoutArea\">\n<div class=\"column\">\n<p>Tout d\u00e9but octobre la troupe de th\u00e9\u00e2tre amateur AMA Th\u00e9\u00e2tre a propos\u00e9 une version r\u00e9duite mais n\u00e9anmoins talentueuse de son festival.<\/p>\n<\/div>\n<\/div>\n<\/div>\n<\/td>\n<\/tr>\n<\/tbody>\n<\/table>\n<p>&nbsp;<\/p>\n","protected":false},"excerpt":{"rendered":"<p>Ce vendredi, Najat Vallaud-Belkacem , ancienne ministre et candidate de la gauche aux prochaines \u00e9lections r\u00e9gionales \u00e9tait en visite sur notre r\u00e9gion et au Calibert. C\u2019est par la salle polyvalente du Calibert que la candidate socialiste terminait, agr\u00e9ablement surprise de la qualit\u00e9 technique de la r\u00e9alisation, des performances que constituent la venue de la Com\u00e9die [&hellip;]<\/p>\n","protected":false},"author":1,"featured_media":0,"parent":0,"menu_order":0,"comment_status":"closed","ping_status":"closed","template":"","meta":{"ngg_post_thumbnail":0,"footnotes":""},"class_list":["post-2715","page","type-page","status-publish","hentry","entry"],"aioseo_notices":[],"jetpack_shortlink":"https:\/\/wp.me\/PadW9w-HN","jetpack_sharing_enabled":true,"jetpack-related-posts":[{"id":547,"url":"https:\/\/mazet-st-voy.com\/?page_id=547","url_meta":{"origin":2715,"position":0},"title":"Calibert en sc\u00e8ne","author":"admin9404","date":"21 ao\u00fbt 2018","format":false,"excerpt":"\u00a0Le mot du Pr\u00e9sident. Se mettre \u00e0 plusieurs, pour oeuvrer \u00e0 faire vivre un lieu de culture, c'est un horizon plein de saveurs, cependant l'amplitude de la t\u00e2che s'invite rapidement. Construire une programmation culturelle, amorcer la\u00a0rencontre\u00a0inviter \u00e0 la d\u00e9couverte, cela rel\u00e8ve d'un labeur\u00a0opini\u00e2tre, une gageure. Donc relevons les manches....... Lisez\u2026","rel":"","context":"Article similaire","block_context":{"text":"Article similaire","link":""},"img":{"alt_text":"","src":"https:\/\/i0.wp.com\/mazet-st-voy.com\/wp-content\/uploads\/2021\/02\/bureau-calibert-2021.png?resize=350%2C200&ssl=1","width":350,"height":200,"srcset":"https:\/\/i0.wp.com\/mazet-st-voy.com\/wp-content\/uploads\/2021\/02\/bureau-calibert-2021.png?resize=350%2C200&ssl=1 1x, https:\/\/i0.wp.com\/mazet-st-voy.com\/wp-content\/uploads\/2021\/02\/bureau-calibert-2021.png?resize=525%2C300&ssl=1 1.5x, https:\/\/i0.wp.com\/mazet-st-voy.com\/wp-content\/uploads\/2021\/02\/bureau-calibert-2021.png?resize=700%2C400&ssl=1 2x"},"classes":[]},{"id":1830,"url":"https:\/\/mazet-st-voy.com\/?page_id=1830","url_meta":{"origin":2715,"position":1},"title":"Programmation du Calibert","author":"admin9404","date":"5 septembre 2018","format":false,"excerpt":"\u00a0 PROGRAMMATION DU CALIBERT La programmation sera actualis\u00e9e tous les trimestres. \u00a0 \u00a0 \u00a0 Attention \u00a0: les liens hypertextes ne sont actifs que pour la version PDF.\u00a0 Programmation Calibert Automne 2019 PDF \u00a0","rel":"","context":"Article similaire","block_context":{"text":"Article similaire","link":""},"img":{"alt_text":"","src":"https:\/\/i0.wp.com\/mazet-st-voy.com\/wp-content\/uploads\/2021\/05\/BAL-ET-LE-SILENCE-DES-OISEAUX-site-mairie-24.png?resize=350%2C200&ssl=1","width":350,"height":200,"srcset":"https:\/\/i0.wp.com\/mazet-st-voy.com\/wp-content\/uploads\/2021\/05\/BAL-ET-LE-SILENCE-DES-OISEAUX-site-mairie-24.png?resize=350%2C200&ssl=1 1x, https:\/\/i0.wp.com\/mazet-st-voy.com\/wp-content\/uploads\/2021\/05\/BAL-ET-LE-SILENCE-DES-OISEAUX-site-mairie-24.png?resize=525%2C300&ssl=1 1.5x, https:\/\/i0.wp.com\/mazet-st-voy.com\/wp-content\/uploads\/2021\/05\/BAL-ET-LE-SILENCE-DES-OISEAUX-site-mairie-24.png?resize=700%2C400&ssl=1 2x, https:\/\/i0.wp.com\/mazet-st-voy.com\/wp-content\/uploads\/2021\/05\/BAL-ET-LE-SILENCE-DES-OISEAUX-site-mairie-24.png?resize=1050%2C600&ssl=1 3x, https:\/\/i0.wp.com\/mazet-st-voy.com\/wp-content\/uploads\/2021\/05\/BAL-ET-LE-SILENCE-DES-OISEAUX-site-mairie-24.png?resize=1400%2C800&ssl=1 4x"},"classes":[]},{"id":756,"url":"https:\/\/mazet-st-voy.com\/?page_id=756","url_meta":{"origin":2715,"position":2},"title":"Professionnels de la sant\u00e9","author":"admin9404","date":"22 ao\u00fbt 2018","format":false,"excerpt":"PROFESSIONNELS DE LA SANT\u00c9 AU VILLAGE :\u00a0 Dr Guy RUEL 04 71 65 05 50 M\u00e9decin\u00a0 route de Tence Dr Pierre PEYRARD 04 71 65 04 81 Dentiste 7, all\u00e9e des jardins Dr Pascal MERMET-BOUVIER 04 71 65 66 66 Pharmacie du Plateau 13, route de Tence M. Patrick PLASSARD\u2026","rel":"","context":"Article similaire","block_context":{"text":"Article similaire","link":""},"img":{"alt_text":"","src":"","width":0,"height":0},"classes":[]},{"id":8,"url":"https:\/\/mazet-st-voy.com\/?page_id=8","url_meta":{"origin":2715,"position":3},"title":"le Village et son territoire","author":"admin9404","date":"16 ao\u00fbt 2018","format":false,"excerpt":"LE MAZET SAINT-VOY Altitude moyenne\u00a0: 1 000 m - Population\u00a0: 1\u00a0150 habitants \u00a0 \u00a0 \u00a0 \u00a0 \u00a0 \u00a0 \u00a0NOUS \u00a0SITUER Habit\u00e9 d\u00e8s la pr\u00e9histoire comme en t\u00e9moignent divers vestiges (dolmens, menhirs, pierre \u00e0 cuvette, silex de la route de Surnette), son territoire domin\u00e9 par la ligne volcanique bleue du Lizieux\u2026","rel":"","context":"Article similaire","block_context":{"text":"Article similaire","link":""},"img":{"alt_text":"","src":"","width":0,"height":0},"classes":[]},{"id":1420,"url":"https:\/\/mazet-st-voy.com\/?page_id=1420","url_meta":{"origin":2715,"position":4},"title":"Sport","author":"admin9404","date":"31 ao\u00fbt 2018","format":false,"excerpt":"BOULE LYONNAISE\u00a0 Amicale des Boulistes\u00a0- \u00a0Pr\u00e9sident :\u00a0Thierry COURT - La Scie de Vacheresse - 43520 Le Mazet-St-Voy 5 Jeux de plein air au Bruas La boule amicale - Buvette - Tel : 04 71 65 01 13 Boulodrome intercommunal (Ouvert de Novembre \u00e0 Avril) :\u00a04 jeux couverts, Zone artisanale -\u2026","rel":"","context":"Article similaire","block_context":{"text":"Article similaire","link":""},"img":{"alt_text":"","src":"https:\/\/i0.wp.com\/mazet-st-voy.com\/wp-content\/uploads\/2018\/09\/Boulodrome.png?resize=350%2C200&ssl=1","width":350,"height":200,"srcset":"https:\/\/i0.wp.com\/mazet-st-voy.com\/wp-content\/uploads\/2018\/09\/Boulodrome.png?resize=350%2C200&ssl=1 1x, https:\/\/i0.wp.com\/mazet-st-voy.com\/wp-content\/uploads\/2018\/09\/Boulodrome.png?resize=525%2C300&ssl=1 1.5x, https:\/\/i0.wp.com\/mazet-st-voy.com\/wp-content\/uploads\/2018\/09\/Boulodrome.png?resize=700%2C400&ssl=1 2x, https:\/\/i0.wp.com\/mazet-st-voy.com\/wp-content\/uploads\/2018\/09\/Boulodrome.png?resize=1050%2C600&ssl=1 3x, https:\/\/i0.wp.com\/mazet-st-voy.com\/wp-content\/uploads\/2018\/09\/Boulodrome.png?resize=1400%2C800&ssl=1 4x"},"classes":[]},{"id":613,"url":"https:\/\/mazet-st-voy.com\/?page_id=613","url_meta":{"origin":2715,"position":5},"title":"Associations","author":"admin9404","date":"21 ao\u00fbt 2018","format":false,"excerpt":"LE COMIT\u00c9 D'ANIMATION La Varenne - 43520 Le Mazet-St-Voy Responsable : Alain RUEL La vie associative du Mazet-St-Voy est riche et ultra dynamique. Durant toute l'ann\u00e9e, les associations locales organisent des animations vari\u00e9es : concerts, expositions, repas festifs, spectacles, manifestations sportives... ANIMATIONS R\u00c9GULI\u00c8RES :\u00a0 La Foire du Terroir :\u00a0le premier\u2026","rel":"","context":"Article similaire","block_context":{"text":"Article similaire","link":""},"img":{"alt_text":"","src":"https:\/\/i0.wp.com\/mazet-st-voy.com\/wp-content\/uploads\/2018\/08\/vie-associative-mazet-st-voy.png?resize=350%2C200&ssl=1","width":350,"height":200,"srcset":"https:\/\/i0.wp.com\/mazet-st-voy.com\/wp-content\/uploads\/2018\/08\/vie-associative-mazet-st-voy.png?resize=350%2C200&ssl=1 1x, https:\/\/i0.wp.com\/mazet-st-voy.com\/wp-content\/uploads\/2018\/08\/vie-associative-mazet-st-voy.png?resize=525%2C300&ssl=1 1.5x, https:\/\/i0.wp.com\/mazet-st-voy.com\/wp-content\/uploads\/2018\/08\/vie-associative-mazet-st-voy.png?resize=700%2C400&ssl=1 2x, https:\/\/i0.wp.com\/mazet-st-voy.com\/wp-content\/uploads\/2018\/08\/vie-associative-mazet-st-voy.png?resize=1050%2C600&ssl=1 3x, https:\/\/i0.wp.com\/mazet-st-voy.com\/wp-content\/uploads\/2018\/08\/vie-associative-mazet-st-voy.png?resize=1400%2C800&ssl=1 4x"},"classes":[]}],"_links":{"self":[{"href":"https:\/\/mazet-st-voy.com\/index.php?rest_route=\/wp\/v2\/pages\/2715","targetHints":{"allow":["GET"]}}],"collection":[{"href":"https:\/\/mazet-st-voy.com\/index.php?rest_route=\/wp\/v2\/pages"}],"about":[{"href":"https:\/\/mazet-st-voy.com\/index.php?rest_route=\/wp\/v2\/types\/page"}],"author":[{"embeddable":true,"href":"https:\/\/mazet-st-voy.com\/index.php?rest_route=\/wp\/v2\/users\/1"}],"replies":[{"embeddable":true,"href":"https:\/\/mazet-st-voy.com\/index.php?rest_route=%2Fwp%2Fv2%2Fcomments&post=2715"}],"version-history":[{"count":33,"href":"https:\/\/mazet-st-voy.com\/index.php?rest_route=\/wp\/v2\/pages\/2715\/revisions"}],"predecessor-version":[{"id":2978,"href":"https:\/\/mazet-st-voy.com\/index.php?rest_route=\/wp\/v2\/pages\/2715\/revisions\/2978"}],"wp:attachment":[{"href":"https:\/\/mazet-st-voy.com\/index.php?rest_route=%2Fwp%2Fv2%2Fmedia&parent=2715"}],"curies":[{"name":"wp","href":"https:\/\/api.w.org\/{rel}","templated":true}]}}