{"id":603,"date":"2018-08-21T14:33:00","date_gmt":"2018-08-21T12:33:00","guid":{"rendered":"https:\/\/mazet-st-voy.com\/?page_id=603"},"modified":"2026-05-01T11:12:49","modified_gmt":"2026-05-01T09:12:49","slug":"bibliotheque","status":"publish","type":"page","link":"https:\/\/mazet-st-voy.com\/?page_id=603","title":{"rendered":"Biblioth\u00e8que"},"content":{"rendered":"<h1><span style=\"text-decoration: underline; color: #db0766;\">LA BIBLIOTH\u00c8QUE :&nbsp;<\/span><\/h1>\n<p>La biblioth\u00e8que du Mazet, situ\u00e9e au dessus de la mairie, est ouverte :&nbsp;<\/p>\n<ul>\n<li style=\"text-align: left;\">mercredi : 14 h &#8211; 18 h.<\/li>\n<li style=\"text-align: left;\">jeudi : 10 h &#8211; 12 h.<\/li>\n<li style=\"text-align: left;\">vendredi : 15 h &#8211; 18 h.<\/li>\n<li style=\"text-align: left;\">samedi : 10 h &#8211; 12h.<\/li>\n<\/ul>\n<p><strong>T\u00e9l.&nbsp;: <span style=\"color: #de0966;\">04 71 65 09 10<\/span><\/strong><\/p>\n<p style=\"text-align: justify;\"><span style=\"text-decoration: underline;\"><strong><span style=\"color: #de0966; text-decoration: underline;\">FOND SHM<\/span>&nbsp;:<\/strong><\/span> Depuis sa cr\u00e9ation, la <strong><span style=\"color: #db0766;\"><a style=\"color: #db0766;\" href=\"http:\/\/shm43.free.fr\">Soci\u00e9t\u00e9 d\u2019Histoire de la Montagne<\/a><\/span> (S.H.M)<\/strong> a constitu\u00e9 un fonds d\u2019archive qui se compose d\u2019ouvrages et de documents originaux touchant \u00e0 sa r\u00e9gion d\u2019\u00e9lection.<\/p>\n<p style=\"text-align: justify;\">Ce fonds est accueilli au sein de la <strong>biblioth\u00e8que\/m\u00e9diath\u00e8que du Mazet-Saint-Voy<\/strong>. Un espace de travail, de conservation et de mise en valeur est mis \u00e0 disposition de l\u2019association.<\/p>\n<p style=\"text-align: justify;\">Les ouvrages les plus r\u00e9cents sont en libre acc\u00e8s et empruntables dans le respect des horaires d\u2019ouverture et des conditions de pr\u00eat. Pour les documents les plus pr\u00e9cieux et\/ou les plus fragiles, la consultation ne sera autoris\u00e9e qu\u2019aux seuls adh\u00e9rents de l\u2019association ou personnes accr\u00e9dit\u00e9es.<\/p>\n<p style=\"text-align: justify;\"><span style=\"color: #de0966;\"><span style=\"text-decoration: underline;\"><strong>COIN ENFANTS&nbsp;<\/strong><\/span>:<\/span> La biblioth\u00e8que propose un coin enfant accueillant, avec une collection d\u2019albums , de documentaires et romans jeunesse, un rayon CD et DVD.<\/p>\n<p style=\"text-align: justify;\"><span style=\"text-decoration: underline; color: #de0966;\"><strong>ADULTES&nbsp;:<\/strong><\/span> Pour les adultes vous trouverez romans, romans policiers, romans du terroir, nouveaut\u00e9s, documentaires, CD et DVD etc. \u00e0 consulter sur place aux horaires d\u2019ouverture ou \u00e0 emprunter .<\/p>\n<p style=\"text-align: justify;\"><span style=\"color: #f5074f;\"><strong><span style=\"color: #db0766;\">INSCRIPTION&nbsp;<\/span>:<\/strong><\/span> L\u2019inscription au r\u00e9seau des m\u00e9diath\u00e8ques co\u00fbte <span style=\"color: #000000;\"><strong>10 euros \u00e0 l\u2019ann\u00e9e en tarif plein<\/strong><\/span>. <span style=\"color: #db0766;\">Elle est gratuite de 0 \u00e0 18 ans ainsi que pour les personnes en difficult\u00e9s et les \u00e9tudiants.<\/span> Cet abonnement donne acc\u00e8s \u00e0 l\u2019ensemble des documents des m\u00e9diath\u00e8ques du plateau Vivarais Lignon.<\/p>\n<figure id=\"attachment_2003\" aria-describedby=\"caption-attachment-2003\" style=\"width: 578px\" class=\"wp-caption aligncenter\"><img data-recalc-dims=\"1\" loading=\"lazy\" decoding=\"async\" class=\"wp-image-2003\" src=\"https:\/\/i0.wp.com\/mazet-st-voy.com\/wp-content\/uploads\/2018\/12\/Petites-Histoires-Novembre-2018.jpg?resize=578%2C434&#038;ssl=1\" alt=\"\" width=\"578\" height=\"434\" srcset=\"https:\/\/i0.wp.com\/mazet-st-voy.com\/wp-content\/uploads\/2018\/12\/Petites-Histoires-Novembre-2018.jpg?w=1632&amp;ssl=1 1632w, https:\/\/i0.wp.com\/mazet-st-voy.com\/wp-content\/uploads\/2018\/12\/Petites-Histoires-Novembre-2018.jpg?resize=300%2C225&amp;ssl=1 300w, https:\/\/i0.wp.com\/mazet-st-voy.com\/wp-content\/uploads\/2018\/12\/Petites-Histoires-Novembre-2018.jpg?resize=768%2C576&amp;ssl=1 768w, https:\/\/i0.wp.com\/mazet-st-voy.com\/wp-content\/uploads\/2018\/12\/Petites-Histoires-Novembre-2018.jpg?resize=1024%2C768&amp;ssl=1 1024w\" sizes=\"auto, (max-width: 578px) 100vw, 578px\" \/><figcaption id=\"caption-attachment-2003\" class=\"wp-caption-text\">Petites Histoires novembre 2018&nbsp;<\/figcaption><\/figure>\n<p>&nbsp;<\/p>\nngg_shortcode_0_placeholder\n","protected":false},"excerpt":{"rendered":"<p>LA BIBLIOTH\u00c8QUE :&nbsp; La biblioth\u00e8que du Mazet, situ\u00e9e au dessus de la mairie, est ouverte :&nbsp; mercredi : 14 h &#8211; 18 h. jeudi : 10 h &#8211; 12 h. vendredi : 15 h &#8211; 18 h. samedi : 10 h &#8211; 12h. T\u00e9l.&nbsp;: 04 71 65 09 10 FOND SHM&nbsp;: Depuis sa cr\u00e9ation, la [&hellip;]<\/p>\n","protected":false},"author":1,"featured_media":0,"parent":0,"menu_order":0,"comment_status":"closed","ping_status":"closed","template":"","meta":{"ngg_post_thumbnail":0,"footnotes":""},"class_list":["post-603","page","type-page","status-publish","hentry","entry"],"aioseo_notices":[],"jetpack_shortlink":"https:\/\/wp.me\/PadW9w-9J","jetpack_sharing_enabled":true,"jetpack-related-posts":[{"id":622,"url":"https:\/\/mazet-st-voy.com\/?page_id=622","url_meta":{"origin":603,"position":0},"title":"Cr\u00e8che les Pitchounets","author":"admin9404","date":"21 ao\u00fbt 2018","format":false,"excerpt":"\u00a0 CR\u00c8CHE LES PITCHOUNETS Le multi- accueil \u00ab\u00a0Les Pitchounets\u00a0\u00bb est une association \u00e0 gestion parentale. Sous le terme multi accueil, nous regroupons les notions de cr\u00e8che, halte garderie, accueil p\u00e9riscolaire, en accueil r\u00e9gulier ou occasionnel. Une \u00e9quipe pluridisciplinaire accueille chaque jour enfants de 0 \u00e0 la veille de leurs 6\u2026","rel":"","context":"Article similaire","block_context":{"text":"Article similaire","link":""},"img":{"alt_text":"","src":"","width":0,"height":0},"classes":[]},{"id":707,"url":"https:\/\/mazet-st-voy.com\/?page_id=707","url_meta":{"origin":603,"position":1},"title":"Vie pratique \/ N\u00b0 utiles","author":"admin9404","date":"22 ao\u00fbt 2018","format":false,"excerpt":"VIE PRATIQUE \/ N\u00b0 UTILES Office du Tourisme : 04 71\u00a065 07 32 lemazet@ot-hautlignon.com \u00a0 \u00a0www.ot-hautlignon.com Biblioth\u00e8que municipale : \u00a0 \u00a0 \u00a0 \u00a0\u00a0 04 71 65 09 10 mercredi : \u00a014 h - 18 h. jeudi : \u00a010 h - 12 h. vendredi : 15 h - 18 h. samedi\u2026","rel":"","context":"Article similaire","block_context":{"text":"Article similaire","link":""},"img":{"alt_text":"","src":"","width":0,"height":0},"classes":[]},{"id":624,"url":"https:\/\/mazet-st-voy.com\/?page_id=624","url_meta":{"origin":603,"position":2},"title":"Centre de Loisirs Intercommunal","author":"admin9404","date":"21 ao\u00fbt 2018","format":false,"excerpt":"\u00a0 CENTRE DE LOISIRS INTERCOMMUNAL Le centre de loisirs intercommunal du Haut-Lignon, antenne du Mazet-Saint-Voy, accueille les enfants de 3 ans \u00e0 12 ans. Nous les accueillons pendant les vacances scolaires \u00e0 la journ\u00e9e avec repas, journ\u00e9e sans repas (matin\/apr\u00e8s-midi) ou \u00e0 la demi-journ\u00e9e. Attention\u00a0: les jours de sortie, l\u2019accueil\u2026","rel":"","context":"Article similaire","block_context":{"text":"Article similaire","link":""},"img":{"alt_text":"","src":"","width":0,"height":0},"classes":[]},{"id":802,"url":"https:\/\/mazet-st-voy.com\/?page_id=802","url_meta":{"origin":603,"position":3},"title":"Cantine et Garderie","author":"admin9404","date":"22 ao\u00fbt 2018","format":false,"excerpt":"LA CANTINE DU VILLAGE La cantine du Mazet est install\u00e9e dans la r\u00e9sidence du Lizieux depuis une vingtaine d\u2019ann\u00e9es. elle a un fonctionnement interg\u00e9n\u00e9rationnel c'est-\u00e0-dire que mangent dans la m\u00eame pi\u00e8ce, les enfants de l\u2019\u00e9cole, les personnes \u00e2g\u00e9es de la r\u00e9sidence et certains r\u00e9sidents de l\u2019ESAT, dans une ambiance joyeuse\u2026","rel":"","context":"Article similaire","block_context":{"text":"Article similaire","link":""},"img":{"alt_text":"","src":"","width":0,"height":0},"classes":[]},{"id":1069,"url":"https:\/\/mazet-st-voy.com\/?page_id=1069","url_meta":{"origin":603,"position":4},"title":"Le Jardin Botanique et Mus\u00e9e des outils agricoles anciens","author":"admin9404","date":"24 ao\u00fbt 2018","format":false,"excerpt":"LE JARDIN BOTANIQUE et MUS\u00c9E DES OUTILS AGRICOLES ANCIENS\u00a0 Acc\u00e8s par : Place des droits de l\u2019Homme \u00e0 c\u00f4t\u00e9 de la Halle Fermi\u00e8re. Pour tous et gratuit. C\u2019est en 1987 qu\u2019a \u00e9t\u00e9 cr\u00e9\u00e9 le Jardin botanique, sur un terrain communal inutilis\u00e9 de 1,7 hectare. Ce terrain situ\u00e9 au centre du\u2026","rel":"","context":"Article similaire","block_context":{"text":"Article similaire","link":""},"img":{"alt_text":"","src":"","width":0,"height":0},"classes":[]},{"id":92,"url":"https:\/\/mazet-st-voy.com\/","url_meta":{"origin":603,"position":5},"title":"Un territoire, un terroir&#8230;le bon-vivre ensemble","author":"admin9404","date":"16 ao\u00fbt 2018","format":false,"excerpt":"\"La commune du Mazet Saint Voy compte 1183 habitants, Elle est situ\u00e9e \u00e0 1000m d\u2019altitude sur le plateau Vivarais-Lignon \u00e0 la porte du parc des Monts d\u2019Ard\u00e8che. C\u2019est une commune dynamique et accueillante, touristique et vivante. Le Mazet Saint Voy offre tous les services de proximit\u00e9 : Cr\u00e8che, \u00e9cole, associations,\u2026","rel":"","context":"Article similaire","block_context":{"text":"Article similaire","link":""},"img":{"alt_text":"","src":"https:\/\/i0.wp.com\/mazet-st-voy.com\/wp-content\/uploads\/2018\/08\/visuel-accueil.jpg?resize=350%2C200&ssl=1","width":350,"height":200,"srcset":"https:\/\/i0.wp.com\/mazet-st-voy.com\/wp-content\/uploads\/2018\/08\/visuel-accueil.jpg?resize=350%2C200&ssl=1 1x, https:\/\/i0.wp.com\/mazet-st-voy.com\/wp-content\/uploads\/2018\/08\/visuel-accueil.jpg?resize=525%2C300&ssl=1 1.5x, https:\/\/i0.wp.com\/mazet-st-voy.com\/wp-content\/uploads\/2018\/08\/visuel-accueil.jpg?resize=700%2C400&ssl=1 2x, https:\/\/i0.wp.com\/mazet-st-voy.com\/wp-content\/uploads\/2018\/08\/visuel-accueil.jpg?resize=1050%2C600&ssl=1 3x, https:\/\/i0.wp.com\/mazet-st-voy.com\/wp-content\/uploads\/2018\/08\/visuel-accueil.jpg?resize=1400%2C800&ssl=1 4x"},"classes":[]}],"_links":{"self":[{"href":"https:\/\/mazet-st-voy.com\/index.php?rest_route=\/wp\/v2\/pages\/603","targetHints":{"allow":["GET"]}}],"collection":[{"href":"https:\/\/mazet-st-voy.com\/index.php?rest_route=\/wp\/v2\/pages"}],"about":[{"href":"https:\/\/mazet-st-voy.com\/index.php?rest_route=\/wp\/v2\/types\/page"}],"author":[{"embeddable":true,"href":"https:\/\/mazet-st-voy.com\/index.php?rest_route=\/wp\/v2\/users\/1"}],"replies":[{"embeddable":true,"href":"https:\/\/mazet-st-voy.com\/index.php?rest_route=%2Fwp%2Fv2%2Fcomments&post=603"}],"version-history":[{"count":19,"href":"https:\/\/mazet-st-voy.com\/index.php?rest_route=\/wp\/v2\/pages\/603\/revisions"}],"predecessor-version":[{"id":3875,"href":"https:\/\/mazet-st-voy.com\/index.php?rest_route=\/wp\/v2\/pages\/603\/revisions\/3875"}],"wp:attachment":[{"href":"https:\/\/mazet-st-voy.com\/index.php?rest_route=%2Fwp%2Fv2%2Fmedia&parent=603"}],"curies":[{"name":"wp","href":"https:\/\/api.w.org\/{rel}","templated":true}]}}