{"id":707,"date":"2018-08-22T01:46:52","date_gmt":"2018-08-21T23:46:52","guid":{"rendered":"https:\/\/mazet-st-voy.com\/?page_id=707"},"modified":"2026-04-29T16:27:13","modified_gmt":"2026-04-29T14:27:13","slug":"test","status":"publish","type":"page","link":"https:\/\/mazet-st-voy.com\/?page_id=707","title":{"rendered":"Vie pratique \/ N\u00b0 utiles"},"content":{"rendered":"<h1><span style=\"text-decoration: underline; color: #db0766;\">VIE PRATIQUE \/ N\u00b0 UTILES<\/span><\/h1>\n<table style=\"border-collapse: collapse; width: 100%; height: 366px;\" border=\"1\">\n<tbody>\n<tr style=\"height: 21px;\">\n<td style=\"width: 21.781354051054386%; height: 21px;\"><strong>Office du Tourisme :<\/strong><\/td>\n<td style=\"width: 28.218645948945614%; height: 21px; text-align: center;\">04 71&nbsp;65 07 32<\/td>\n<td style=\"width: 25%; height: 21px; text-align: center;\"><a href=\"mailto:lemazet@ot-hautlignon.com\"><span style=\"color: #f02468;\"><span style=\"color: #db0766;\">lemazet@ot-hautlignon.com<\/span><\/span><\/a> &nbsp;<\/td>\n<td style=\"width: 25%; height: 21px; text-align: center;\"><span style=\"color: #db0766;\">&nbsp;<a style=\"color: #db0766;\" href=\"http:\/\/www.ot-hautlignon.com\">www.ot-hautlignon.com<\/a><\/span><\/td>\n<\/tr>\n<tr style=\"height: 21px;\">\n<td style=\"width: 21.781354051054386%; height: 21px;\"><strong>Biblioth\u00e8que municipale : &nbsp; &nbsp; &nbsp; &nbsp;&nbsp;<\/strong><\/td>\n<td style=\"width: 28.218645948945614%; height: 21px; text-align: center;\">04 71 65 09 10<\/td>\n<td style=\"width: 25%; height: 21px; text-align: center;\">\n<ul>\n<li style=\"text-align: left;\">mercredi : &nbsp;14 h &#8211; 18 h.<\/li>\n<li style=\"text-align: left;\">jeudi : &nbsp;10 h &#8211; 12 h.<\/li>\n<li style=\"text-align: left;\">vendredi : 15 h &#8211; 18 h.<\/li>\n<li style=\"text-align: left;\">samedi : &nbsp;10 h &#8211; 12h.<\/li>\n<\/ul>\n<\/td>\n<td style=\"width: 25%; height: 21px; text-align: center;\">en dessous de la Mairie<\/td>\n<\/tr>\n<tr style=\"height: 21px;\">\n<td style=\"width: 21.781354051054386%; height: 21px;\"><strong>Cr\u00e8che les Pitchounets :<\/strong><\/td>\n<td style=\"width: 28.218645948945614%; height: 21px; text-align: center;\">04 71 65 06 22<\/td>\n<td style=\"width: 25%; height: 21px; text-align: center;\">&nbsp;<\/td>\n<td style=\"width: 25%; height: 21px; text-align: center;\">Rue des \u00c9coles<\/td>\n<\/tr>\n<tr style=\"height: 21px;\">\n<td style=\"width: 21.781354051054386%; height: 21px;\"><strong>\u00c9cole Albert Camus :<\/strong><\/td>\n<td style=\"width: 28.218645948945614%; height: 21px; text-align: center;\">04 71 65 00 68<\/td>\n<td style=\"width: 25%; height: 21px; text-align: center;\">&nbsp;<\/td>\n<td style=\"width: 25%; height: 21px; text-align: center;\">Rue des \u00c9coles<\/td>\n<\/tr>\n<tr style=\"height: 21px;\">\n<td style=\"width: 21.781354051054386%; height: 21px; text-align: left;\"><strong>Centre de Loisirs :<\/strong><\/td>\n<td style=\"width: 28.218645948945614%; height: 21px; text-align: center;\">04 71 65 02 47<\/td>\n<td style=\"width: 25%; height: 21px; text-align: center;\">&nbsp;<\/td>\n<td style=\"width: 25%; height: 21px; text-align: center;\">au dessus du temple<\/td>\n<\/tr>\n<tr style=\"height: 21px;\">\n<td style=\"width: 21.781354051054386%; text-align: left; height: 21px;\"><strong>La Poste :&nbsp;<\/strong><\/td>\n<td style=\"width: 28.218645948945614%; text-align: center; height: 21px;\">36 31&nbsp;<\/td>\n<td style=\"width: 25%; text-align: center; height: 21px;\">Ferm\u00e9 le lundi<\/td>\n<td style=\"width: 25%; text-align: center; height: 21px;\">Place de la Mairie<\/td>\n<\/tr>\n<tr style=\"height: 21px;\">\n<td style=\"width: 21.781354051054386%; text-align: left; height: 21px;\"><strong>La Banque Postale :<\/strong><\/td>\n<td style=\"width: 28.218645948945614%; text-align: center; height: 21px;\">04 71 65 01 22<\/td>\n<td style=\"width: 25%; text-align: center; height: 21px;\">Ferm\u00e9 le lundi<\/td>\n<td style=\"width: 25%; text-align: center; height: 21px;\">Place de la Mairie<\/td>\n<\/tr>\n<tr style=\"height: 21px;\">\n<td style=\"width: 21.781354051054386%; height: 21px;\"><strong>ADMR <\/strong><span style=\"font-size: 8pt;\">le chambon\/le mazet :<\/span><\/td>\n<td style=\"width: 28.218645948945614%; height: 21px; text-align: center;\">04 71 56 37 24&nbsp;<span style=\"color: #db0766;\"><strong>ou<\/strong><\/span> 06 84 99 21 38<\/td>\n<td style=\"width: 25%; height: 21px; text-align: center;\">&nbsp;<\/td>\n<td style=\"width: 25%; height: 21px; text-align: center;\">&nbsp;<\/td>\n<\/tr>\n<tr style=\"height: 21px;\">\n<td style=\"width: 21.781354051054386%; height: 21px;\"><strong>Assistant social :<\/strong><\/td>\n<td style=\"width: 28.218645948945614%; height: 21px; text-align: center;\">04 71 65 08 96 <span style=\"color: #db0766;\"><strong>ou<\/strong><\/span> 04 71 07 40 60<\/td>\n<td style=\"width: 25%; height: 21px; text-align: center;\">&nbsp;<\/td>\n<td style=\"width: 25%; height: 21px; text-align: center;\">&nbsp;<\/td>\n<\/tr>\n<tr style=\"height: 21px;\">\n<td style=\"width: 21.781354051054386%; height: 21px;\"><strong>R\u00e9sidence de Personnes Ag\u00e9es Le Lizieux :&nbsp;<\/strong><\/td>\n<td style=\"width: 28.218645948945614%; height: 21px; text-align: center;\">04 71 65 08 95<\/td>\n<td style=\"width: 25%; height: 21px; text-align: center;\">&nbsp;<\/td>\n<td style=\"width: 25%; height: 21px; text-align: center;\">Route du Chambon<\/td>\n<\/tr>\n<tr style=\"height: 21px;\">\n<td style=\"width: 21.781354051054386%; height: 21px;\"><strong>Halle Fermi\u00e8re :&nbsp;<\/strong><\/td>\n<td style=\"width: 28.218645948945614%; text-align: center; height: 21px;\">04 71 65 07 32<\/td>\n<td style=\"width: 25%; text-align: center; height: 21px;\"><span style=\"color: #f02468;\"><a style=\"color: #f02468;\" href=\"http:\/\/www.hallefermiere.com\/fr\/\"><span style=\"color: #db0766;\">www.hallefermiere.com<\/span><\/a><\/span><\/td>\n<td style=\"width: 25%; text-align: center; height: 21px;\">Place des Droits de l&rsquo;Homme<\/td>\n<\/tr>\n<tr style=\"height: 21px;\">\n<td style=\"width: 21.781354051054386%; height: 21px;\"><strong>Taxi du Lizieux :<\/strong><\/td>\n<td style=\"width: 28.218645948945614%; height: 21px; text-align: center;\">04 71 65 06 25<span style=\"color: #db0766;\"><strong> ou<\/strong><\/span> 06 14 50 77 24<\/td>\n<td style=\"width: 25%; height: 21px; text-align: center;\">Mr ARGAUD<\/td>\n<td style=\"width: 25%; height: 21px; text-align: center;\">&nbsp;<\/td>\n<\/tr>\n<tr style=\"height: 21px;\">\n<td style=\"width: 21.781354051054386%; height: 21px;\"><strong>Taxi Service :<\/strong><\/td>\n<td style=\"width: 28.218645948945614%; height: 21px; text-align: center;\">04 71 59 73 17<\/td>\n<td style=\"width: 25%; height: 21px; text-align: center;\">Yohann RUEL<\/td>\n<td style=\"width: 25%; height: 21px; text-align: center;\">&nbsp;<\/td>\n<\/tr>\n<tr style=\"height: 21px;\">\n<td style=\"width: 21.781354051054386%; height: 21px;\"><strong>D\u00e9chetterie :&nbsp;<\/strong><\/td>\n<td style=\"width: 28.218645948945614%; height: 21px; text-align: center;\">04 71 65 93 02<\/td>\n<td style=\"width: 25%; height: 21px; text-align: center;\">&nbsp;<\/td>\n<td style=\"width: 25%; height: 21px; text-align: center;\">Le Chambon\/Lignon<\/td>\n<\/tr>\n<tr style=\"height: 21px;\">\n<td style=\"width: 21.781354051054386%; height: 21px;\"><strong>Transports interurbains :&nbsp;<\/strong><\/td>\n<td style=\"width: 28.218645948945614%; text-align: center; height: 21px;\">&nbsp;<\/td>\n<td style=\"width: 25%; text-align: center; height: 21px;\"><span style=\"color: #db0766;\"><a style=\"color: #db0766;\" href=\"http:\/\/www.hauteloire.fr\/Horaires-des-lignes-regulieres-et.html\">lignes r\u00e9guli\u00e8res<\/a><\/span><\/td>\n<td style=\"width: 25%; text-align: center; height: 21px;\">&nbsp;<\/td>\n<\/tr>\n<tr style=\"height: 21px;\">\n<td style=\"width: 21.781354051054386%; height: 21px;\"><strong>\u00c9tat des routes :&nbsp;<\/strong><\/td>\n<td style=\"width: 28.218645948945614%; text-align: center; height: 21px;\">&nbsp;<\/td>\n<td style=\"width: 25%; text-align: center; height: 21px;\"><span style=\"color: #db0766;\"><a style=\"color: #db0766;\" href=\"http:\/\/www.inforoute43.fr\">www.inforoute43.fr<\/a><\/span><\/td>\n<td style=\"width: 25%; text-align: center; height: 21px;\">&nbsp;<\/td>\n<\/tr>\n<tr style=\"height: 20px;\">\n<td style=\"width: 21.7814%; height: 20px;\"><strong>Le March\u00e9 :&nbsp;<\/strong><\/td>\n<td style=\"width: 28.2186%; text-align: center; height: 20px;\" colspan=\"3\"><span style=\"color: #db0766;\">le jeudi toute l&rsquo;ann\u00e9e et le dimanche d&rsquo;avril \u00e0 octobre.<\/span><\/td>\n<\/tr>\n<\/tbody>\n<\/table>\n<p>&nbsp;<\/p>\n<h1><span style=\"text-decoration: underline; color: #db0766;\">PROFESSIONNELS DE LA SANT\u00c9 AU VILLAGE :&nbsp;<\/span><\/h1>\n<div>\n<table style=\"border-collapse: collapse; width: 100%; height: 596px;\" border=\"1\">\n<tbody>\n<tr style=\"height: 48px;\">\n<td style=\"width: 25%; height: 48px;\" width=\"25%\">\n<p><strong>Dr Nicolas CAUDWELL<\/strong><\/p>\n<\/td>\n<td style=\"width: 17%; height: 48px;\" width=\"17%\">\n<p>04 71 65 05 50<\/p>\n<\/td>\n<td style=\"width: 22%; height: 48px;\" width=\"22%\">\n<p>M\u00e9decin&nbsp;<\/p>\n<\/td>\n<td style=\"width: 34%; height: 48px;\" width=\"34%\">\n<p>11, route de Tence<\/p>\n<\/td>\n<\/tr>\n<tr style=\"height: 77px;\">\n<td style=\"width: 25%; height: 77px;\" width=\"25%\">\n<p><strong>Mme Anne SAVROT&nbsp; &nbsp; &nbsp; &nbsp; &nbsp; <\/strong><\/p>\n<p><strong>Mr&nbsp; Victor ANTRAS<\/strong><\/p>\n<\/td>\n<td style=\"width: 17%; height: 77px;\" width=\"17%\">\n<p>04 71 58 38 15<\/p>\n<\/td>\n<td style=\"width: 22%; height: 77px;\" width=\"22%\">\n<p>Infirmiers<\/p>\n<\/td>\n<td style=\"width: 34%; height: 77px;\" width=\"34%\">\n<p>11, route de Tence<\/p>\n<\/td>\n<\/tr>\n<tr style=\"height: 77px;\">\n<td style=\"width: 25%; height: 77px;\" width=\"25%\">\n<p><strong>Mme Justine BRUYERE&nbsp;<\/strong><\/p>\n<p><strong> Mr Quentin ESPEUT<\/strong><\/p>\n<\/td>\n<td style=\"width: 17%; height: 77px;\" width=\"17%\">\n<p>04 15 49 00 77<\/p>\n<\/td>\n<td style=\"width: 22%; height: 77px;\" width=\"22%\">\n<p>Ost\u00e9ophates<\/p>\n<\/td>\n<td style=\"width: 34%; height: 77px;\" width=\"34%\">\n<p>12, route de Tence<\/p>\n<\/td>\n<\/tr>\n<tr style=\"height: 48px;\">\n<td style=\"width: 25%; height: 48px;\" width=\"25%\">\n<p><strong>Mme Marion FOUQUET<\/strong><\/p>\n<\/td>\n<td style=\"width: 17%; height: 48px;\" width=\"17%\">\n<p>07 80 01 71 78<\/p>\n<\/td>\n<td style=\"width: 22%; height: 48px;\" width=\"22%\">\n<p>Psychomotricienne<\/p>\n<\/td>\n<td style=\"width: 34%; height: 48px;\" width=\"34%\">\n<p>12, route de Tence<\/p>\n<\/td>\n<\/tr>\n<tr style=\"height: 77px;\">\n<td style=\"width: 25%; height: 77px;\" width=\"25%\">\n<p><strong>Dr Pascal MERMET-BOUVIER<\/strong><\/p>\n<\/td>\n<td style=\"width: 17%; height: 77px;\" width=\"17%\">\n<p>04 71 65 66 66<\/p>\n<\/td>\n<td style=\"width: 22%; height: 77px;\" width=\"22%\">\n<p>Pharmacie du Plateau<\/p>\n<\/td>\n<td style=\"width: 34%; height: 77px;\" width=\"34%\">\n<p>13, route de Tence<\/p>\n<\/td>\n<\/tr>\n<tr style=\"height: 48px;\">\n<td style=\"width: 25%; height: 48px;\" width=\"25%\">\n<p><strong>Dr Pierre PEYRARD<\/strong><\/p>\n<\/td>\n<td style=\"width: 17%; height: 48px;\" width=\"17%\">\n<p>04 71 65 04 81<\/p>\n<\/td>\n<td style=\"width: 22%; height: 48px;\" width=\"22%\">\n<p>Dentiste&nbsp;<\/p>\n<\/td>\n<td style=\"width: 34%; height: 48px;\" width=\"34%\">\n<p>29, route de Tence<\/p>\n<\/td>\n<\/tr>\n<tr style=\"height: 77px;\">\n<td style=\"width: 25%; height: 77px;\" width=\"25%\">\n<p><strong>M. Patrick PLASSARD<\/strong><\/p>\n<\/td>\n<td style=\"width: 17%; height: 77px;\" width=\"17%\">\n<p>04 71 75 55 09<\/p>\n<\/td>\n<td style=\"width: 22%; height: 77px;\" width=\"22%\">\n<p>P\u00e9dicure sur RDV une fois\/mois<\/p>\n<\/td>\n<td style=\"width: 34%; height: 77px;\" width=\"34%\">\n<p>R\u00e9sidence du Lizieux<\/p>\n<\/td>\n<\/tr>\n<tr style=\"height: 48px;\">\n<td style=\"width: 25%; height: 48px;\" width=\"25%\">\n<p><strong>D\u00c9FIBRILLATEUR<\/strong><\/p>\n<\/td>\n<td style=\"width: 73%; text-align: center; height: 48px;\" colspan=\"3\" width=\"75%\">\n<p><span style=\"color: #ff0000;\"><strong>sous la mairie, \u00e0 cot\u00e9 de la porte de l\u2019ascenseur et \u00e0 l&rsquo;entr\u00e9e du Calibert<\/strong><\/span><\/p>\n<\/td>\n<\/tr>\n<tr style=\"height: 48px;\">\n<td style=\"width: 25%; height: 48px;\" width=\"25%\">\n<p>H\u00f4pital de Moze<\/p>\n<\/td>\n<td style=\"width: 17%; height: 48px;\" width=\"17%\">\n<p>04 75 30 39 00<\/p>\n<\/td>\n<td style=\"width: 22%; height: 48px;\" width=\"22%\">\n<p>H\u00d4PITAL<\/p>\n<\/td>\n<td style=\"width: 34%; height: 48px;\" width=\"34%\">\n<p>1, rue du Dr Tourasse &nbsp;07320&nbsp;Saint-Agr\u00e8ve<\/p>\n<\/td>\n<\/tr>\n<tr style=\"height: 48px;\">\n<td style=\"width: 25%; height: 48px;\" width=\"25%\">\n<p>H\u00f4pital local<\/p>\n<\/td>\n<td style=\"width: 17%; height: 48px;\" width=\"17%\">\n<p>04 71 65 77 00<\/p>\n<\/td>\n<td style=\"width: 22%; height: 48px;\" width=\"22%\">\n<p>H\u00d4PITAL<\/p>\n<\/td>\n<td style=\"width: 34%; height: 48px;\" width=\"34%\">\n<p>20, Ave de la Marne&nbsp; &nbsp; 43200 Yssingeaux<\/p>\n<\/td>\n<\/tr>\n<\/tbody>\n<\/table>\n<p>&nbsp;<\/p>\n<h1><span style=\"text-decoration: underline; color: #db0766;\">N\u00b0 D&rsquo;URGENCE :<\/span><\/h1>\n<table style=\"height: 84px; width: 99.7248%; border-collapse: collapse; border-color: #faf7f8;\" border=\"1\">\n<tbody>\n<tr style=\"height: 21px;\">\n<td style=\"width: 31.590656284760843%; height: 21px;\"><strong>POMPIERS<\/strong><\/td>\n<td style=\"width: 15.79532814238042%; height: 21px;\"><span style=\"color: #db0766;\"><strong>18<\/strong><\/span><\/td>\n<td style=\"width: 52.502780867630705%; height: 21px;\">&nbsp;<\/td>\n<\/tr>\n<tr style=\"height: 21px;\">\n<td style=\"width: 31.590656284760843%; height: 21px;\"><strong>GENDARMERIE NATIONALE<\/strong><\/td>\n<td style=\"width: 15.79532814238042%; height: 21px;\"><span style=\"color: #db0766;\"><strong>17<\/strong><\/span><\/td>\n<td style=\"width: 52.502780867630705%; height: 21px;\">Brigade de Tence<\/td>\n<\/tr>\n<tr style=\"height: 21px;\">\n<td style=\"width: 31.590656284760843%; height: 21px;\"><strong>SAMU<\/strong><\/td>\n<td style=\"width: 15.79532814238042%; height: 21px;\"><span style=\"color: #db0766;\"><strong>15<\/strong><\/span><\/td>\n<td style=\"width: 52.502780867630705%; height: 21px;\">&nbsp;<\/td>\n<\/tr>\n<tr style=\"height: 21px;\">\n<td style=\"width: 31.590656284760843%; height: 21px;\"><strong>CENTRE ANTIPOISON<\/strong><\/td>\n<td style=\"width: 15.79532814238042%; height: 21px;\"><span style=\"color: #e61259;\"><strong>04 73 75 17 51<\/strong><\/span><\/td>\n<td style=\"width: 52.502780867630705%; height: 21px;\">Clermont-Ferrand<\/td>\n<\/tr>\n<\/tbody>\n<\/table>\n<\/div>\n\n","protected":false},"excerpt":{"rendered":"<p>VIE PRATIQUE \/ N\u00b0 UTILES Office du Tourisme : 04 71&nbsp;65 07 32 lemazet@ot-hautlignon.com &nbsp; &nbsp;www.ot-hautlignon.com Biblioth\u00e8que municipale : &nbsp; &nbsp; &nbsp; &nbsp;&nbsp; 04 71 65 09 10 mercredi : &nbsp;14 h &#8211; 18 h. jeudi : &nbsp;10 h &#8211; 12 h. vendredi : 15 h &#8211; 18 h. samedi : &nbsp;10 h &#8211; 12h. [&hellip;]<\/p>\n","protected":false},"author":1,"featured_media":0,"parent":0,"menu_order":0,"comment_status":"closed","ping_status":"closed","template":"","meta":{"ngg_post_thumbnail":0,"footnotes":""},"class_list":["post-707","page","type-page","status-publish","hentry","entry"],"aioseo_notices":[],"jetpack_shortlink":"https:\/\/wp.me\/PadW9w-bp","jetpack_sharing_enabled":true,"jetpack-related-posts":[{"id":756,"url":"https:\/\/mazet-st-voy.com\/?page_id=756","url_meta":{"origin":707,"position":0},"title":"Professionnels de la sant\u00e9","author":"admin9404","date":"22 ao\u00fbt 2018","format":false,"excerpt":"PROFESSIONNELS DE LA SANT\u00c9 AU VILLAGE :\u00a0 Dr Nicolas CAUDWELL 04 71 65 05 50 M\u00e9decin\u00a0 11, route de Tence Dr Pierre PEYRARD 04 71 65 04 81 Dentiste 29, route de Tence Dr Pascal MERMET-BOUVIER 04 71 65 66 66 Pharmacie du Plateau 13, route de Tence M. Patrick\u2026","rel":"","context":"Article similaire","block_context":{"text":"Article similaire","link":""},"img":{"alt_text":"","src":"","width":0,"height":0},"classes":[]},{"id":1234,"url":"https:\/\/mazet-st-voy.com\/?page_id=1234","url_meta":{"origin":707,"position":1},"title":"Les \u00c9lus et leurs Permanences","author":"admin9404","date":"28 ao\u00fbt 2018","format":false,"excerpt":"\u00a0 MAIRIE\u00a0 1, place de la Mairie - 43520 le Mazet-St-Voy T\u00e9l. : 04 71 65 01 09 Email : mairie@mazet-st-voy.com ACC\u00c8S HORAIRES D'OUVERTURE :\u00a0 mardi et jeudi : 8h-12h \/ 14h-18h mercredi et vendredi : 8h-12h samedi : 8h-12h\u00a0 \u00a0 LES \u00c9LUS ET LEURS PERMANENCES Liste du conseil municipal:\u2026","rel":"","context":"Article similaire","block_context":{"text":"Article similaire","link":""},"img":{"alt_text":"","src":"https:\/\/i0.wp.com\/mazet-st-voy.com\/wp-content\/uploads\/2026\/04\/IMGP0014-scaled.jpg?resize=350%2C200&ssl=1","width":350,"height":200,"srcset":"https:\/\/i0.wp.com\/mazet-st-voy.com\/wp-content\/uploads\/2026\/04\/IMGP0014-scaled.jpg?resize=350%2C200&ssl=1 1x, https:\/\/i0.wp.com\/mazet-st-voy.com\/wp-content\/uploads\/2026\/04\/IMGP0014-scaled.jpg?resize=525%2C300&ssl=1 1.5x, https:\/\/i0.wp.com\/mazet-st-voy.com\/wp-content\/uploads\/2026\/04\/IMGP0014-scaled.jpg?resize=700%2C400&ssl=1 2x, https:\/\/i0.wp.com\/mazet-st-voy.com\/wp-content\/uploads\/2026\/04\/IMGP0014-scaled.jpg?resize=1050%2C600&ssl=1 3x, https:\/\/i0.wp.com\/mazet-st-voy.com\/wp-content\/uploads\/2026\/04\/IMGP0014-scaled.jpg?resize=1400%2C800&ssl=1 4x"},"classes":[]},{"id":1034,"url":"https:\/\/mazet-st-voy.com\/?page_id=1034","url_meta":{"origin":707,"position":2},"title":"L&rsquo;ESAT","author":"admin9404","date":"24 ao\u00fbt 2018","format":false,"excerpt":"L'ESAT L\u2019\u00e9tablissement \u00ab\u00a0les Amis Du Plateau\u00a0\u00bb a commenc\u00e9 son activit\u00e9 le 1er janvier 1997 avec pour mission principale l\u2019accompagnement pour l\u2019insertion professionnelle et sociale avec l\u2019acquisition d\u2019un maximum d\u2019autonomie, d\u2019adultes ayant des d\u00e9ficits l\u00e9gers ou moyens. Au d\u00e9but pr\u00e9vu pour 6 personnes, L'ADP g\u00e8re aujourd\u2019hui un ESAT de 24 places\u2026","rel":"","context":"Article similaire","block_context":{"text":"Article similaire","link":""},"img":{"alt_text":"","src":"https:\/\/i0.wp.com\/mazet-st-voy.com\/wp-content\/uploads\/2018\/09\/Les-Amis-du-Plateau-.png?resize=350%2C200&ssl=1","width":350,"height":200,"srcset":"https:\/\/i0.wp.com\/mazet-st-voy.com\/wp-content\/uploads\/2018\/09\/Les-Amis-du-Plateau-.png?resize=350%2C200&ssl=1 1x, https:\/\/i0.wp.com\/mazet-st-voy.com\/wp-content\/uploads\/2018\/09\/Les-Amis-du-Plateau-.png?resize=525%2C300&ssl=1 1.5x, https:\/\/i0.wp.com\/mazet-st-voy.com\/wp-content\/uploads\/2018\/09\/Les-Amis-du-Plateau-.png?resize=700%2C400&ssl=1 2x, https:\/\/i0.wp.com\/mazet-st-voy.com\/wp-content\/uploads\/2018\/09\/Les-Amis-du-Plateau-.png?resize=1050%2C600&ssl=1 3x, https:\/\/i0.wp.com\/mazet-st-voy.com\/wp-content\/uploads\/2018\/09\/Les-Amis-du-Plateau-.png?resize=1400%2C800&ssl=1 4x"},"classes":[]},{"id":22,"url":"https:\/\/mazet-st-voy.com\/?page_id=22","url_meta":{"origin":707,"position":3},"title":"\u00c9conomie","author":"admin9404","date":"16 ao\u00fbt 2018","format":false,"excerpt":"L'\u00c9CONOMIE Bien qu'elle conserve son caract\u00e8re rural dans un cadre naturel pr\u00e9serv\u00e9, la Commune du Mazet poss\u00e8de une \u00e9conomie diversifi\u00e9e. Autrefois essentiellement agricole, l'activit\u00e9 couvre d\u00e9sormais plusieurs domaines qui alimentent l'emploi local. \u00c0 elles seules, trois entreprises, de m\u00e9canique g\u00e9n\u00e9rale, d'\u00e9lectronique et de construction bois comptent pr\u00e8s de cent collaborateurs.\u2026","rel":"","context":"Article similaire","block_context":{"text":"Article similaire","link":""},"img":{"alt_text":"","src":"https:\/\/i0.wp.com\/mazet-st-voy.com\/wp-content\/uploads\/2023\/04\/garage-LB-scaled.jpg?resize=350%2C200&ssl=1","width":350,"height":200,"srcset":"https:\/\/i0.wp.com\/mazet-st-voy.com\/wp-content\/uploads\/2023\/04\/garage-LB-scaled.jpg?resize=350%2C200&ssl=1 1x, https:\/\/i0.wp.com\/mazet-st-voy.com\/wp-content\/uploads\/2023\/04\/garage-LB-scaled.jpg?resize=525%2C300&ssl=1 1.5x, https:\/\/i0.wp.com\/mazet-st-voy.com\/wp-content\/uploads\/2023\/04\/garage-LB-scaled.jpg?resize=700%2C400&ssl=1 2x, https:\/\/i0.wp.com\/mazet-st-voy.com\/wp-content\/uploads\/2023\/04\/garage-LB-scaled.jpg?resize=1050%2C600&ssl=1 3x, https:\/\/i0.wp.com\/mazet-st-voy.com\/wp-content\/uploads\/2023\/04\/garage-LB-scaled.jpg?resize=1400%2C800&ssl=1 4x"},"classes":[]},{"id":1461,"url":"https:\/\/mazet-st-voy.com\/?page_id=1461","url_meta":{"origin":707,"position":4},"title":"H\u00e9bergement","author":"admin9404","date":"31 ao\u00fbt 2018","format":false,"excerpt":"H\u00d4TEL L'AUBERGE DU SOLEIL \u00a0Chez Coco et Jeannot 5 chambres Fermeture :\u00a0les lundis du 1er novembre au 1er mai 1 Route de Fay Tel : 04 71 65 00 51 Email\u00a0: jannococo1@free.fr CAMPING CAMPING DE SURNETTE*** Ouvert du 4 Avril au 28 Octobre 60 emplacements Tentes \/ Caravanes - Aire\u2026","rel":"","context":"Article similaire","block_context":{"text":"Article similaire","link":""},"img":{"alt_text":"","src":"","width":0,"height":0},"classes":[]},{"id":10,"url":"https:\/\/mazet-st-voy.com\/?page_id=10","url_meta":{"origin":707,"position":5},"title":"Vie municipale","author":"admin9404","date":"16 ao\u00fbt 2018","format":false,"excerpt":"","rel":"","context":"Article similaire","block_context":{"text":"Article similaire","link":""},"img":{"alt_text":"","src":"https:\/\/i0.wp.com\/mazet-st-voy.com\/wp-content\/uploads\/2018\/08\/les_elus-mazt-st-voy-300x199.jpg?resize=350%2C200","width":350,"height":200},"classes":[]}],"_links":{"self":[{"href":"https:\/\/mazet-st-voy.com\/index.php?rest_route=\/wp\/v2\/pages\/707","targetHints":{"allow":["GET"]}}],"collection":[{"href":"https:\/\/mazet-st-voy.com\/index.php?rest_route=\/wp\/v2\/pages"}],"about":[{"href":"https:\/\/mazet-st-voy.com\/index.php?rest_route=\/wp\/v2\/types\/page"}],"author":[{"embeddable":true,"href":"https:\/\/mazet-st-voy.com\/index.php?rest_route=\/wp\/v2\/users\/1"}],"replies":[{"embeddable":true,"href":"https:\/\/mazet-st-voy.com\/index.php?rest_route=%2Fwp%2Fv2%2Fcomments&post=707"}],"version-history":[{"count":57,"href":"https:\/\/mazet-st-voy.com\/index.php?rest_route=\/wp\/v2\/pages\/707\/revisions"}],"predecessor-version":[{"id":3853,"href":"https:\/\/mazet-st-voy.com\/index.php?rest_route=\/wp\/v2\/pages\/707\/revisions\/3853"}],"wp:attachment":[{"href":"https:\/\/mazet-st-voy.com\/index.php?rest_route=%2Fwp%2Fv2%2Fmedia&parent=707"}],"curies":[{"name":"wp","href":"https:\/\/api.w.org\/{rel}","templated":true}]}}