{"id":756,"date":"2018-08-22T12:01:54","date_gmt":"2018-08-22T10:01:54","guid":{"rendered":"https:\/\/mazet-st-voy.com\/?page_id=756"},"modified":"2022-06-01T17:29:23","modified_gmt":"2022-06-01T15:29:23","slug":"professionnels-de-la-sante","status":"publish","type":"page","link":"https:\/\/mazet-st-voy.com\/?page_id=756","title":{"rendered":"Professionnels de la sant\u00e9"},"content":{"rendered":"<h1><span style=\"text-decoration: underline; color: #db0766;\">PROFESSIONNELS DE LA SANT\u00c9 AU VILLAGE :&nbsp;<\/span><\/h1>\n<div>\n<table style=\"border-collapse: collapse; width: 100%; height: 216px;\" border=\"1\">\n<tbody>\n<tr style=\"height: 24px;\">\n<td style=\"width: 25%; height: 24px;\"><strong>Dr Guy RUEL<\/strong><\/td>\n<td style=\"width: 17.7857935627081%; height: 24px;\">04 71 65 05 50<\/td>\n<td style=\"width: 22.336293007769147%; height: 24px;\">M\u00e9decin&nbsp;<\/td>\n<td style=\"width: 34.87791342952275%; height: 24px;\">route de Tence<\/td>\n<\/tr>\n<tr style=\"height: 24px;\">\n<td style=\"width: 25%; height: 24px;\"><strong>Dr Pierre PEYRARD<\/strong><\/td>\n<td style=\"width: 17.7857935627081%; height: 24px;\">04 71 65 04 81<\/td>\n<td style=\"width: 22.336293007769147%; height: 24px;\">Dentiste<\/td>\n<td style=\"width: 34.87791342952275%; height: 24px;\"><span style=\"font-family: inherit; font-size: inherit;\">7, all\u00e9e des jardins<\/span><\/td>\n<\/tr>\n<tr style=\"height: 24px;\">\n<td style=\"width: 25%; height: 24px;\"><strong>Dr Pascal MERMET-BOUVIER<\/strong><\/td>\n<td style=\"width: 17.7857935627081%; height: 24px;\">04 71 65 66 66<\/td>\n<td style=\"width: 22.336293007769147%; height: 24px;\">Pharmacie du Plateau<\/td>\n<td style=\"width: 34.87791342952275%; height: 24px;\">13, route de Tence<\/td>\n<\/tr>\n<tr style=\"height: 24px;\">\n<td style=\"width: 25%; height: 24px;\"><strong>M. Patrick PLASSARD<\/strong><\/td>\n<td style=\"width: 17.7857935627081%; height: 24px;\">04 71 75 55 09<\/td>\n<td style=\"width: 22.336293007769147%; height: 24px;\">P\u00e9dicure sur RDV une fois\/mois<\/td>\n<td style=\"width: 34.87791342952275%; height: 24px;\">R\u00e9sidence du Lizieux<\/td>\n<\/tr>\n<tr>\n<td style=\"width: 25%;\"><strong>Mme Justine BRUYERE &amp; Mr Quentin ESPEUT<\/strong><\/td>\n<td style=\"width: 17.7857935627081%;\">04 15 49 00 77<\/td>\n<td style=\"width: 22.336293007769147%;\">Ost\u00e9opathes<\/td>\n<td style=\"width: 34.87791342952275%;\">12 Route de Tence<\/td>\n<\/tr>\n<tr style=\"height: 24px;\">\n<td style=\"width: 25%; height: 24px;\"><strong>Mme Marion FOURQUET<\/strong><\/td>\n<td style=\"width: 17.7857935627081%; height: 24px;\">07 80 01 71 78<\/td>\n<td style=\"width: 22.336293007769147%; height: 24px;\">Psychomotricienne<\/td>\n<td style=\"width: 34.87791342952275%; height: 24px;\">12 route de Tence<\/td>\n<\/tr>\n<tr>\n<td style=\"width: 25%;\"><strong>Mme Anne SAVROT<\/strong><\/td>\n<td style=\"width: 17.7857935627081%;\">06 09 81 49 49&nbsp;<\/p>\n<p>04 71 58 38 15<\/td>\n<td style=\"width: 22.336293007769147%;\">Infirmi\u00e8re<\/td>\n<td style=\"width: 34.87791342952275%;\">11 Route de Tence<\/td>\n<\/tr>\n<tr>\n<td style=\"width: 25%;\"><strong>Mme Joy BRADDOCK<\/strong><\/td>\n<td style=\"width: 17.7857935627081%;\">06 28 05 15 03<\/td>\n<td style=\"width: 22.336293007769147%;\">Praticienne en Psychoth\u00e9rapie<\/td>\n<td style=\"width: 34.87791342952275%;\">19 Route de Fay<\/td>\n<\/tr>\n<tr style=\"height: 24px;\">\n<td style=\"width: 25%; height: 24px;\"><span style=\"color: #db0766;\"><strong>D\u00c9FIBRILLATEUR<\/strong><\/span><\/td>\n<td style=\"width: 75%; height: 24px; text-align: left;\" colspan=\"3\"><strong>sous la mairie, \u00e0 cot\u00e9 de la porte de l\u2019ascenseur et \u00e0 l&rsquo;entr\u00e9e du Calibert<\/strong><\/td>\n<\/tr>\n<tr style=\"height: 24px;\">\n<td style=\"width: 25%; height: 24px;\">En soins infirmiers SCM<\/td>\n<td style=\"width: 17.7857935627081%; height: 24px;\">04 71 59 29 06<\/td>\n<td style=\"width: 22.336293007769147%; height: 24px;\">Infirmiers<\/td>\n<td style=\"width: 34.87791342952275%; height: 24px;\">26, rte St Agr\u00e8ve &nbsp;43400 Chambon\/Lignon<\/td>\n<\/tr>\n<tr style=\"height: 24px;\">\n<td style=\"width: 25%; height: 24px;\">H\u00f4pital de Moze<\/td>\n<td style=\"width: 17.7857935627081%; height: 24px;\">04 75 30 39 00<\/td>\n<td style=\"width: 22.336293007769147%; height: 24px;\">H\u00d4PITAL<\/td>\n<td style=\"width: 34.87791342952275%; height: 24px;\">1, rue du Dr-Tourasse &nbsp;07320&nbsp;Saint-Agr\u00e8ve<\/td>\n<\/tr>\n<tr style=\"height: 24px;\">\n<td style=\"width: 25%; height: 24px;\">H\u00f4pital local<\/td>\n<td style=\"width: 17.7857935627081%; height: 24px;\">04 71 65 77 00<\/td>\n<td style=\"width: 22.336293007769147%; height: 24px;\">H\u00d4PITAL<\/td>\n<td style=\"width: 34.87791342952275%; height: 24px;\">20, av de la Marne &nbsp;&nbsp;43202&nbsp;Yssingeaux<\/td>\n<\/tr>\n<tr>\n<td style=\"width: 42.7857935627081%; text-align: left;\" colspan=\"2\">Assistant Social<\/td>\n<td style=\"width: 22.336293007769147%;\">04 71 65 08 96<\/td>\n<td style=\"width: 34.87791342952275%;\">04 71 07 40 60<\/td>\n<\/tr>\n<\/tbody>\n<\/table>\n<p>&nbsp;<\/p>\n<h1><span style=\"text-decoration: underline; color: #db0766;\">N\u00b0 D&rsquo;URGENCE :<\/span><\/h1>\n<\/div>\n<table style=\"height: 84px; width: 99.72478790044958%; border-collapse: collapse; border-color: #faf7f8;\" border=\"1\">\n<tbody>\n<tr style=\"height: 21px;\">\n<td style=\"width: 31.590656284760843%; height: 21px;\"><strong>POMPIERS<\/strong><\/td>\n<td style=\"width: 15.79532814238042%; height: 21px;\"><span style=\"color: #db0766;\"><strong>18<\/strong><\/span><\/td>\n<td style=\"width: 52.502780867630705%; height: 21px;\">N\u00b0 &nbsp;Europ\u00e9en. &nbsp; &nbsp; &nbsp;<strong><span style=\"color: #ff0000;\"> 112<\/span><\/strong><\/td>\n<\/tr>\n<tr style=\"height: 21px;\">\n<td style=\"width: 31.590656284760843%; height: 21px;\"><strong>GENDARMERIE NATIONALE<\/strong><\/td>\n<td style=\"width: 15.79532814238042%; height: 21px;\"><span style=\"color: #db0766;\"><strong>17<\/strong><\/span><\/td>\n<td style=\"width: 52.502780867630705%; height: 21px;\">Brigade de Tence<\/td>\n<\/tr>\n<tr style=\"height: 21px;\">\n<td style=\"width: 31.590656284760843%; height: 21px;\"><strong>SAMU<\/strong><\/td>\n<td style=\"width: 15.79532814238042%; height: 21px;\"><span style=\"color: #db0766;\"><strong>15<\/strong><\/span><\/td>\n<td style=\"width: 52.502780867630705%; height: 21px;\">&nbsp;<\/td>\n<\/tr>\n<tr style=\"height: 21px;\">\n<td style=\"width: 31.590656284760843%; height: 21px;\"><strong>CENTRE ANTIPOISON<\/strong><\/td>\n<td style=\"width: 15.79532814238042%; height: 21px;\"><span style=\"color: #e61259;\"><strong>04 73 75 17 51<\/strong><\/span><\/td>\n<td style=\"width: 52.502780867630705%; height: 21px;\">Clermont-Ferrand<\/td>\n<\/tr>\n<\/tbody>\n<\/table>\n","protected":false},"excerpt":{"rendered":"<p>PROFESSIONNELS DE LA SANT\u00c9 AU VILLAGE :&nbsp; Dr Guy RUEL 04 71 65 05 50 M\u00e9decin&nbsp; route de Tence Dr Pierre PEYRARD 04 71 65 04 81 Dentiste 7, all\u00e9e des jardins Dr Pascal MERMET-BOUVIER 04 71 65 66 66 Pharmacie du Plateau 13, route de Tence M. Patrick PLASSARD 04 71 75 55 09 [&hellip;]<\/p>\n","protected":false},"author":1,"featured_media":0,"parent":0,"menu_order":0,"comment_status":"closed","ping_status":"closed","template":"","meta":{"ngg_post_thumbnail":0,"footnotes":""},"class_list":["post-756","page","type-page","status-publish","hentry","entry"],"aioseo_notices":[],"jetpack_shortlink":"https:\/\/wp.me\/PadW9w-cc","jetpack_sharing_enabled":true,"jetpack-related-posts":[{"id":707,"url":"https:\/\/mazet-st-voy.com\/?page_id=707","url_meta":{"origin":756,"position":0},"title":"Vie pratique \/ N\u00b0 utiles","author":"admin9404","date":"22 ao\u00fbt 2018","format":false,"excerpt":"VIE PRATIQUE \/ N\u00b0 UTILES Office du Tourisme : 04 71\u00a065 07 32 lemazet@ot-hautlignon.com \u00a0 \u00a0www.ot-hautlignon.com Biblioth\u00e8que municipale : \u00a0 \u00a0 \u00a0 \u00a0\u00a0 04 71 65 09 10 mercredi : \u00a014 h - 18 h. jeudi : \u00a010 h - 12 h. vendredi : 15 h - 18 h. samedi\u2026","rel":"","context":"Article similaire","block_context":{"text":"Article similaire","link":""},"img":{"alt_text":"","src":"","width":0,"height":0},"classes":[]},{"id":1420,"url":"https:\/\/mazet-st-voy.com\/?page_id=1420","url_meta":{"origin":756,"position":1},"title":"Sport","author":"admin9404","date":"31 ao\u00fbt 2018","format":false,"excerpt":"BOULE LYONNAISE\u00a0 Amicale des Boulistes\u00a0- \u00a0Pr\u00e9sident :\u00a0Thierry COURT - La Scie de Vacheresse - 43520 Le Mazet-St-Voy 5 Jeux de plein air au Bruas La boule amicale - Buvette - Tel : 04 71 65 01 13 Boulodrome intercommunal (Ouvert de Novembre \u00e0 Avril) :\u00a04 jeux couverts, Zone artisanale -\u2026","rel":"","context":"Article similaire","block_context":{"text":"Article similaire","link":""},"img":{"alt_text":"","src":"https:\/\/i0.wp.com\/mazet-st-voy.com\/wp-content\/uploads\/2018\/09\/Boulodrome.png?resize=350%2C200&ssl=1","width":350,"height":200,"srcset":"https:\/\/i0.wp.com\/mazet-st-voy.com\/wp-content\/uploads\/2018\/09\/Boulodrome.png?resize=350%2C200&ssl=1 1x, https:\/\/i0.wp.com\/mazet-st-voy.com\/wp-content\/uploads\/2018\/09\/Boulodrome.png?resize=525%2C300&ssl=1 1.5x, https:\/\/i0.wp.com\/mazet-st-voy.com\/wp-content\/uploads\/2018\/09\/Boulodrome.png?resize=700%2C400&ssl=1 2x, https:\/\/i0.wp.com\/mazet-st-voy.com\/wp-content\/uploads\/2018\/09\/Boulodrome.png?resize=1050%2C600&ssl=1 3x, https:\/\/i0.wp.com\/mazet-st-voy.com\/wp-content\/uploads\/2018\/09\/Boulodrome.png?resize=1400%2C800&ssl=1 4x"},"classes":[]},{"id":624,"url":"https:\/\/mazet-st-voy.com\/?page_id=624","url_meta":{"origin":756,"position":2},"title":"Centre de Loisirs Intercommunal","author":"admin9404","date":"21 ao\u00fbt 2018","format":false,"excerpt":"\u00a0 CENTRE DE LOISIRS INTERCOMMUNAL Le centre de loisirs intercommunal du Haut-Lignon, antenne du Mazet-Saint-Voy, accueille les enfants de 3 ans \u00e0 12 ans. Nous les accueillons pendant les vacances scolaires \u00e0 la journ\u00e9e avec repas, journ\u00e9e sans repas (matin\/apr\u00e8s-midi) ou \u00e0 la demi-journ\u00e9e. Attention\u00a0: les jours de sortie, l\u2019accueil\u2026","rel":"","context":"Article similaire","block_context":{"text":"Article similaire","link":""},"img":{"alt_text":"","src":"","width":0,"height":0},"classes":[]},{"id":22,"url":"https:\/\/mazet-st-voy.com\/?page_id=22","url_meta":{"origin":756,"position":3},"title":"\u00c9conomie","author":"admin9404","date":"16 ao\u00fbt 2018","format":false,"excerpt":"L'\u00c9CONOMIE Bien qu'elle conserve son caract\u00e8re rural dans un cadre naturel pr\u00e9serv\u00e9, la Commune du Mazet poss\u00e8de une \u00e9conomie diversifi\u00e9e. Autrefois essentiellement agricole, l'activit\u00e9 couvre d\u00e9sormais plusieurs domaines qui alimentent l'emploi local. \u00c0 elles seules, trois entreprises, de m\u00e9canique g\u00e9n\u00e9rale, d'\u00e9lectronique et de construction bois comptent pr\u00e8s de cent collaborateurs.\u2026","rel":"","context":"Article similaire","block_context":{"text":"Article similaire","link":""},"img":{"alt_text":"","src":"https:\/\/i0.wp.com\/mazet-st-voy.com\/wp-content\/uploads\/2023\/04\/garage-LB-scaled.jpg?resize=350%2C200&ssl=1","width":350,"height":200,"srcset":"https:\/\/i0.wp.com\/mazet-st-voy.com\/wp-content\/uploads\/2023\/04\/garage-LB-scaled.jpg?resize=350%2C200&ssl=1 1x, https:\/\/i0.wp.com\/mazet-st-voy.com\/wp-content\/uploads\/2023\/04\/garage-LB-scaled.jpg?resize=525%2C300&ssl=1 1.5x, https:\/\/i0.wp.com\/mazet-st-voy.com\/wp-content\/uploads\/2023\/04\/garage-LB-scaled.jpg?resize=700%2C400&ssl=1 2x, https:\/\/i0.wp.com\/mazet-st-voy.com\/wp-content\/uploads\/2023\/04\/garage-LB-scaled.jpg?resize=1050%2C600&ssl=1 3x, https:\/\/i0.wp.com\/mazet-st-voy.com\/wp-content\/uploads\/2023\/04\/garage-LB-scaled.jpg?resize=1400%2C800&ssl=1 4x"},"classes":[]},{"id":1461,"url":"https:\/\/mazet-st-voy.com\/?page_id=1461","url_meta":{"origin":756,"position":4},"title":"H\u00e9bergement","author":"admin9404","date":"31 ao\u00fbt 2018","format":false,"excerpt":"H\u00d4TEL L'AUBERGE DU SOLEIL \u00a0Chez Coco et Jeannot 5 chambres Fermeture :\u00a0les lundis du 1er novembre au 1er mai 1 Route de Fay Tel : 04 71 65 00 51 Email\u00a0: jannococo1@free.fr CAMPING CAMPING DE SURNETTE*** Ouvert du 4 Avril au 28 Octobre 60 emplacements Tentes \/ Caravanes - Aire\u2026","rel":"","context":"Article similaire","block_context":{"text":"Article similaire","link":""},"img":{"alt_text":"","src":"","width":0,"height":0},"classes":[]},{"id":18,"url":"https:\/\/mazet-st-voy.com\/?page_id=18","url_meta":{"origin":756,"position":5},"title":"Sant\u00e9, Solidarit\u00e9","author":"admin9404","date":"16 ao\u00fbt 2018","format":false,"excerpt":"","rel":"","context":"Article similaire","block_context":{"text":"Article similaire","link":""},"img":{"alt_text":"","src":"","width":0,"height":0},"classes":[]}],"_links":{"self":[{"href":"https:\/\/mazet-st-voy.com\/index.php?rest_route=\/wp\/v2\/pages\/756","targetHints":{"allow":["GET"]}}],"collection":[{"href":"https:\/\/mazet-st-voy.com\/index.php?rest_route=\/wp\/v2\/pages"}],"about":[{"href":"https:\/\/mazet-st-voy.com\/index.php?rest_route=\/wp\/v2\/types\/page"}],"author":[{"embeddable":true,"href":"https:\/\/mazet-st-voy.com\/index.php?rest_route=\/wp\/v2\/users\/1"}],"replies":[{"embeddable":true,"href":"https:\/\/mazet-st-voy.com\/index.php?rest_route=%2Fwp%2Fv2%2Fcomments&post=756"}],"version-history":[{"count":21,"href":"https:\/\/mazet-st-voy.com\/index.php?rest_route=\/wp\/v2\/pages\/756\/revisions"}],"predecessor-version":[{"id":3226,"href":"https:\/\/mazet-st-voy.com\/index.php?rest_route=\/wp\/v2\/pages\/756\/revisions\/3226"}],"wp:attachment":[{"href":"https:\/\/mazet-st-voy.com\/index.php?rest_route=%2Fwp%2Fv2%2Fmedia&parent=756"}],"curies":[{"name":"wp","href":"https:\/\/api.w.org\/{rel}","templated":true}]}}