{"id":8,"date":"2018-08-16T09:31:19","date_gmt":"2018-08-16T07:31:19","guid":{"rendered":"http:\/\/mazet-st-voy.com\/?page_id=8"},"modified":"2018-10-08T14:18:23","modified_gmt":"2018-10-08T12:18:23","slug":"le-village-et-son-territoire","status":"publish","type":"page","link":"https:\/\/mazet-st-voy.com\/?page_id=8","title":{"rendered":"le Village et son territoire"},"content":{"rendered":"<h1><span style=\"text-decoration: underline; color: #de0966;\">LE MAZET SAINT-VOY<\/span><\/h1>\n<p style=\"text-align: left;\"><strong>Altitude moyenne&nbsp;: 1 000 m &#8211; Population&nbsp;: 1&nbsp;150 habitants &nbsp; &nbsp; &nbsp; &nbsp; &nbsp; &nbsp; &nbsp;<span style=\"color: #de0966;\"><a style=\"color: #de0966;\" href=\"https:\/\/goo.gl\/maps\/iNqSw6ixvMD2\">NOUS &nbsp;SITUER<\/a><\/span><\/strong><\/p>\n<p style=\"text-align: justify;\">Habit\u00e9 d\u00e8s la pr\u00e9histoire comme en t\u00e9moignent divers vestiges (dolmens, menhirs, pierre \u00e0 cuvette, silex de la route de Surnette), son territoire domin\u00e9 par la ligne volcanique bleue du Lizieux est marqu\u00e9 par la culture r\u00e9form\u00e9e d\u00e8s le XVI<sup>\u00e8me<\/sup> si\u00e8cle. Depuis cette p\u00e9riode qui voit l\u2019installation d\u2019un lieu de culte protestant \u00e0 St Voy gr\u00e2ce \u00e0 l\u2019\u00c9dit Royal d\u2019Amboise (1563) elle reste un des hauts lieux du protestantisme. \u00c0 la fin du 19<sup>\u00e8me<\/sup> si\u00e8cle la commune changera de nom pour s\u2019appeler Le-Mazet-St-Voy , ent\u00e9rinant ainsi le d\u00e9placement du chef-lieu de St-Voy au village du Mazet.<\/p>\n<p style=\"text-align: justify;\">Depuis, la commune a su \u00e9voluer, r\u00e9habilitant son centre bourg qui poss\u00e8de tous les services essentiels, revitalisant ses commerces par l\u2019impulsion d\u2019une activit\u00e9 artisanale dynamique.<\/p>\n<p style=\"text-align: justify;\">De nombreuses manifestations culturelles se d\u00e9roulent tout au long de la saison touristique (foire du terroir le premier week-end d\u2019ao\u00fbt, expositions, sorties d\u00e9couvertes, concerts, conf\u00e9rences, \u2026). Vous pourrez choisir de pratiquer <span style=\"color: #de0966;\"><a style=\"color: #de0966;\" href=\"https:\/\/mazet-st-voy.com\/?page_id=1129\">la randonn\u00e9e, le VTT, le tennis, la boule lyonnaise, la p\u00eache en lac ou en rivi\u00e8r<span style=\"color: #de0966;\">e<\/span><\/a>&nbsp;..<\/span>.dans un cadre naturel pr\u00e9serv\u00e9 ou de privil\u00e9gier les propositions de la saison culturelle du Calibert.<\/p>\n<p style=\"text-align: justify;\">Au fil de vos balades, vous d\u00e9couvrirez des sites remarquables&nbsp;: la Halle fermi\u00e8re et le jardin botanique attenant, l\u2019\u00e9glise de Saint-Voy (11\u00e8me S) , le manoir de Panelier o\u00f9 s\u00e9journa Albert Camus, les moulins du Bouchat, le pic du Lizieux culminant \u00e0 1 388 m,&nbsp;et de charmants villages traditionnels aux remarquables toitures de lauzes o\u00f9 les possibilit\u00e9s d\u2019accueil sont multiples (centre de vacances de la Costette, g\u00eetes, meubl\u00e9s, \u2026).<\/p>\n<p><span style=\"color: #c4084d;\"><a style=\"color: #c4084d;\" href=\"http:\/\/www.environnementpatrimoinemazet.fr\"><span style=\"color: #de0966;\">Plus d&rsquo;informations sur le site Environnement &amp; Patrimoine du Mazet.<\/span><\/a><\/span><\/p>\nngg_shortcode_0_placeholder\n<h1 style=\"text-align: center;\">&nbsp;<\/h1>\n<h1><span style=\"text-decoration: underline; color: #de0966;\">LE JARDIN BOTANIQUE<\/span><\/h1>\n<p style=\"text-align: justify;\">Le Jardin Botanique du Mazet-St-Voy fut cr\u00e9\u00e9 en 1987 ; <strong><span style=\"color: #de0966;\">sur 1,7 hectare<\/span><\/strong>, il rassemble environ <span style=\"color: #de0966;\"><strong>400<\/strong> <strong>esp\u00e8ces de plantes<\/strong><\/span> provenant de la proche r\u00e9gion appartenant pour l&rsquo;essentiel \u00e0 l&rsquo;\u00e9tage montagnard (de 900 \u00e0 1 500 m\u00e8tres d&rsquo;altitude).<\/p>\n<p style=\"text-align: justify;\">Dans ce jardin, les plantes n&rsquo;ont pas \u00e9t\u00e9 group\u00e9es en fonction de leurs utilisations possibles, ni non plus selon leur appartenance \u00e0 telle ou telle famille botanique. Mais en revanche, nous avons tenu compte de leurs exigences concernant les conditions environnementales (sol, exposition etc\u2026) On trouve en effet dans ce jardin plusieurs situations bien diff\u00e9rentes ( pente s\u00e8che bien expos\u00e9e, zones humides, bords des eaux, boqueteaux etc\u2026) o\u00f9 ont \u00e9t\u00e9 implant\u00e9es les esp\u00e8ces adapt\u00e9es \u00e0 chacune de ces situations.<\/p>\n<p style=\"text-align: justify;\">La plupart des plantes sont plac\u00e9es dans de petites parcelles jardin\u00e9es, c&rsquo;est-\u00e0-dire exemptes de plantes \u00e9trang\u00e8res (baptis\u00e9es alors \u00ab\u00a0mauvaises herbes\u00a0\u00bb) pouvant les concurrencer. Mais il y a des exceptions certaines esp\u00e8ces tol\u00e9rant mal la \u00ab\u00a0solitude\u00a0\u00bb !<\/p>\n<p style=\"text-align: justify;\">L\u00e0 o\u00f9 il n&rsquo;y a pas de parcelles jardin\u00e9es ou non, et sur des \u00e9tendues plus ou moins grandes, subsiste la v\u00e9g\u00e9tation d&rsquo;origine constitu\u00e9e essentiellement de Gramin\u00e9es (ou Poac\u00e9es, les \u00ab\u00a0herbes\u00a0\u00bb) : ces \u00e9tendues sont alors trait\u00e9es soit comme un gazon, par des coupes fr\u00e9quentes, soit au contraire conserv\u00e9es telles quelles afin de pouvoir observer le cycle complet de la v\u00e9g\u00e9tation spontan\u00e9e du lieu.<\/p>\n<p style=\"text-align: justify;\">Dans les parcelles ou bien l\u00e0 o\u00f9 les plantes ont pu \u00eatre individualis\u00e9es, des \u00e9tiquettes sont plac\u00e9es permettant d&rsquo;identifier les esp\u00e8ces. Ces \u00e9tiquettes portent le nom fran\u00e7ais le plus courant, puis le nom scientifique (en latin et selon la nomenclature la plus r\u00e9cente) et enfin la famille botanique. En bas \u00e0 droite figure un num\u00e9ro qui renvoie au Guide du visiteur o\u00f9 toutes les plantes sont mentionn\u00e9es ainsi que divers renseignements utiles. On y trouve \u00e9galement des photos d&rsquo;un certain nombre de plantes. Ce Guide du visiteur (et ses additifs et corrections) est disponible \u00e0 la Halle fermi\u00e8re \u00e0 l&rsquo;entr\u00e9e du jardin.<\/p>\n<p style=\"text-align: right;\">Christian Grosclaude.<\/p>\nngg_shortcode_1_placeholder\nngg_shortcode_2_placeholder\n<p>&nbsp;<\/p>\n","protected":false},"excerpt":{"rendered":"<p>LE MAZET SAINT-VOY Altitude moyenne&nbsp;: 1 000 m &#8211; Population&nbsp;: 1&nbsp;150 habitants &nbsp; &nbsp; &nbsp; &nbsp; &nbsp; &nbsp; &nbsp;NOUS &nbsp;SITUER Habit\u00e9 d\u00e8s la pr\u00e9histoire comme en t\u00e9moignent divers vestiges (dolmens, menhirs, pierre \u00e0 cuvette, silex de la route de Surnette), son territoire domin\u00e9 par la ligne volcanique bleue du Lizieux est marqu\u00e9 par la culture [&hellip;]<\/p>\n","protected":false},"author":1,"featured_media":0,"parent":0,"menu_order":0,"comment_status":"closed","ping_status":"closed","template":"","meta":{"ngg_post_thumbnail":0,"footnotes":""},"class_list":["post-8","page","type-page","status-publish","hentry","entry"],"aioseo_notices":[],"jetpack_shortlink":"https:\/\/wp.me\/PadW9w-8","jetpack_sharing_enabled":true,"jetpack-related-posts":[{"id":613,"url":"https:\/\/mazet-st-voy.com\/?page_id=613","url_meta":{"origin":8,"position":0},"title":"Associations","author":"admin9404","date":"21 ao\u00fbt 2018","format":false,"excerpt":"LE COMIT\u00c9 D'ANIMATION La Varenne - 43520 Le Mazet-St-Voy Responsable : Alain RUEL La vie associative du Mazet-St-Voy est riche et ultra dynamique. Durant toute l'ann\u00e9e, les associations locales organisent des animations vari\u00e9es : concerts, expositions, repas festifs, spectacles, manifestations sportives... ANIMATIONS R\u00c9GULI\u00c8RES :\u00a0 La Foire du Terroir :\u00a0le premier\u2026","rel":"","context":"Article similaire","block_context":{"text":"Article similaire","link":""},"img":{"alt_text":"","src":"https:\/\/i0.wp.com\/mazet-st-voy.com\/wp-content\/uploads\/2018\/08\/vie-associative-mazet-st-voy.png?resize=350%2C200&ssl=1","width":350,"height":200,"srcset":"https:\/\/i0.wp.com\/mazet-st-voy.com\/wp-content\/uploads\/2018\/08\/vie-associative-mazet-st-voy.png?resize=350%2C200&ssl=1 1x, https:\/\/i0.wp.com\/mazet-st-voy.com\/wp-content\/uploads\/2018\/08\/vie-associative-mazet-st-voy.png?resize=525%2C300&ssl=1 1.5x, https:\/\/i0.wp.com\/mazet-st-voy.com\/wp-content\/uploads\/2018\/08\/vie-associative-mazet-st-voy.png?resize=700%2C400&ssl=1 2x, https:\/\/i0.wp.com\/mazet-st-voy.com\/wp-content\/uploads\/2018\/08\/vie-associative-mazet-st-voy.png?resize=1050%2C600&ssl=1 3x, https:\/\/i0.wp.com\/mazet-st-voy.com\/wp-content\/uploads\/2018\/08\/vie-associative-mazet-st-voy.png?resize=1400%2C800&ssl=1 4x"},"classes":[]},{"id":1061,"url":"https:\/\/mazet-st-voy.com\/?page_id=1061","url_meta":{"origin":8,"position":1},"title":"La Halle Fermi\u00e8re","author":"admin9404","date":"24 ao\u00fbt 2018","format":false,"excerpt":"LA HALLE FERMI\u00c8RE et OFFICE DU TOURISME Boutique de produits du terroir de Haute-Loire et artisanat local Tout le savoir-faire du territoire est repr\u00e9sent\u00e9 avec\u00a0: charcuteries, fromages, confitures, miels, liqueurs, vins, foie gras, escargots, autruches, ch\u00e2taignes, \u2026 ainsi que la poterie, la lave \u00e9maill\u00e9e, le cuir, le bois, la photographie,\u2026","rel":"","context":"Article similaire","block_context":{"text":"Article similaire","link":""},"img":{"alt_text":"","src":"","width":0,"height":0},"classes":[]},{"id":860,"url":"https:\/\/mazet-st-voy.com\/?page_id=860","url_meta":{"origin":8,"position":2},"title":"Communaut\u00e9 de Communes","author":"admin9404","date":"23 ao\u00fbt 2018","format":false,"excerpt":"COMMUNAUT\u00c9 DE COMMUNES DU HAUT-LIGNON Les communes de la communaut\u00e9 de communes du Haut Lignon sont\u00a0: Le Chambon- sur-Lignon, Le Mazet-Saint-Voy, Tence, Chenereilles, Saint- Jeures, Le Mas de Tence. Une communaut\u00e9 de communes est d\u00e9finie comme un \u00e9tablissement public de coop\u00e9ration intercommunale regroupant plusieurs communes d\u2019un seul tenant et sans\u2026","rel":"","context":"Article similaire","block_context":{"text":"Article similaire","link":""},"img":{"alt_text":"","src":"","width":0,"height":0},"classes":[]},{"id":92,"url":"https:\/\/mazet-st-voy.com\/","url_meta":{"origin":8,"position":3},"title":"Un territoire, un terroir&#8230;le bon-vivre ensemble","author":"admin9404","date":"16 ao\u00fbt 2018","format":false,"excerpt":"\" Le paysage qui s\u2019ouvre \u00e0 vous sur cette page Internet c\u2019est celui d\u2019une commune de moyenne montagne peupl\u00e9e aujourd\u2019hui de 1150 habitants. Elle est r\u00e9solument ouverte aux autres, tourn\u00e9e vers la modernit\u00e9 d\u00e8s lors que celle-ci se montre respectueuse de ses valeurs et de son environnement pr\u00e9serv\u00e9. L\u2019ensemble de\u2026","rel":"","context":"Article similaire","block_context":{"text":"Article similaire","link":""},"img":{"alt_text":"","src":"https:\/\/i0.wp.com\/mazet-st-voy.com\/wp-content\/uploads\/2018\/08\/visuel-accueil.jpg?resize=350%2C200&ssl=1","width":350,"height":200,"srcset":"https:\/\/i0.wp.com\/mazet-st-voy.com\/wp-content\/uploads\/2018\/08\/visuel-accueil.jpg?resize=350%2C200&ssl=1 1x, https:\/\/i0.wp.com\/mazet-st-voy.com\/wp-content\/uploads\/2018\/08\/visuel-accueil.jpg?resize=525%2C300&ssl=1 1.5x, https:\/\/i0.wp.com\/mazet-st-voy.com\/wp-content\/uploads\/2018\/08\/visuel-accueil.jpg?resize=700%2C400&ssl=1 2x, https:\/\/i0.wp.com\/mazet-st-voy.com\/wp-content\/uploads\/2018\/08\/visuel-accueil.jpg?resize=1050%2C600&ssl=1 3x, https:\/\/i0.wp.com\/mazet-st-voy.com\/wp-content\/uploads\/2018\/08\/visuel-accueil.jpg?resize=1400%2C800&ssl=1 4x"},"classes":[]},{"id":12,"url":"https:\/\/mazet-st-voy.com\/?page_id=12","url_meta":{"origin":8,"position":4},"title":"Agriculture","author":"admin9404","date":"16 ao\u00fbt 2018","format":false,"excerpt":"L'AGRICULTURE D'une production essentiellement laiti\u00e8re, l'activit\u00e9 agricole, encore bien vivante dans notre commune de 4502 hectares, a \u00e9volu\u00e9 pour adapter son offre \u00e0 la demande des consommateurs.\u00a0 Les exploitations se sont tourn\u00e9es vers la production de viande, les fruits rouges, le miel et la transformation fromag\u00e8re.\u00a0 Quelques unes pratiquent la\u2026","rel":"","context":"Article similaire","block_context":{"text":"Article similaire","link":""},"img":{"alt_text":"Rucher de St Voy","src":"https:\/\/i0.wp.com\/mazet-st-voy.com\/wp-content\/uploads\/2023\/05\/IMG-20230313-WA0005-copie.jpg?resize=350%2C200&ssl=1","width":350,"height":200,"srcset":"https:\/\/i0.wp.com\/mazet-st-voy.com\/wp-content\/uploads\/2023\/05\/IMG-20230313-WA0005-copie.jpg?resize=350%2C200&ssl=1 1x, https:\/\/i0.wp.com\/mazet-st-voy.com\/wp-content\/uploads\/2023\/05\/IMG-20230313-WA0005-copie.jpg?resize=525%2C300&ssl=1 1.5x, https:\/\/i0.wp.com\/mazet-st-voy.com\/wp-content\/uploads\/2023\/05\/IMG-20230313-WA0005-copie.jpg?resize=700%2C400&ssl=1 2x"},"classes":[]},{"id":1034,"url":"https:\/\/mazet-st-voy.com\/?page_id=1034","url_meta":{"origin":8,"position":5},"title":"L&rsquo;ESAT","author":"admin9404","date":"24 ao\u00fbt 2018","format":false,"excerpt":"L'ESAT L\u2019\u00e9tablissement \u00ab\u00a0les Amis Du Plateau\u00a0\u00bb a commenc\u00e9 son activit\u00e9 le 1er janvier 1997 avec pour mission principale l\u2019accompagnement pour l\u2019insertion professionnelle et sociale avec l\u2019acquisition d\u2019un maximum d\u2019autonomie, d\u2019adultes ayant des d\u00e9ficits l\u00e9gers ou moyens. Au d\u00e9but pr\u00e9vu pour 6 personnes, L'ADP g\u00e8re aujourd\u2019hui un ESAT de 24 places\u2026","rel":"","context":"Article similaire","block_context":{"text":"Article similaire","link":""},"img":{"alt_text":"","src":"https:\/\/i0.wp.com\/mazet-st-voy.com\/wp-content\/uploads\/2018\/09\/Les-Amis-du-Plateau-.png?resize=350%2C200&ssl=1","width":350,"height":200,"srcset":"https:\/\/i0.wp.com\/mazet-st-voy.com\/wp-content\/uploads\/2018\/09\/Les-Amis-du-Plateau-.png?resize=350%2C200&ssl=1 1x, https:\/\/i0.wp.com\/mazet-st-voy.com\/wp-content\/uploads\/2018\/09\/Les-Amis-du-Plateau-.png?resize=525%2C300&ssl=1 1.5x, https:\/\/i0.wp.com\/mazet-st-voy.com\/wp-content\/uploads\/2018\/09\/Les-Amis-du-Plateau-.png?resize=700%2C400&ssl=1 2x, https:\/\/i0.wp.com\/mazet-st-voy.com\/wp-content\/uploads\/2018\/09\/Les-Amis-du-Plateau-.png?resize=1050%2C600&ssl=1 3x, https:\/\/i0.wp.com\/mazet-st-voy.com\/wp-content\/uploads\/2018\/09\/Les-Amis-du-Plateau-.png?resize=1400%2C800&ssl=1 4x"},"classes":[]}],"_links":{"self":[{"href":"https:\/\/mazet-st-voy.com\/index.php?rest_route=\/wp\/v2\/pages\/8","targetHints":{"allow":["GET"]}}],"collection":[{"href":"https:\/\/mazet-st-voy.com\/index.php?rest_route=\/wp\/v2\/pages"}],"about":[{"href":"https:\/\/mazet-st-voy.com\/index.php?rest_route=\/wp\/v2\/types\/page"}],"author":[{"embeddable":true,"href":"https:\/\/mazet-st-voy.com\/index.php?rest_route=\/wp\/v2\/users\/1"}],"replies":[{"embeddable":true,"href":"https:\/\/mazet-st-voy.com\/index.php?rest_route=%2Fwp%2Fv2%2Fcomments&post=8"}],"version-history":[{"count":29,"href":"https:\/\/mazet-st-voy.com\/index.php?rest_route=\/wp\/v2\/pages\/8\/revisions"}],"predecessor-version":[{"id":1984,"href":"https:\/\/mazet-st-voy.com\/index.php?rest_route=\/wp\/v2\/pages\/8\/revisions\/1984"}],"wp:attachment":[{"href":"https:\/\/mazet-st-voy.com\/index.php?rest_route=%2Fwp%2Fv2%2Fmedia&parent=8"}],"curies":[{"name":"wp","href":"https:\/\/api.w.org\/{rel}","templated":true}]}}