{"id":92,"date":"2018-08-16T10:53:28","date_gmt":"2018-08-16T08:53:28","guid":{"rendered":"http:\/\/mazet-st-voy.com\/?page_id=92"},"modified":"2026-04-27T18:40:11","modified_gmt":"2026-04-27T16:40:11","slug":"accueil","status":"publish","type":"page","link":"https:\/\/mazet-st-voy.com\/","title":{"rendered":"Un territoire, un terroir&#8230;le bon-vivre ensemble"},"content":{"rendered":"<p style=\"text-align: justify; text-justify: inter-ideograph;\">\u00ab\u00a0La commune du Mazet Saint Voy compte 1183 habitants, Elle est situ\u00e9e \u00e0 1000m d\u2019altitude sur le plateau Vivarais-Lignon \u00e0 la porte du parc des Monts d\u2019Ard\u00e8che. C\u2019est une commune dynamique et accueillante, touristique et vivante. Le Mazet Saint Voy offre tous les services de proximit\u00e9 : Cr\u00e8che, \u00e9cole, associations, commerces et artisans, services de sant\u00e9. Des entreprises modernes et performantes y sont implant\u00e9es. L\u2019accueil des nouveaux habitants y est ouvert et saura vous s\u00e9duire.<\/p>\n<p>Au fil des saisons un choix vari\u00e9 d\u2019activit\u00e9s&nbsp;: le CALIBERT, salle culturelle de renom propose une saison culturelle vari\u00e9e&nbsp;: Concerts, expo, manifestations festives vantent la chaleur et la convivialit\u00e9 de ces hautes terres. La foire du TERROIR est un rendez-vous estival de toute la r\u00e9gion autour des produits locaux dont les fruits rouges, les produits de l\u2019\u00e9levage\u2026<\/p>\n<p>Les sportifs trouveront de quoi satisfaire leurs envies de trail, VTT, v\u00e9lo, p\u00eache \u00e0 la mouche. Le paysage changeant des saisons vous surprendra, depuis la vue sur les Alpes jusqu\u2019aux gorges du Lignon en passant par les \u00e9tendues d\u2019estive du plateau du M\u00e9zenc. Au c\u0153ur du village le jardin BOTANIQUE de montagne m\u00e9rite une pause.<\/p>\n<p>L\u2019histoire de la commune est marqu\u00e9 par le fait religieux depuis le XVI\u00e8me si\u00e8cle. La vie spirituelle y est vivante et les lieux de culte nombreux. Une visite de l\u2019\u00e9glise de St VOY du XI\u00e8me s\u2019impose. Vous pourrez aussi marcher sur les pas d\u2019Albert Camus au domaine de Panelier ou de Francis Ponge du c\u00f4t\u00e9 du hameau de Foumourette. &nbsp;Le Mazet St Voy une commune riche et complexe prenez le temps de la d\u00e9couvrir.\u00a0\u00bb<\/p>\n<p>&nbsp;<\/p>\n<p style=\"text-align: justify;\"><b style=\"font-size: 12pt;\">Thierry QUESADA<\/b><span style=\"font-weight: 600;\">. &nbsp;<\/span><b style=\"font-size: 12pt;\">&nbsp;<\/b><span style=\"color: #f20c59;\">le Maire<\/span><\/p>\n<p><img data-recalc-dims=\"1\" loading=\"lazy\" decoding=\"async\" class=\"alignnone size-full wp-image-1318\" src=\"https:\/\/i0.wp.com\/mazet-st-voy.com\/wp-content\/uploads\/2018\/08\/visuel-accueil.jpg?resize=1200%2C423&#038;ssl=1\" alt=\"\" width=\"1200\" height=\"423\" srcset=\"https:\/\/i0.wp.com\/mazet-st-voy.com\/wp-content\/uploads\/2018\/08\/visuel-accueil.jpg?w=1918&amp;ssl=1 1918w, https:\/\/i0.wp.com\/mazet-st-voy.com\/wp-content\/uploads\/2018\/08\/visuel-accueil.jpg?resize=300%2C106&amp;ssl=1 300w, https:\/\/i0.wp.com\/mazet-st-voy.com\/wp-content\/uploads\/2018\/08\/visuel-accueil.jpg?resize=768%2C271&amp;ssl=1 768w, https:\/\/i0.wp.com\/mazet-st-voy.com\/wp-content\/uploads\/2018\/08\/visuel-accueil.jpg?resize=1024%2C361&amp;ssl=1 1024w\" sizes=\"auto, (max-width: 1200px) 100vw, 1200px\" \/><\/p>\n<p>&nbsp;<\/p>\n<p style=\"text-align: center;\"><\/p>\n","protected":false},"excerpt":{"rendered":"<p>\u00ab\u00a0La commune du Mazet Saint Voy compte 1183 habitants, Elle est situ\u00e9e \u00e0 1000m d\u2019altitude sur le plateau Vivarais-Lignon \u00e0 la porte du parc des Monts d\u2019Ard\u00e8che. C\u2019est une commune dynamique et accueillante, touristique et vivante. Le Mazet Saint Voy offre tous les services de proximit\u00e9 : Cr\u00e8che, \u00e9cole, associations, commerces et artisans, services de [&hellip;]<\/p>\n","protected":false},"author":1,"featured_media":0,"parent":0,"menu_order":0,"comment_status":"closed","ping_status":"closed","template":"","meta":{"ngg_post_thumbnail":0,"footnotes":""},"class_list":["post-92","page","type-page","status-publish","hentry","entry"],"aioseo_notices":[],"jetpack_shortlink":"https:\/\/wp.me\/PadW9w-1u","jetpack_sharing_enabled":true,"jetpack-related-posts":[{"id":8,"url":"https:\/\/mazet-st-voy.com\/?page_id=8","url_meta":{"origin":92,"position":0},"title":"le Village et son territoire","author":"admin9404","date":"16 ao\u00fbt 2018","format":false,"excerpt":"LE MAZET SAINT-VOY Altitude moyenne : 1 000 m - Population : 1 183 habitants \u00a0 \u00a0 \u00a0 \u00a0 \u00a0 \u00a0 \u00a0NOUS \u00a0SITUER Habit\u00e9 d\u00e8s la pr\u00e9histoire comme en t\u00e9moignent divers vestiges (dolmens, menhirs, pierre \u00e0 cuvette, silex de la route de Surnette), son territoire domin\u00e9 par la ligne volcanique\u2026","rel":"","context":"Article similaire","block_context":{"text":"Article similaire","link":""},"img":{"alt_text":"","src":"","width":0,"height":0},"classes":[]},{"id":860,"url":"https:\/\/mazet-st-voy.com\/?page_id=860","url_meta":{"origin":92,"position":1},"title":"Communaut\u00e9 de Communes","author":"admin9404","date":"23 ao\u00fbt 2018","format":false,"excerpt":"COMMUNAUT\u00c9 DE COMMUNES DU HAUT-LIGNON Les communes de la communaut\u00e9 de communes du Haut Lignon sont\u00a0: Le Chambon- sur-Lignon, Le Mazet-Saint-Voy, Tence, Chenereilles, Saint- Jeures, Le Mas de Tence. Une communaut\u00e9 de communes est d\u00e9finie comme un \u00e9tablissement public de coop\u00e9ration intercommunale regroupant plusieurs communes d\u2019un seul tenant et sans\u2026","rel":"","context":"Article similaire","block_context":{"text":"Article similaire","link":""},"img":{"alt_text":"","src":"","width":0,"height":0},"classes":[]},{"id":1061,"url":"https:\/\/mazet-st-voy.com\/?page_id=1061","url_meta":{"origin":92,"position":2},"title":"La Halle Fermi\u00e8re","author":"admin9404","date":"24 ao\u00fbt 2018","format":false,"excerpt":"LA HALLE FERMI\u00c8RE et OFFICE DU TOURISME Boutique de produits du terroir de Haute-Loire et artisanat local Tout le savoir-faire du territoire est repr\u00e9sent\u00e9 avec\u00a0: charcuteries, fromages, confitures, miels, liqueurs, vins, foie gras, escargots, autruches, ch\u00e2taignes, \u2026 ainsi que la poterie, la lave \u00e9maill\u00e9e, le cuir, le bois, la photographie,\u2026","rel":"","context":"Article similaire","block_context":{"text":"Article similaire","link":""},"img":{"alt_text":"","src":"","width":0,"height":0},"classes":[]},{"id":12,"url":"https:\/\/mazet-st-voy.com\/?page_id=12","url_meta":{"origin":92,"position":3},"title":"Agriculture","author":"admin9404","date":"16 ao\u00fbt 2018","format":false,"excerpt":"L'AGRICULTURE D'une production essentiellement laiti\u00e8re, l'activit\u00e9 agricole, encore bien vivante dans notre commune de 4502 hectares, a \u00e9volu\u00e9 pour adapter son offre \u00e0 la demande des consommateurs.\u00a0 Les exploitations se sont tourn\u00e9es vers la production de viande, de fruits rouges, de miel, de l\u00e9gumes.\u00a0 Quelques unes pratiquent la vente directe.\u2026","rel":"","context":"Article similaire","block_context":{"text":"Article similaire","link":""},"img":{"alt_text":"Rucher de St Voy","src":"https:\/\/i0.wp.com\/mazet-st-voy.com\/wp-content\/uploads\/2023\/05\/IMG-20230313-WA0005-copie.jpg?resize=350%2C200&ssl=1","width":350,"height":200,"srcset":"https:\/\/i0.wp.com\/mazet-st-voy.com\/wp-content\/uploads\/2023\/05\/IMG-20230313-WA0005-copie.jpg?resize=350%2C200&ssl=1 1x, https:\/\/i0.wp.com\/mazet-st-voy.com\/wp-content\/uploads\/2023\/05\/IMG-20230313-WA0005-copie.jpg?resize=525%2C300&ssl=1 1.5x, https:\/\/i0.wp.com\/mazet-st-voy.com\/wp-content\/uploads\/2023\/05\/IMG-20230313-WA0005-copie.jpg?resize=700%2C400&ssl=1 2x"},"classes":[]},{"id":603,"url":"https:\/\/mazet-st-voy.com\/?page_id=603","url_meta":{"origin":92,"position":4},"title":"Biblioth\u00e8que","author":"admin9404","date":"21 ao\u00fbt 2018","format":false,"excerpt":"LA BIBLIOTH\u00c8QUE :\u00a0 La biblioth\u00e8que du Mazet, situ\u00e9e au dessus de la mairie, est ouverte :\u00a0 mercredi : 14 h - 18 h. jeudi : 10 h - 12 h. vendredi : 15 h - 18 h. samedi : 10 h - 12h. T\u00e9l.\u00a0: 04 71 65 09 10 FOND\u2026","rel":"","context":"Article similaire","block_context":{"text":"Article similaire","link":""},"img":{"alt_text":"","src":"https:\/\/i0.wp.com\/mazet-st-voy.com\/wp-content\/uploads\/2018\/12\/Petites-Histoires-Novembre-2018.jpg?resize=350%2C200&ssl=1","width":350,"height":200,"srcset":"https:\/\/i0.wp.com\/mazet-st-voy.com\/wp-content\/uploads\/2018\/12\/Petites-Histoires-Novembre-2018.jpg?resize=350%2C200&ssl=1 1x, https:\/\/i0.wp.com\/mazet-st-voy.com\/wp-content\/uploads\/2018\/12\/Petites-Histoires-Novembre-2018.jpg?resize=525%2C300&ssl=1 1.5x, https:\/\/i0.wp.com\/mazet-st-voy.com\/wp-content\/uploads\/2018\/12\/Petites-Histoires-Novembre-2018.jpg?resize=700%2C400&ssl=1 2x, https:\/\/i0.wp.com\/mazet-st-voy.com\/wp-content\/uploads\/2018\/12\/Petites-Histoires-Novembre-2018.jpg?resize=1050%2C600&ssl=1 3x, https:\/\/i0.wp.com\/mazet-st-voy.com\/wp-content\/uploads\/2018\/12\/Petites-Histoires-Novembre-2018.jpg?resize=1400%2C800&ssl=1 4x"},"classes":[]},{"id":2715,"url":"https:\/\/mazet-st-voy.com\/?page_id=2715","url_meta":{"origin":92,"position":5},"title":"Le Fil d&rsquo;actualit\u00e9 de Calibert en Sc\u00e8ne","author":"admin9404","date":"2 f\u00e9vrier 2021","format":false,"excerpt":"Ce vendredi, Najat Vallaud-Belkacem , ancienne ministre et candidate de la gauche aux prochaines \u00e9lections r\u00e9gionales \u00e9tait en visite sur notre r\u00e9gion et au Calibert. C\u2019est par la salle polyvalente du Calibert que la candidate socialiste terminait, agr\u00e9ablement surprise de la qualit\u00e9 technique de la r\u00e9alisation, des performances que constituent\u2026","rel":"","context":"Article similaire","block_context":{"text":"Article similaire","link":""},"img":{"alt_text":"","src":"https:\/\/i0.wp.com\/mazet-st-voy.com\/wp-content\/uploads\/2021\/03\/2021-Mars-formation-son-Calibert4-scaled.jpg?resize=350%2C200&ssl=1","width":350,"height":200,"srcset":"https:\/\/i0.wp.com\/mazet-st-voy.com\/wp-content\/uploads\/2021\/03\/2021-Mars-formation-son-Calibert4-scaled.jpg?resize=350%2C200&ssl=1 1x, https:\/\/i0.wp.com\/mazet-st-voy.com\/wp-content\/uploads\/2021\/03\/2021-Mars-formation-son-Calibert4-scaled.jpg?resize=525%2C300&ssl=1 1.5x, https:\/\/i0.wp.com\/mazet-st-voy.com\/wp-content\/uploads\/2021\/03\/2021-Mars-formation-son-Calibert4-scaled.jpg?resize=700%2C400&ssl=1 2x, https:\/\/i0.wp.com\/mazet-st-voy.com\/wp-content\/uploads\/2021\/03\/2021-Mars-formation-son-Calibert4-scaled.jpg?resize=1050%2C600&ssl=1 3x, https:\/\/i0.wp.com\/mazet-st-voy.com\/wp-content\/uploads\/2021\/03\/2021-Mars-formation-son-Calibert4-scaled.jpg?resize=1400%2C800&ssl=1 4x"},"classes":[]}],"_links":{"self":[{"href":"https:\/\/mazet-st-voy.com\/index.php?rest_route=\/wp\/v2\/pages\/92","targetHints":{"allow":["GET"]}}],"collection":[{"href":"https:\/\/mazet-st-voy.com\/index.php?rest_route=\/wp\/v2\/pages"}],"about":[{"href":"https:\/\/mazet-st-voy.com\/index.php?rest_route=\/wp\/v2\/types\/page"}],"author":[{"embeddable":true,"href":"https:\/\/mazet-st-voy.com\/index.php?rest_route=\/wp\/v2\/users\/1"}],"replies":[{"embeddable":true,"href":"https:\/\/mazet-st-voy.com\/index.php?rest_route=%2Fwp%2Fv2%2Fcomments&post=92"}],"version-history":[{"count":39,"href":"https:\/\/mazet-st-voy.com\/index.php?rest_route=\/wp\/v2\/pages\/92\/revisions"}],"predecessor-version":[{"id":3830,"href":"https:\/\/mazet-st-voy.com\/index.php?rest_route=\/wp\/v2\/pages\/92\/revisions\/3830"}],"wp:attachment":[{"href":"https:\/\/mazet-st-voy.com\/index.php?rest_route=%2Fwp%2Fv2%2Fmedia&parent=92"}],"curies":[{"name":"wp","href":"https:\/\/api.w.org\/{rel}","templated":true}]}}