{"id":976,"date":"2018-08-23T22:22:44","date_gmt":"2018-08-23T20:22:44","guid":{"rendered":"https:\/\/mazet-st-voy.com\/?page_id=976"},"modified":"2026-04-26T17:09:53","modified_gmt":"2026-04-26T15:09:53","slug":"976-2","status":"publish","type":"page","link":"https:\/\/mazet-st-voy.com\/?page_id=976","title":{"rendered":"Toutes nos publications"},"content":{"rendered":"<ul>\n<li><span style=\"text-decoration: underline;\"><span style=\"color: #f20c64; text-decoration: underline;\"><img data-recalc-dims=\"1\" loading=\"lazy\" decoding=\"async\" class=\"wp-image-1267 aligncenter\" src=\"https:\/\/i0.wp.com\/mazet-st-voy.com\/wp-content\/uploads\/2018\/08\/BM-OK.png?resize=720%2C701&#038;ssl=1\" alt=\"\" width=\"720\" height=\"701\" srcset=\"https:\/\/i0.wp.com\/mazet-st-voy.com\/wp-content\/uploads\/2018\/08\/BM-OK.png?w=1204&amp;ssl=1 1204w, https:\/\/i0.wp.com\/mazet-st-voy.com\/wp-content\/uploads\/2018\/08\/BM-OK.png?resize=300%2C292&amp;ssl=1 300w, https:\/\/i0.wp.com\/mazet-st-voy.com\/wp-content\/uploads\/2018\/08\/BM-OK.png?resize=768%2C748&amp;ssl=1 768w, https:\/\/i0.wp.com\/mazet-st-voy.com\/wp-content\/uploads\/2018\/08\/BM-OK.png?resize=1024%2C997&amp;ssl=1 1024w\" sizes=\"auto, (max-width: 720px) 100vw, 720px\" \/><\/span><\/span><\/li>\n<\/ul>\n<table style=\"border-collapse: collapse; width: 100%; height: 1722px;\" border=\"1\">\n<tbody>\n<tr style=\"height: 163px;\">\n<td style=\"width: 50%; height: 163px;\">\n<h1 style=\"text-align: center;\"><span style=\"text-decoration: underline; color: #d90966;\">BULLETINS MUNICIPAUX&nbsp;<\/span><\/h1>\n<\/td>\n<td style=\"width: 50%; height: 163px;\">\n<h1 style=\"text-align: center;\"><span style=\"text-decoration: underline; color: #d90966;\">COMPTES-RENDUS<\/span><\/h1>\n<\/td>\n<\/tr>\n<tr style=\"height: 1559px;\">\n<td style=\"width: 50%; height: 1559px;\">\n<ul>\n<li><a href=\"https:\/\/mazet-st-voy.com\/wp-content\/uploads\/2026\/02\/Bulletin-hiver-2025.pdf\">Bulletin hiver 2025<\/a><\/li>\n<li><a href=\"https:\/\/mazet-st-voy.com\/wp-content\/uploads\/2025\/08\/Bulletin-ete-2025.pdf\">Bulletin \u00e9t\u00e9 2025<\/a><\/li>\n<li><a href=\"https:\/\/mazet-st-voy.com\/wp-content\/uploads\/2025\/01\/Bulletin-Hiver-2024-BD.pdf\">Bulletin hiver 2024<\/a><\/li>\n<li><a href=\"https:\/\/mazet-st-voy.com\/wp-content\/uploads\/2024\/08\/Bulletin-ete-2024.pdf\">Bulletin \u00e9t\u00e9 2024<\/a><\/li>\n<li><a href=\"https:\/\/mazet-st-voy.com\/wp-content\/uploads\/2023\/12\/Bulletin-Hiver-2023.pdf\">Bulletin hiver 2023<\/a><\/li>\n<li><a href=\"https:\/\/mazet-st-voy.com\/wp-content\/uploads\/2023\/08\/BULLETIN.pdf\">Bulletin \u00e9t\u00e9 2023<\/a><\/li>\n<li><a href=\"https:\/\/mazet-st-voy.com\/wp-content\/uploads\/2023\/01\/Bulletin-Mazet-hiver-2022-optimized.pdf\">Bulletin hiver 2022<\/a><\/li>\n<li><a href=\"https:\/\/mazet-st-voy.com\/wp-content\/uploads\/2023\/01\/Bulletin-Mazet-ete-2022-optimized.pdf\">Bulletin \u00e9t\u00e9 2022<\/a><\/li>\n<li><a href=\"https:\/\/mazet-st-voy.com\/wp-content\/uploads\/2022\/01\/Bulletin-Mazet-hiver-2021.pdf\">Bulletin hiver 2021<\/a><\/li>\n<li><a href=\"https:\/\/mazet-st-voy.com\/wp-content\/uploads\/2021\/07\/Bulletin-Mazet-ete-2021-N65-compressed48.pdf.pdf\">Bulletin \u00e9t\u00e9 2021<\/a><\/li>\n<li><a href=\"https:\/\/mazet-st-voy.com\/wp-content\/uploads\/2021\/02\/Bulletin-hiver-2020.pdf\">Bulletin hiver 2020<\/a><\/li>\n<li><a href=\"https:\/\/mazet-st-voy.com\/wp-content\/uploads\/2020\/01\/Bulletin-hiver-2019.pdf\">Bulletin hiver 2019<\/a><\/li>\n<li><a href=\"https:\/\/mazet-st-voy.com\/wp-content\/uploads\/2019\/07\/Bulletin-\u00c9t\u00e9-2019.pdf\">Bulletin \u00e9t\u00e9 2019<\/a><\/li>\n<li><a href=\"https:\/\/mazet-st-voy.com\/wp-content\/uploads\/2019\/01\/Bulletin-hiver-2018.pdf\">Bulletin hiver 2018<\/a><\/li>\n<li><a href=\"https:\/\/mazet-st-voy.com\/wp-content\/uploads\/2018\/08\/BUL-MAZET-\u00e9t\u00e9-2018.pdf\" target=\"_blank\" rel=\"noopener noreferrer\">Bulletin \u00e9t\u00e9 2018<\/a><\/li>\n<li><a href=\"https:\/\/mazet-st-voy.com\/wp-content\/uploads\/2018\/08\/BUL-MAZET-hiver-2017.pdf\" target=\"_blank\" rel=\"noopener noreferrer\">Bulletin hiver 2017<\/a><\/li>\n<\/ul>\n<\/td>\n<td style=\"width: 50%; height: 1559px;\">&nbsp;<\/p>\n<ul style=\"list-style-type: disc;\">\n<li><a href=\"https:\/\/mazet-st-voy.com\/wp-content\/uploads\/2026\/04\/2026-20-Mars-2026-Compte-rendu-Conseil-Municipal-du-20-mars-2026.pdf\">Compte rendu Conseil Municipal du 20 Mars 2026<\/a><\/li>\n<li><a href=\"https:\/\/mazet-st-voy.com\/wp-content\/uploads\/2026\/04\/2026-11-Mars-2026-Compte-rendu-Conseil-Municipal-du-11-mars-2026.pdf\">Compte rendu Conseil Municipal du 11 Mars 2026<\/a><\/li>\n<li><a href=\"https:\/\/mazet-st-voy.com\/wp-content\/uploads\/2026\/03\/2026-21-janvier-2026-Compte-rendu-Conseil-Municial-du-21-janvier-2026.pdf\">Compte rendu Conseil Municipal 21 janvier 2026<\/a><\/li>\n<li><a href=\"https:\/\/mazet-st-voy.com\/wp-content\/uploads\/2026\/01\/2026-03-Janvier-2026-Compte-rendu-Conseil-Municipal-du-3-janvier-2026.pdf\">Compte rendu Conseil Municipal 3 janvier 2026<\/a><\/li>\n<li><a href=\"https:\/\/mazet-st-voy.com\/wp-content\/uploads\/2026\/01\/2025-20-Decembre-2025-Compte-rendu-conseil-municipal-du-20-decembre-2025.pdf\">Compte Rendu Conseil Municipal 20 d\u00e9cembre 2025<\/a><\/li>\n<li><a href=\"https:\/\/mazet-st-voy.com\/wp-content\/uploads\/2025\/12\/2025-27-Novembre-2025-Compte-rendu-Conseil-Municipal-du-27-novembre-25.pdf\">Compte Rendu Conseil municipal 27 Novembre 2025&nbsp;<\/a><\/li>\n<li><a href=\"https:\/\/mazet-st-voy.com\/wp-content\/uploads\/2025\/12\/2025-02-octobre-2025-compte-rendu-Conseil-Municipal-du-02-Octobre-2025.pdf\">Compte Rendu Conseil Municipal 02 Octobre 2025<\/a><\/li>\n<li><a href=\"https:\/\/mazet-st-voy.com\/wp-content\/uploads\/2025\/08\/2025-25-juin-2025-compte-rendu-Conseil-Municipal-du-25-juin-2025.pdf\">Compte Rendu Conseil Municipal 25 Juin 2025<\/a><\/li>\n<li><a href=\"https:\/\/mazet-st-voy.com\/wp-content\/uploads\/2025\/05\/2025-10-Avril-2025-compte-rendu-conseil-municipal-du-10-avril-2025.pdf\">Compte Rendu Conseil Municipal 10 Avril 2025<\/a><\/li>\n<li><a href=\"https:\/\/mazet-st-voy.com\/wp-content\/uploads\/2025\/04\/2025-13-Mars-2025-compte-rendu-conseil-municipal-du-13-mars-2025.pdf\">Compte Rendu Conseil Municipal 13 Mars 2025<\/a><\/li>\n<li><a href=\"https:\/\/mazet-st-voy.com\/wp-content\/uploads\/2025\/01\/2024-14-decembre-2024-compte-rendu-conseil-municipal-du-14-decembre-2024.pdf\">Compte Rendu Conseil Municipal 14 D\u00e9cembre 2024<\/a><\/li>\n<li><a href=\"https:\/\/mazet-st-voy.com\/wp-content\/uploads\/2025\/01\/2024-29-octobre-2024-compte-rendu-conseil-municipal-du-29-octobre-2024.pdf\">Compte rendu Conseil Municipal 29 Octobre 2024<\/a><\/li>\n<li><a href=\"https:\/\/mazet-st-voy.com\/wp-content\/uploads\/2024\/08\/2024-06-Aout-compte-rendu-conseil-municipal-du-06-aout-2024.pdf\">Compte rendu Conseil Municipal &nbsp;6 Ao\u00fbt 2024<\/a><\/li>\n<li><a href=\"https:\/\/mazet-st-voy.com\/wp-content\/uploads\/2024\/08\/2024-12-Juin-2024-compte-rendu-conseil-municipal-du-12-juin-2024.pdf\">Compte rendu Conseil Municipal 12 Juin 2024<\/a><\/li>\n<li><a href=\"https:\/\/mazet-st-voy.com\/wp-content\/uploads\/2024\/04\/2024-09-Avril-2024-compte-rendu-conseil-municipal-du-du-9-avril-2024.pdf\">Compte rendu Conseil Municipal 09 Avril 2024<\/a><\/li>\n<li><a href=\"https:\/\/mazet-st-voy.com\/wp-content\/uploads\/2024\/04\/2023-28-decembre-2023-compte-rendu-du-conseil-Municipal-28-decembre-2023.pdf\">Compte rendu Conseil Municipal 28 D\u00e9cembre 2023<\/a><\/li>\n<li><a href=\"https:\/\/mazet-st-voy.com\/wp-content\/uploads\/2023\/12\/2023-28-Novembre-2023-Compte-Rendu-du-Conseil-Municipal-28-Novembre-2023.pdf\">Compte rendu Conseil Municipal 28 Novembre 2023<\/a><\/li>\n<li><a href=\"https:\/\/mazet-st-voy.com\/wp-content\/uploads\/2023\/12\/2023-28-Septembre-2023-compte-rendu-conseil-municipal-du-28-Septembre-2023.pdf\">Compte rendu Conseil Municipal 28 Septembre 2023<\/a><\/li>\n<li><a href=\"https:\/\/mazet-st-voy.com\/wp-content\/uploads\/2023\/10\/2023-9-Juin-2023-compte-rendu-Conseil-municipal-du-9-juin-2023.pdf\">Compte rendu Conseil Municipal 09 Juin 2023<\/a><\/li>\n<li><a href=\"https:\/\/mazet-st-voy.com\/wp-content\/uploads\/2023\/05\/2023-14-Avril-2023-compte-rendu-conseil-municipal-du-14-Avril-2023.pdf\">Compte rendu Conseil Municipal 14 Avril 2023<\/a><\/li>\n<li><a href=\"https:\/\/mazet-st-voy.com\/wp-content\/uploads\/2023\/04\/2023-31-Mars-2023-compte-rendu-conseil-municipal-du-31-Mars-2023.pdf\">Compte rendu Conseil Municipal 31 Mars 2023<\/a><\/li>\n<li><a href=\"https:\/\/mazet-st-voy.com\/wp-content\/uploads\/2023\/01\/2022-22-Decembre-2022-Conseil-Municipal-du-22-Decembre-2022.pdf\">Compte rendu Conseil Municipal 22 d\u00e9cembre 2022<\/a><\/li>\n<li><a href=\"https:\/\/mazet-st-voy.com\/wp-content\/uploads\/2022\/11\/2022-28-Octobre-2022-compte-rendu-Conseil-municipal-du-28-octobre-2022.pdf\">Compte rendu Conseil Municipal 28 Octobre 2022<\/a><\/li>\n<li><a href=\"https:\/\/mazet-st-voy.com\/wp-content\/uploads\/2022\/10\/2022-23-Septembre-2022-Conseil-Municipal-du-23-Spetembre-2022.pdf\">Compte Rendu Conseil Municipal 23 Septembre 2022<\/a><\/li>\n<li><a href=\"https:\/\/mazet-st-voy.com\/wp-content\/uploads\/2022\/11\/2022-10-Juin-2022-Conseil-Municipal-10-juin-2022.pdf\">Compte Rendu Conseil Municipal 10 Juin 2022<\/a><\/li>\n<li><a href=\"https:\/\/mazet-st-voy.com\/wp-content\/uploads\/2022\/05\/2022-05-Avril-compte-rendu-du-Conseil-Municipal-du-05-Avril-2022.pdf\">Compte rendu Conseil Municipal &nbsp;05 Avril 2022<\/a><\/li>\n<li><a href=\"https:\/\/mazet-st-voy.com\/wp-content\/uploads\/2022\/03\/2022-27-Janvier-2022-compte-rendu-CM-du-27-Janvier-2022.pdf\">Compte rendu Conseil Municipal 27 Janvier 2022<\/a><\/li>\n<li><a href=\"https:\/\/mazet-st-voy.com\/wp-content\/uploads\/2022\/02\/2021-25-Novembre-2021-Compte-Rendu-Conseil-Municipal-25-Novembre-2021.pdf\">Compte rendu Conseil Municipal 25 Novembre 2021<\/a><\/li>\n<li><a href=\"https:\/\/mazet-st-voy.com\/wp-content\/uploads\/2022\/01\/2021-10-06-Octobre-2021-Compte-rendu-conseil-Municipal-06-Octobre-2021.pdf\">Compte Rendu Conseil Municipal 06 Octobre 2021<\/a><\/li>\n<li><a href=\"https:\/\/mazet-st-voy.com\/wp-content\/uploads\/2022\/01\/2021-4-Aout-2021-Compte-rendu-du-conseil-municipal-04-Aout-2021.pdf\">Compte Rendu Conseil Municipal 04 Ao\u00fbt 2021<\/a><\/li>\n<li><a href=\"https:\/\/mazet-st-voy.com\/wp-content\/uploads\/2022\/01\/2021-16-Juin-Conseil-municipal-du-16-juin-2021.pdf\">Compte Rendu Conseil Municipal 16 Juin 2021<\/a><\/li>\n<li><a href=\"https:\/\/mazet-st-voy.com\/wp-content\/uploads\/2021\/04\/Compte-rendu-conseil-Municipal-7-avril-2021-Presse.pdf\">Compte Rendu Conseil Municipal 7 Avril 2021<\/a><\/li>\n<li><a href=\"https:\/\/mazet-st-voy.com\/wp-content\/uploads\/2021\/02\/Compte-Rendu-Conseil-Municipal-28-D\u00e9cembre-2020.pdf\">Compte Rendu Conseil Municipal 28 D\u00e9cembre 2020<\/a><\/li>\n<li><a href=\"https:\/\/mazet-st-voy.com\/wp-content\/uploads\/2021\/02\/Compte-Rendu-Conseil-Municipal-27-novembre-2020-.pdf\">Compte Rendu Conseil Municipal 27 Novembre 2020<\/a><\/li>\n<li><a href=\"https:\/\/mazet-st-voy.com\/wp-content\/uploads\/2021\/02\/Compte-Rendu-Conseil-Municipal-25-Septembre-2020-.pdf\">Compte Rendu Conseil Municipal 25 Septembre 2020<\/a><\/li>\n<li><a href=\"https:\/\/mazet-st-voy.com\/wp-content\/uploads\/2021\/02\/Conseil-Municipal-12-juin-2020.pdf\">Compte Rendu Conseil Municipal 12 Juin 2020<\/a><\/li>\n<li><a href=\"https:\/\/mazet-st-voy.com\/wp-content\/uploads\/2021\/02\/Compte-Rendu-Conseil-Municipal-27-mai-2020.pdf\">Compte-Rendu Conseil Municipal 27 mai 2020<\/a><\/li>\n<li><a href=\"https:\/\/mazet-st-voy.com\/wp-content\/uploads\/2021\/02\/Compte-rendu-conseil-27-dec-2019-Presse.pdf\">Compte-Rendu Conseil Municipal 27 d\u00e9cembre 2019<\/a><\/li>\n<li><a href=\"https:\/\/mazet-st-voy.com\/wp-content\/uploads\/2020\/01\/Conseil-municipal-du-28-novembre-2019.pdf\">Compte-Rendu Conseil Municipal 28 novembre 2019<\/a><\/li>\n<li><a href=\"https:\/\/mazet-st-voy.com\/wp-content\/uploads\/2020\/01\/Compte-rendu-conseil-4-oct-2019-.pdf\">Compte-Rendu Conseil Municipal 4 octobre 2019<\/a><\/li>\n<li><a href=\"https:\/\/mazet-st-voy.com\/wp-content\/uploads\/2020\/01\/Conseil-municipal-08-aout-2019.pdf\">Compte-Rendu Conseil Municipal 8 ao\u00fbt 2019<\/a><\/li>\n<li><a href=\"https:\/\/mazet-st-voy.com\/wp-content\/uploads\/2021\/02\/Compte-Rendu-Conseil-Municipal-20-juin-2019.pdf\">Compte-Rendu Conseil Municipal 20 juin 2019<\/a><\/li>\n<li><a href=\"https:\/\/mazet-st-voy.com\/wp-content\/uploads\/2019\/05\/Compte-Rendu-Conseil-Municipal-12-avril-2019-.pdf\">Compte-Rendu Conseil Municipal 12 avril 2019<\/a><\/li>\n<li><a href=\"https:\/\/mazet-st-voy.com\/wp-content\/uploads\/2019\/04\/Compte-Rendu-Conseil-Municipal-21-f\u00e9vrier-20192.pdf\">Compte-Rendu Conseil Municipal du 21 f\u00e9vrier 2019<\/a><\/li>\n<li><a href=\"https:\/\/mazet-st-voy.com\/wp-content\/uploads\/2019\/02\/Compte-Rendu-Conseil-municipal-du-25-janvier-2019.pdf\">Compte-Rendu Conseil municipal du 25 janvier 2019<\/a><\/li>\n<li><a href=\"https:\/\/mazet-st-voy.com\/wp-content\/uploads\/2019\/01\/Compte-Rendu-Conseil-Municipal-21-d\u00e9cembre-2018-.pdf\">Compte-Rendu Conseil Municipal 21 d\u00e9cembre 2018<\/a><\/li>\n<li><a href=\"https:\/\/mazet-st-voy.com\/wp-content\/uploads\/2018\/12\/Compte-rendu-du-Conseil-municipal-16-novembre-2018.pdf\">Compte-rendu du Conseil municipal 16 novembre 2018<\/a><\/li>\n<li><a href=\"https:\/\/mazet-st-voy.com\/wp-content\/uploads\/2018\/09\/conseil-municipal-15-juin-2018.pdf\">Compte-rendu du Conseil municipal 15 juin 2018<\/a><\/li>\n<li><a href=\"https:\/\/mazet-st-voy.com\/wp-content\/uploads\/2018\/08\/Compte-rendu-du-conseil-municipal-du-08-mars-2018.pdf\">Compte-rendu du Conseil municipal de 08 mars 2018<\/a><\/li>\n<\/ul>\n<\/td>\n<\/tr>\n<\/tbody>\n<\/table>\n","protected":false},"excerpt":{"rendered":"<p>BULLETINS MUNICIPAUX&nbsp; COMPTES-RENDUS Bulletin hiver 2025 Bulletin \u00e9t\u00e9 2025 Bulletin hiver 2024 Bulletin \u00e9t\u00e9 2024 Bulletin hiver 2023 Bulletin \u00e9t\u00e9 2023 Bulletin hiver 2022 Bulletin \u00e9t\u00e9 2022 Bulletin hiver 2021 Bulletin \u00e9t\u00e9 2021 Bulletin hiver 2020 Bulletin hiver 2019 Bulletin \u00e9t\u00e9 2019 Bulletin hiver 2018 Bulletin \u00e9t\u00e9 2018 Bulletin hiver 2017 &nbsp; Compte rendu Conseil [&hellip;]<\/p>\n","protected":false},"author":1,"featured_media":0,"parent":0,"menu_order":0,"comment_status":"closed","ping_status":"closed","template":"","meta":{"ngg_post_thumbnail":0,"footnotes":""},"class_list":["post-976","page","type-page","status-publish","hentry","entry"],"aioseo_notices":[],"jetpack_shortlink":"https:\/\/wp.me\/PadW9w-fK","jetpack_sharing_enabled":true,"jetpack-related-posts":[{"id":1467,"url":"https:\/\/mazet-st-voy.com\/?page_id=1467","url_meta":{"origin":976,"position":0},"title":"\u00c9quipements et Services municipaux, communaux","author":"admin9404","date":"31 ao\u00fbt 2018","format":false,"excerpt":"","rel":"","context":"Article similaire","block_context":{"text":"Article similaire","link":""},"img":{"alt_text":"","src":"","width":0,"height":0},"classes":[]},{"id":2715,"url":"https:\/\/mazet-st-voy.com\/?page_id=2715","url_meta":{"origin":976,"position":1},"title":"Le Fil d&rsquo;actualit\u00e9 de Calibert en Sc\u00e8ne","author":"admin9404","date":"2 f\u00e9vrier 2021","format":false,"excerpt":"Ce vendredi, Najat Vallaud-Belkacem , ancienne ministre et candidate de la gauche aux prochaines \u00e9lections r\u00e9gionales \u00e9tait en visite sur notre r\u00e9gion et au Calibert. C\u2019est par la salle polyvalente du Calibert que la candidate socialiste terminait, agr\u00e9ablement surprise de la qualit\u00e9 technique de la r\u00e9alisation, des performances que constituent\u2026","rel":"","context":"Article similaire","block_context":{"text":"Article similaire","link":""},"img":{"alt_text":"","src":"https:\/\/i0.wp.com\/mazet-st-voy.com\/wp-content\/uploads\/2021\/03\/2021-Mars-formation-son-Calibert4-scaled.jpg?resize=350%2C200&ssl=1","width":350,"height":200,"srcset":"https:\/\/i0.wp.com\/mazet-st-voy.com\/wp-content\/uploads\/2021\/03\/2021-Mars-formation-son-Calibert4-scaled.jpg?resize=350%2C200&ssl=1 1x, https:\/\/i0.wp.com\/mazet-st-voy.com\/wp-content\/uploads\/2021\/03\/2021-Mars-formation-son-Calibert4-scaled.jpg?resize=525%2C300&ssl=1 1.5x, https:\/\/i0.wp.com\/mazet-st-voy.com\/wp-content\/uploads\/2021\/03\/2021-Mars-formation-son-Calibert4-scaled.jpg?resize=700%2C400&ssl=1 2x, https:\/\/i0.wp.com\/mazet-st-voy.com\/wp-content\/uploads\/2021\/03\/2021-Mars-formation-son-Calibert4-scaled.jpg?resize=1050%2C600&ssl=1 3x, https:\/\/i0.wp.com\/mazet-st-voy.com\/wp-content\/uploads\/2021\/03\/2021-Mars-formation-son-Calibert4-scaled.jpg?resize=1400%2C800&ssl=1 4x"},"classes":[]},{"id":8,"url":"https:\/\/mazet-st-voy.com\/?page_id=8","url_meta":{"origin":976,"position":2},"title":"le Village et son territoire","author":"admin9404","date":"16 ao\u00fbt 2018","format":false,"excerpt":"LE MAZET SAINT-VOY Altitude moyenne\u00a0: 1 000 m - Population\u00a0: 1\u00a0150 habitants \u00a0 \u00a0 \u00a0 \u00a0 \u00a0 \u00a0 \u00a0NOUS \u00a0SITUER Habit\u00e9 d\u00e8s la pr\u00e9histoire comme en t\u00e9moignent divers vestiges (dolmens, menhirs, pierre \u00e0 cuvette, silex de la route de Surnette), son territoire domin\u00e9 par la ligne volcanique bleue du Lizieux\u2026","rel":"","context":"Article similaire","block_context":{"text":"Article similaire","link":""},"img":{"alt_text":"","src":"","width":0,"height":0},"classes":[]},{"id":697,"url":"https:\/\/mazet-st-voy.com\/?page_id=697","url_meta":{"origin":976,"position":3},"title":"Mentions l\u00e9gales &#038; Politique de confidentialit\u00e9","author":"admin9404","date":"21 ao\u00fbt 2018","format":false,"excerpt":"MENTIONS L\u00c9GALES Ce site est \u00e9dit\u00e9 par la mairie du Mazet-St-Voy. Mairie du Mazet-St-Voy 1, Place de la Mairie 43520 le Mazet-St-Voy Tel. : 04 71 65 01 09 Fax. : 04 71 65 07 38 mairie@mazet-st-voy.com Directeur de la publication : Bernard COTTE, le Maire CONCEPTION ET H\u00c9B\u00c9RGEMENT DU\u2026","rel":"","context":"Article similaire","block_context":{"text":"Article similaire","link":""},"img":{"alt_text":"","src":"","width":0,"height":0},"classes":[]},{"id":1221,"url":"https:\/\/mazet-st-voy.com\/?page_id=1221","url_meta":{"origin":976,"position":4},"title":"D\u00e9marches administratives","author":"admin9404","date":"27 ao\u00fbt 2018","format":false,"excerpt":"\u00a0 D\u00c9MARCHES ADMINISTRATIVES\u00a0 Pour toutes vos d\u00e9marches administratives (carte d'identit\u00e9, carte grise, permis....) consultez le site du service public.\u00a0 Cadastre : cadastre.gouv.fr Pour en savoir davantage sur les diff\u00e9rentes r\u00e9glementations (cueillette, eau, chasse, esp\u00e8ces prot\u00e9g\u00e9es...) :\u00a0 www.haute-loire.gouv.fr","rel":"","context":"Article similaire","block_context":{"text":"Article similaire","link":""},"img":{"alt_text":"","src":"","width":0,"height":0},"classes":[]},{"id":1069,"url":"https:\/\/mazet-st-voy.com\/?page_id=1069","url_meta":{"origin":976,"position":5},"title":"Le Jardin Botanique et Mus\u00e9e des outils agricoles anciens","author":"admin9404","date":"24 ao\u00fbt 2018","format":false,"excerpt":"LE JARDIN BOTANIQUE et MUS\u00c9E DES OUTILS AGRICOLES ANCIENS\u00a0 Acc\u00e8s par : Place des droits de l\u2019Homme \u00e0 c\u00f4t\u00e9 de la Halle Fermi\u00e8re. Pour tous et gratuit. C\u2019est en 1987 qu\u2019a \u00e9t\u00e9 cr\u00e9\u00e9 le Jardin botanique, sur un terrain communal inutilis\u00e9 de 1,7 hectare. Ce terrain situ\u00e9 au centre du\u2026","rel":"","context":"Article similaire","block_context":{"text":"Article similaire","link":""},"img":{"alt_text":"","src":"","width":0,"height":0},"classes":[]}],"_links":{"self":[{"href":"https:\/\/mazet-st-voy.com\/index.php?rest_route=\/wp\/v2\/pages\/976","targetHints":{"allow":["GET"]}}],"collection":[{"href":"https:\/\/mazet-st-voy.com\/index.php?rest_route=\/wp\/v2\/pages"}],"about":[{"href":"https:\/\/mazet-st-voy.com\/index.php?rest_route=\/wp\/v2\/types\/page"}],"author":[{"embeddable":true,"href":"https:\/\/mazet-st-voy.com\/index.php?rest_route=\/wp\/v2\/users\/1"}],"replies":[{"embeddable":true,"href":"https:\/\/mazet-st-voy.com\/index.php?rest_route=%2Fwp%2Fv2%2Fcomments&post=976"}],"version-history":[{"count":106,"href":"https:\/\/mazet-st-voy.com\/index.php?rest_route=\/wp\/v2\/pages\/976\/revisions"}],"predecessor-version":[{"id":3824,"href":"https:\/\/mazet-st-voy.com\/index.php?rest_route=\/wp\/v2\/pages\/976\/revisions\/3824"}],"wp:attachment":[{"href":"https:\/\/mazet-st-voy.com\/index.php?rest_route=%2Fwp%2Fv2%2Fmedia&parent=976"}],"curies":[{"name":"wp","href":"https:\/\/api.w.org\/{rel}","templated":true}]}}